{"id":98,"date":"2020-08-08T12:13:05","date_gmt":"2020-08-08T11:13:05","guid":{"rendered":"https:\/\/georgemanus-books.com\/?post_type=product&#038;p=98"},"modified":"2024-01-23T16:38:08","modified_gmt":"2024-01-23T15:38:08","slug":"words-for-the-road-vii","status":"publish","type":"product","link":"https:\/\/georgemanus-books.com\/nb\/produkt\/words-for-the-road-vii\/","title":{"rendered":"Ord med p\u00e5 veien VII"},"content":{"rendered":"<p><em>\u2013 100 korte refleksjoner og ordspill.<\/em><\/p>\n<p>Denne ORD MED P\u00c5 VEIEN VII, det syvende i rekken, er dedikert til \u00abDelm\u00e5let\u00bb og gitt samme undertittel som de andre: 100 korte refleksjoner og ordspill. Alle mine ord med p\u00e5 veien, som n\u00e5 har n\u00e5dd 700, er uttrykk for mine spontane meninger og tanker da de ble satt p\u00e5 papiret.<\/p>\n<p>Noen av dem vil leseren finne \u00e5penbare mens andre kunne v\u00e6rt formet annerledes eller ikke tatt med i det hele tatt. Men, innimellom er det forh\u00e5pentligvis en og annen som man tar til underretning, eller som gir en ettertanke. Hvis det er tilfelle, er min hensikt med dem oppn\u00e5dd. Refleksjonen \u00abDelm\u00e5let\u00bb, som jeg skrev i 1995, og som er sakset fra boken REFLEKSJONER I, dreier seg om golf, men er etter min mening like gyldig n\u00e5r det gjelder andre m\u00e5l.<\/p>\n<p>Uttrykket: \u00abDet er ikke m\u00e5let som teller, men prosessen\u00bb gjelder ogs\u00e5 her. Den er gjengitt fra side 16. Som i de tidligere ORD FOR VEIEN presenteres innholdsfortegnelsen i alfabetisk rekkef\u00f8lge b\u00e5de p\u00e5 engelsk og norsk. I boka kommer de engelske f\u00f8rst, med de korresponderende norske ved siden av. Hvis du har f\u00f8lelsen av at du har h\u00f8rt noen av dem f\u00f8r, garanterer jeg at det aldri har v\u00e6rt min tanke og plagiere.\n- Paperback, 84 sider<\/p>\n<p><a href=\"https:\/\/www.amazon.co.uk\/Words-Road-VII-short-reflections\/dp\/8743016006\/ref=pd_rhf_dp_p_img_1?_encoding=UTF8&amp;amp;psc=1&amp;amp;refRID=4R4MM3JRB7C51N6PDF3E\" target=\"_blank\" rel=\"noopener\"><img loading=\"lazy\" decoding=\"async\" class=\"alignnone wp-image-135 size-full\" src=\"https:\/\/georgemanus-books.com\/wp-content\/uploads\/2023\/12\/MM-buy-on-amazon-125.jpg\" alt=\"\" width=\"125\" height=\"39\" srcset=\"https:\/\/georgemanus-books.com\/wp-content\/uploads\/2023\/12\/MM-buy-on-amazon-125.jpg 125w, https:\/\/georgemanus-books.com\/wp-content\/uploads\/2023\/12\/MM-buy-on-amazon-125-18x6.jpg 18w\" sizes=\"auto, (max-width: 125px) 100vw, 125px\" \/><\/a><a href=\"https:\/\/www.ebay.co.uk\/itm\/En-Kvinnes-mange-flyttinger-Manus-George-9788771883411-Fast-Free-Shipping\/313010978972?hash=item48e0e8809c:g:qXcAAOSwZKJeVppl\" target=\"_blank\" rel=\"noopener\">\u00a0\u00a0\u00a0\u00a0 <\/a><a href=\"https:\/\/www.ebay.co.uk\/itm\/Words-for-the-Road-Vii-by-George-Manus-English-Paperback-Book-Free-Shipping\/383823140772?hash=item595da457a4:g:tbQAAOSwdstfukQA\" target=\"_blank\" rel=\"noopener\"><img loading=\"lazy\" decoding=\"async\" class=\"alignnone wp-image-138 size-full\" src=\"https:\/\/georgemanus-books.com\/wp-content\/uploads\/2023\/12\/MM-buy-on-ebay-125.jpg\" alt=\"\" width=\"125\" height=\"39\" srcset=\"https:\/\/georgemanus-books.com\/wp-content\/uploads\/2023\/12\/MM-buy-on-ebay-125.jpg 125w, https:\/\/georgemanus-books.com\/wp-content\/uploads\/2023\/12\/MM-buy-on-ebay-125-18x6.jpg 18w\" sizes=\"auto, (max-width: 125px) 100vw, 125px\" \/><\/a><a href=\"https:\/\/books.apple.com\/us\/book\/a-woman-s-many-migrations\/id1277639866?mt=11&amp;app=itunes\" target=\"_blank\" rel=\"noopener\">\u00a0\u00a0\u00a0\u00a0 <\/a><a href=\"https:\/\/books.apple.com\/us\/book\/words-for-the-road-vii\/id1538812018\" target=\"_blank\" rel=\"noopener\"><img loading=\"lazy\" decoding=\"async\" class=\"alignnone wp-image-136 size-full\" src=\"https:\/\/georgemanus-books.com\/wp-content\/uploads\/2023\/12\/MM-buy-on-apple-125.jpg\" alt=\"\" width=\"125\" height=\"39\" srcset=\"https:\/\/georgemanus-books.com\/wp-content\/uploads\/2023\/12\/MM-buy-on-apple-125.jpg 125w, https:\/\/georgemanus-books.com\/wp-content\/uploads\/2023\/12\/MM-buy-on-apple-125-18x6.jpg 18w\" sizes=\"auto, (max-width: 125px) 100vw, 125px\" \/><\/a> \u00a0 \u00a0 <a href=\"https:\/\/www.bod.dk\/bogshop\/words-for-the-road-vii-george-manus-9788743028468\" target=\"_blank\" rel=\"noopener\"><img loading=\"lazy\" decoding=\"async\" class=\"alignnone wp-image-137 size-full\" src=\"https:\/\/georgemanus-books.com\/wp-content\/uploads\/2023\/12\/MM-buy-on-BOD-125.jpg\" alt=\"\" width=\"125\" height=\"39\" srcset=\"https:\/\/georgemanus-books.com\/wp-content\/uploads\/2023\/12\/MM-buy-on-BOD-125.jpg 125w, https:\/\/georgemanus-books.com\/wp-content\/uploads\/2023\/12\/MM-buy-on-BOD-125-18x6.jpg 18w\" sizes=\"auto, (max-width: 125px) 100vw, 125px\" \/><\/a><\/p>\n<p><span class=\"a-list-item\"><span class=\"a-text-bold\">*Boken vil kunne skaffes av alle bokhandlere med henvisning til det internasjonale ISBN nummeret, eller man kan google ISBN nummeret.<\/span><\/span><\/p>\n<p><span class=\"a-list-item\"><span class=\"a-text-bold\">ISBN: <\/span><\/span>9788743028468<\/p>\n<div id=\"row-394977506\" class=\"row row-collapse\">\n<div id=\"col-1950678423\" class=\"col medium-3 small-12 large-3\">\n<div class=\"col-inner\">\n<div id=\"image_289358171\" class=\"img has-hover x md-x lg-x y md-y lg-y\">\n<p class=\"p1\">08-10-2020<\/p>\n<p>E-bok ISBN: 9788743064459<\/p>\n<\/div>\n<\/div>\n<\/div>\n<div id=\"col-1032712211\" class=\"col medium-3 small-12 large-3\">\n<div class=\"col-inner\">\n<div id=\"image_1711740718\" class=\"img has-hover x md-x lg-x y md-y lg-y\">\n<div class=\"img-inner dark\"><\/div>\n<\/div>\n<\/div>\n<\/div>\n<\/div>\n<div id=\"gap-750593421\" class=\"gap-element clearfix\"><\/div>\n<p>&nbsp;<\/p>\n<p>&nbsp;<\/p>","protected":false},"excerpt":{"rendered":"<h5><strong><em>\u2013 100 korte refleksjoner og ordspill.<\/em><\/strong><\/h5>\n<p>Denne ORD MED P\u00c5 VEIEN VII, det syvende i rekken, er dedikert til \u00abDelm\u00e5let\u00bb og gitt samme undertittel som de andre: 100 korte refleksjoner og ordspill. Alle mine ord med p\u00e5 veien, som n\u00e5 har n\u00e5dd 700, er uttrykk for mine spontane meninger og tanker da de ble satt p\u00e5 papiret.<\/p>","protected":false},"featured_media":130,"comment_status":"closed","ping_status":"closed","template":"","meta":[],"product_brand":[],"product_cat":[18],"product_tag":[],"class_list":{"0":"post-98","1":"product","2":"type-product","3":"status-publish","4":"has-post-thumbnail","6":"product_cat-george-manus","8":"first","9":"instock","10":"shipping-taxable","11":"product-type-simple"},"_links":{"self":[{"href":"https:\/\/georgemanus-books.com\/nb\/wp-json\/wp\/v2\/product\/98","targetHints":{"allow":["GET"]}}],"collection":[{"href":"https:\/\/georgemanus-books.com\/nb\/wp-json\/wp\/v2\/product"}],"about":[{"href":"https:\/\/georgemanus-books.com\/nb\/wp-json\/wp\/v2\/types\/product"}],"replies":[{"embeddable":true,"href":"https:\/\/georgemanus-books.com\/nb\/wp-json\/wp\/v2\/comments?post=98"}],"wp:featuredmedia":[{"embeddable":true,"href":"https:\/\/georgemanus-books.com\/nb\/wp-json\/wp\/v2\/media\/130"}],"wp:attachment":[{"href":"https:\/\/georgemanus-books.com\/nb\/wp-json\/wp\/v2\/media?parent=98"}],"wp:term":[{"taxonomy":"product_brand","embeddable":true,"href":"https:\/\/georgemanus-books.com\/nb\/wp-json\/wp\/v2\/product_brand?post=98"},{"taxonomy":"product_cat","embeddable":true,"href":"https:\/\/georgemanus-books.com\/nb\/wp-json\/wp\/v2\/product_cat?post=98"},{"taxonomy":"product_tag","embeddable":true,"href":"https:\/\/georgemanus-books.com\/nb\/wp-json\/wp\/v2\/product_tag?post=98"}],"curies":[{"name":"wp","href":"https:\/\/api.w.org\/{rel}","templated":true}]}}