{"id":97,"date":"2020-07-08T12:12:16","date_gmt":"2020-07-08T11:12:16","guid":{"rendered":"https:\/\/georgemanus-books.com\/?post_type=product&#038;p=97"},"modified":"2024-01-23T16:39:43","modified_gmt":"2024-01-23T15:39:43","slug":"words-for-the-road-vi","status":"publish","type":"product","link":"https:\/\/georgemanus-books.com\/nb\/produkt\/words-for-the-road-vi\/","title":{"rendered":"Ord med p\u00e5 veien VI"},"content":{"rendered":"<p><em>\u2013 100 korte refleksjoner og ordspill.<\/em><\/p>\n<p>Denne ORD FOR VEIEN VI, det sjette i rekken, har jeg dedikert til \u2018Meninger\u2019 og gitt undertittelen: 100 korte refleksjoner og ordspill. Med disse er totalen n\u00e5 blitt 600. Alle ord med p\u00e5 veien er uttrykk for mine spontane meninger og tanker da de ble satt p\u00e5 papiret. Noen av dem vil leseren finne innlysende mens andre kunne v\u00e6rt utformet annerledes eller ikke bli tatt med i det hele tatt. Men, fra tid til annen er det forh\u00e5pentligvis noen av dem som stikker seg ut og gir en ettertanke. Hvis det er tilfelle, er min hensikt med dem oppn\u00e5dd.<\/p>\n<p>Refleksjonen 'Meninger' som jeg skrev i 2014, er hentet fra boken REFLEKSJONER II og gjengitt fra side 20. Det meste av innholdet i denne boken er f\u00f8rst skrevet p\u00e5 norsk og deretter oversatt til engelsk, s\u00e5 jeg ber leseren v\u00e6re overb\u00e6rende n\u00e5r det gjelder den engelske presentasjonsformen, som ofte ikke f\u00e5r helt den samme rytmen og meningen som den norske.<\/p>\n<p>Som i de fem foreg\u00e5ende ORD MED P\u00c5 VEIEN, presenteres innholdsfortegnelsen i alfabetisk rekkef\u00f8lge p\u00e5 b\u00e5de engelsk og norsk. I boka kommer de engelske f\u00f8rst, med de korresponderende norske ved siden av. Hvis du har f\u00f8lelsen av at du har h\u00f8rt noen av dem f\u00f8r, garanterer jeg at det aldri har v\u00e6rt min tanke \u00e5 plagiere. - Paperback, 100 sider<\/p>\n<p><a href=\"https:\/\/www.amazon.co.uk\/Words-Road-VI-short-reflections\/dp\/8743013287\/ref=tmm_pap_swatch_0?_encoding=UTF8&amp;amp;qid=1587457095&amp;amp;sr=1-1\" target=\"_blank\" rel=\"noopener\"><img loading=\"lazy\" decoding=\"async\" class=\"alignnone wp-image-135 size-full\" src=\"https:\/\/georgemanus-books.com\/wp-content\/uploads\/2023\/12\/MM-buy-on-amazon-125.jpg\" alt=\"\" width=\"125\" height=\"39\" srcset=\"https:\/\/georgemanus-books.com\/wp-content\/uploads\/2023\/12\/MM-buy-on-amazon-125.jpg 125w, https:\/\/georgemanus-books.com\/wp-content\/uploads\/2023\/12\/MM-buy-on-amazon-125-18x6.jpg 18w\" sizes=\"auto, (max-width: 125px) 100vw, 125px\" \/><\/a><a href=\"https:\/\/www.ebay.co.uk\/itm\/En-Kvinnes-mange-flyttinger-Manus-George-9788771883411-Fast-Free-Shipping\/313010978972?hash=item48e0e8809c:g:qXcAAOSwZKJeVppl\" target=\"_blank\" rel=\"noopener\">\u00a0\u00a0\u00a0\u00a0 <\/a><a href=\"https:\/\/www.ebay.co.uk\/itm\/Words-for-the-Road-VI-100-short-reflections-and-puns-by-George-Manus\/164562001564?hash=item2650a8de9c:g:HycAAOSw-tBfzL~0\" target=\"_blank\" rel=\"noopener\"><img loading=\"lazy\" decoding=\"async\" class=\"alignnone wp-image-138 size-full\" src=\"https:\/\/georgemanus-books.com\/wp-content\/uploads\/2023\/12\/MM-buy-on-ebay-125.jpg\" alt=\"\" width=\"125\" height=\"39\" srcset=\"https:\/\/georgemanus-books.com\/wp-content\/uploads\/2023\/12\/MM-buy-on-ebay-125.jpg 125w, https:\/\/georgemanus-books.com\/wp-content\/uploads\/2023\/12\/MM-buy-on-ebay-125-18x6.jpg 18w\" sizes=\"auto, (max-width: 125px) 100vw, 125px\" \/><\/a><a href=\"https:\/\/books.apple.com\/us\/book\/a-woman-s-many-migrations\/id1277639866?mt=11&amp;app=itunes\" target=\"_blank\" rel=\"noopener\">\u00a0\u00a0\u00a0\u00a0 <\/a><a href=\"https:\/\/books.apple.com\/us\/book\/words-for-the-road-vi\/id1537769737\" target=\"_blank\" rel=\"noopener\"><img loading=\"lazy\" decoding=\"async\" class=\"alignnone wp-image-136 size-full\" src=\"https:\/\/georgemanus-books.com\/wp-content\/uploads\/2023\/12\/MM-buy-on-apple-125.jpg\" alt=\"\" width=\"125\" height=\"39\" srcset=\"https:\/\/georgemanus-books.com\/wp-content\/uploads\/2023\/12\/MM-buy-on-apple-125.jpg 125w, https:\/\/georgemanus-books.com\/wp-content\/uploads\/2023\/12\/MM-buy-on-apple-125-18x6.jpg 18w\" sizes=\"auto, (max-width: 125px) 100vw, 125px\" \/> \u00a0 \u00a0 <\/a><a href=\"https:\/\/www.bod.dk\/bogshop\/words-for-the-road-vi-george-manus-9788743028598\" target=\"_blank\" rel=\"noopener\"><img loading=\"lazy\" decoding=\"async\" class=\"alignnone wp-image-137 size-full\" src=\"https:\/\/georgemanus-books.com\/wp-content\/uploads\/2023\/12\/MM-buy-on-BOD-125.jpg\" alt=\"\" width=\"125\" height=\"39\" srcset=\"https:\/\/georgemanus-books.com\/wp-content\/uploads\/2023\/12\/MM-buy-on-BOD-125.jpg 125w, https:\/\/georgemanus-books.com\/wp-content\/uploads\/2023\/12\/MM-buy-on-BOD-125-18x6.jpg 18w\" sizes=\"auto, (max-width: 125px) 100vw, 125px\" \/><\/a><\/p>\n<p>*Boken vil kunne skaffes av alle bokhandlere med henvisning til det internasjonale ISBN nummeret, eller man kan google ISBN nummeret.<\/p>\n<p>ISBN: 9780743028598<\/p>\n<div id=\"row-745926523\" class=\"row row-collapse\">\n<div id=\"col-773652937\" class=\"col medium-3 small-12 large-3\">\n<div class=\"col-inner\">\n<div id=\"image_1709969431\" class=\"img has-hover x md-x lg-x y md-y lg-y\">\n<p class=\"p1\">08-10.2020<\/p>\n<p>E-bok ISBN: 9788743064442<\/p>\n<\/div>\n<\/div>\n<\/div>\n<div id=\"col-825037435\" class=\"col medium-3 small-12 large-3\">\n<div class=\"col-inner\">\n<div id=\"image_443165521\" class=\"img has-hover x md-x lg-x y md-y lg-y\">\n<div class=\"img-inner dark\"><\/div>\n<\/div>\n<\/div>\n<\/div>\n<\/div>\n<div id=\"gap-91944524\" class=\"gap-element clearfix\"><\/div>\n<p>&nbsp;<\/p>","protected":false},"excerpt":{"rendered":"<h5><strong><em>\u2013 100 korte refleksjoner og ordspill.<\/em><\/strong><\/h5>\n<p>Denne ORD MED P\u00c5 VEIEN VI, det sjette i rekken, har jeg dedikert til \u2018Meninger\u2019 og gitt undertittelen: 100 korte refleksjoner og ordspill.<\/p>","protected":false},"featured_media":85,"comment_status":"closed","ping_status":"closed","template":"","meta":[],"product_brand":[],"product_cat":[18],"product_tag":[],"class_list":{"0":"post-97","1":"product","2":"type-product","3":"status-publish","4":"has-post-thumbnail","6":"product_cat-george-manus","8":"first","9":"instock","10":"shipping-taxable","11":"product-type-simple"},"_links":{"self":[{"href":"https:\/\/georgemanus-books.com\/nb\/wp-json\/wp\/v2\/product\/97","targetHints":{"allow":["GET"]}}],"collection":[{"href":"https:\/\/georgemanus-books.com\/nb\/wp-json\/wp\/v2\/product"}],"about":[{"href":"https:\/\/georgemanus-books.com\/nb\/wp-json\/wp\/v2\/types\/product"}],"replies":[{"embeddable":true,"href":"https:\/\/georgemanus-books.com\/nb\/wp-json\/wp\/v2\/comments?post=97"}],"wp:featuredmedia":[{"embeddable":true,"href":"https:\/\/georgemanus-books.com\/nb\/wp-json\/wp\/v2\/media\/85"}],"wp:attachment":[{"href":"https:\/\/georgemanus-books.com\/nb\/wp-json\/wp\/v2\/media?parent=97"}],"wp:term":[{"taxonomy":"product_brand","embeddable":true,"href":"https:\/\/georgemanus-books.com\/nb\/wp-json\/wp\/v2\/product_brand?post=97"},{"taxonomy":"product_cat","embeddable":true,"href":"https:\/\/georgemanus-books.com\/nb\/wp-json\/wp\/v2\/product_cat?post=97"},{"taxonomy":"product_tag","embeddable":true,"href":"https:\/\/georgemanus-books.com\/nb\/wp-json\/wp\/v2\/product_tag?post=97"}],"curies":[{"name":"wp","href":"https:\/\/api.w.org\/{rel}","templated":true}]}}