{"id":96,"date":"2020-06-21T12:09:04","date_gmt":"2020-06-21T11:09:04","guid":{"rendered":"https:\/\/georgemanus-books.com\/?post_type=product&#038;p=96"},"modified":"2024-01-23T16:40:32","modified_gmt":"2024-01-23T15:40:32","slug":"words-for-the-road-v","status":"publish","type":"product","link":"https:\/\/georgemanus-books.com\/nb\/produkt\/words-for-the-road-v\/","title":{"rendered":"Ord med p\u00e5 veien V"},"content":{"rendered":"<p><em>\u2013 141 korte refleksjoner og ordspill<\/em><\/p>\n<p>Denne ORD MED P\u00c5 VEIEN V, den femte i serien, har jeg dedikert til 'Fortsettelse' og gitt undertittelen: 100 korte refleksjoner og ordspill. Med disse 100 har totalen n\u00e5 n\u00e5dd 500.<\/p>\n<p>Slik jeg ser det er det alltid en fortsettelse. Det beh\u00f8ver ikke v\u00e6re en fortsettelse av det samme, og i dette tilfellet er det en videref\u00f8ring av de fire f\u00f8rste b\u00f8kene med samme navn.<br \/>\nDa den siste av de fire ble sluppet, var det meste av innholdet i den femte allerede satt p\u00e5 papir.<\/p>\n<p>Knyttet til fortsettelsen skrev jeg en kort refleksjon i 1994, som er gjengitt fra side 18. Den handler om fortsettelse, men i en helt annen sammenheng. Det meste av innholdet i boken ble f\u00f8rst skrevet p\u00e5 norsk og deretter oversatt til engelsk, s\u00e5 jeg ber leseren v\u00e6re overb\u00e6rende n\u00e5r det gjelder den engelske presentasjonsformen, som ofte ikke f\u00e5r helt samme rytme og mening som den norske.<\/p>\n<p>Som i de fire foreg\u00e5ende ORD MED P\u00c5 VEIEN, presenteres innholdsfortegnelsen i alfabetisk rekkef\u00f8lge b\u00e5de p\u00e5 engelsk og norsk. I boka kommer de engelske f\u00f8rst, med de korresponderende norske ved siden av. - Paperback, 84 sider<\/p>\n<p><a href=\"https:\/\/www.amazon.co.uk\/Words-Road-V-George-Manus\/dp\/8743012191\/ref=sr_1_5?keywords=george+manus+Words+for+the+Road&amp;amp;qid=1581411413&amp;amp;s=books&amp;amp;sr=1-5\" target=\"_blank\" rel=\"noopener\"><img loading=\"lazy\" decoding=\"async\" class=\"alignnone wp-image-135 size-full\" src=\"https:\/\/georgemanus-books.com\/wp-content\/uploads\/2023\/12\/MM-buy-on-amazon-125.jpg\" alt=\"\" width=\"125\" height=\"39\" srcset=\"https:\/\/georgemanus-books.com\/wp-content\/uploads\/2023\/12\/MM-buy-on-amazon-125.jpg 125w, https:\/\/georgemanus-books.com\/wp-content\/uploads\/2023\/12\/MM-buy-on-amazon-125-18x6.jpg 18w\" sizes=\"auto, (max-width: 125px) 100vw, 125px\" \/><\/a><a href=\"https:\/\/www.ebay.co.uk\/itm\/En-Kvinnes-mange-flyttinger-Manus-George-9788771883411-Fast-Free-Shipping\/313010978972?hash=item48e0e8809c:g:qXcAAOSwZKJeVppl\" target=\"_blank\" rel=\"noopener\">\u00a0\u00a0\u00a0\u00a0 <\/a><a href=\"https:\/\/www.ebay.co.uk\/itm\/Words-for-the-Road-V-by-George-Manus-English-Paperback-Book-Free-Shipping\/153755208194?hash=item23cc864a02:g:qp8AAOSwD3pd7cx3\" target=\"_blank\" rel=\"noopener\"><img loading=\"lazy\" decoding=\"async\" class=\"alignnone wp-image-138 size-full\" src=\"https:\/\/georgemanus-books.com\/wp-content\/uploads\/2023\/12\/MM-buy-on-ebay-125.jpg\" alt=\"\" width=\"125\" height=\"39\" srcset=\"https:\/\/georgemanus-books.com\/wp-content\/uploads\/2023\/12\/MM-buy-on-ebay-125.jpg 125w, https:\/\/georgemanus-books.com\/wp-content\/uploads\/2023\/12\/MM-buy-on-ebay-125-18x6.jpg 18w\" sizes=\"auto, (max-width: 125px) 100vw, 125px\" \/><\/a><a href=\"https:\/\/books.apple.com\/us\/book\/a-woman-s-many-migrations\/id1277639866?mt=11&amp;app=itunes\" target=\"_blank\" rel=\"noopener\">\u00a0\u00a0\u00a0\u00a0 <\/a><a href=\"https:\/\/books.apple.com\/us\/book\/words-for-the-road-v\/id1537769309\" target=\"_blank\" rel=\"noopener\"><img loading=\"lazy\" decoding=\"async\" class=\"alignnone wp-image-136 size-full\" src=\"https:\/\/georgemanus-books.com\/wp-content\/uploads\/2023\/12\/MM-buy-on-apple-125.jpg\" alt=\"\" width=\"125\" height=\"39\" srcset=\"https:\/\/georgemanus-books.com\/wp-content\/uploads\/2023\/12\/MM-buy-on-apple-125.jpg 125w, https:\/\/georgemanus-books.com\/wp-content\/uploads\/2023\/12\/MM-buy-on-apple-125-18x6.jpg 18w\" sizes=\"auto, (max-width: 125px) 100vw, 125px\" \/><\/a> \u00a0 \u00a0 <a href=\"https:\/\/www.bod.dk\/bogshop\/words-for-the-road-v-george-manus-9788743028383\" target=\"_blank\" rel=\"noopener\"><img loading=\"lazy\" decoding=\"async\" class=\"alignnone wp-image-137 size-full\" src=\"https:\/\/georgemanus-books.com\/wp-content\/uploads\/2023\/12\/MM-buy-on-BOD-125.jpg\" alt=\"\" width=\"125\" height=\"39\" srcset=\"https:\/\/georgemanus-books.com\/wp-content\/uploads\/2023\/12\/MM-buy-on-BOD-125.jpg 125w, https:\/\/georgemanus-books.com\/wp-content\/uploads\/2023\/12\/MM-buy-on-BOD-125-18x6.jpg 18w\" sizes=\"auto, (max-width: 125px) 100vw, 125px\" \/><\/a><\/p>\n<p>*Boken vil kunne skaffes av alle bokhandlere med henvisning til det internasjonale ISBN nummeret, eller man kan google ISBN nummeret.<\/p>\n<p>ISBN: 9788743028383<\/p>\n<div id=\"row-1930339189\" class=\"row row-collapse\">\n<div id=\"col-599196055\" class=\"col medium-3 small-12 large-3\">\n<div class=\"col-inner\">\n<div id=\"image_572111268\" class=\"img has-hover x md-x lg-x y md-y lg-y\">\n<p class=\"p1\">08-10-2020<\/p>\n<p>E-bok ISBN: 9788743064428<\/p>\n<\/div>\n<\/div>\n<\/div>\n<div id=\"col-1494768270\" class=\"col medium-3 small-12 large-3\">\n<div class=\"col-inner\">\n<div id=\"image_101424642\" class=\"img has-hover x md-x lg-x y md-y lg-y\">\n<div class=\"img-inner dark\"><\/div>\n<\/div>\n<\/div>\n<\/div>\n<\/div>\n<div id=\"gap-1768790419\" class=\"gap-element clearfix\"><\/div>\n<p>&nbsp;<\/p>\n<p>&nbsp;<\/p>","protected":false},"excerpt":{"rendered":"<h5><strong><em>\u2013 141 korte refleksjoner og ordspill<\/em><\/strong><\/h5>\n<p>Denne ORD MED P\u00c5 VEIEN V, den femte i serien, har jeg dedikert til 'Fortsettelse' og gitt undertittelen: 100 korte refleksjoner og ordspill. Med disse 100 har totalen n\u00e5 n\u00e5dd 500.<\/p>","protected":false},"featured_media":84,"comment_status":"closed","ping_status":"closed","template":"","meta":[],"product_brand":[],"product_cat":[18],"product_tag":[],"class_list":{"0":"post-96","1":"product","2":"type-product","3":"status-publish","4":"has-post-thumbnail","6":"product_cat-george-manus","8":"first","9":"instock","10":"shipping-taxable","11":"product-type-simple"},"_links":{"self":[{"href":"https:\/\/georgemanus-books.com\/nb\/wp-json\/wp\/v2\/product\/96","targetHints":{"allow":["GET"]}}],"collection":[{"href":"https:\/\/georgemanus-books.com\/nb\/wp-json\/wp\/v2\/product"}],"about":[{"href":"https:\/\/georgemanus-books.com\/nb\/wp-json\/wp\/v2\/types\/product"}],"replies":[{"embeddable":true,"href":"https:\/\/georgemanus-books.com\/nb\/wp-json\/wp\/v2\/comments?post=96"}],"wp:featuredmedia":[{"embeddable":true,"href":"https:\/\/georgemanus-books.com\/nb\/wp-json\/wp\/v2\/media\/84"}],"wp:attachment":[{"href":"https:\/\/georgemanus-books.com\/nb\/wp-json\/wp\/v2\/media?parent=96"}],"wp:term":[{"taxonomy":"product_brand","embeddable":true,"href":"https:\/\/georgemanus-books.com\/nb\/wp-json\/wp\/v2\/product_brand?post=96"},{"taxonomy":"product_cat","embeddable":true,"href":"https:\/\/georgemanus-books.com\/nb\/wp-json\/wp\/v2\/product_cat?post=96"},{"taxonomy":"product_tag","embeddable":true,"href":"https:\/\/georgemanus-books.com\/nb\/wp-json\/wp\/v2\/product_tag?post=96"}],"curies":[{"name":"wp","href":"https:\/\/api.w.org\/{rel}","templated":true}]}}