{"id":95,"date":"2020-05-21T12:08:22","date_gmt":"2020-05-21T11:08:22","guid":{"rendered":"https:\/\/georgemanus-books.com\/?post_type=product&#038;p=95"},"modified":"2024-01-23T16:41:17","modified_gmt":"2024-01-23T15:41:17","slug":"words-for-the-road-iv","status":"publish","type":"product","link":"https:\/\/georgemanus-books.com\/nb\/produkt\/words-for-the-road-iv\/","title":{"rendered":"Ord med p\u00e5 veien IV"},"content":{"rendered":"<p><em>\u2013 107 korte refleksjoner og ordspill<\/em><\/p>\n<p>Dette er den fjerde ORD MED P\u00c5 VEIEN som forfatteren George Manus publiserer, alt i l\u00f8pet av det siste \u00e5ret. Denne presenteres, som de tre andre, b\u00e5de p\u00e5 engelsk og norsk og har f\u00e5tt undertittelen: 107 korte refleksjoner og ordspill.<\/p>\n<p>Totalt inneholder b\u00f8kene 459 ORD MED P\u00c5 VEIEN, delt p\u00e5 114 i den f\u00f8rste, 117 i den andre, 121 i den tredje og 107 i denne.<\/p>\n<p>7, 14, 17 og 21 er forfatterens lykketall. Ettersom alle lykketallene hans n\u00e5 er brukt, vil bare tiden vise om dette blir hans siste \"ORD MED P\u00c5 VEIEN\".\n- Paperback, 100 sider<\/p>\n<p><a href=\"https:\/\/www.amazon.co.uk\/Words-Road-IV-George-Manus\/dp\/874301092X\/ref=sr_1_1?keywords=george+manus+Words+for+the+Road&amp;amp;qid=1581411413&amp;amp;s=books&amp;amp;sr=1-1\" target=\"_blank\" rel=\"noopener\"><img loading=\"lazy\" decoding=\"async\" class=\"alignnone wp-image-135 size-full\" src=\"https:\/\/georgemanus-books.com\/wp-content\/uploads\/2023\/12\/MM-buy-on-amazon-125.jpg\" alt=\"\" width=\"125\" height=\"39\" srcset=\"https:\/\/georgemanus-books.com\/wp-content\/uploads\/2023\/12\/MM-buy-on-amazon-125.jpg 125w, https:\/\/georgemanus-books.com\/wp-content\/uploads\/2023\/12\/MM-buy-on-amazon-125-18x6.jpg 18w\" sizes=\"auto, (max-width: 125px) 100vw, 125px\" \/><\/a><a href=\"https:\/\/www.ebay.co.uk\/itm\/En-Kvinnes-mange-flyttinger-Manus-George-9788771883411-Fast-Free-Shipping\/313010978972?hash=item48e0e8809c:g:qXcAAOSwZKJeVppl\" target=\"_blank\" rel=\"noopener\">\u00a0\u00a0\u00a0\u00a0 <\/a><a href=\"https:\/\/www.ebay.co.uk\/itm\/Words-for-the-Road-IV-by-George-Manus-9788743010920-Brand-New\/333317951162?hash=item4d9b4c4eba:g:FsAAAOSwzhpdwS7j\" target=\"_blank\" rel=\"noopener\"><img loading=\"lazy\" decoding=\"async\" class=\"alignnone wp-image-138 size-full\" src=\"https:\/\/georgemanus-books.com\/wp-content\/uploads\/2023\/12\/MM-buy-on-ebay-125.jpg\" alt=\"\" width=\"125\" height=\"39\" srcset=\"https:\/\/georgemanus-books.com\/wp-content\/uploads\/2023\/12\/MM-buy-on-ebay-125.jpg 125w, https:\/\/georgemanus-books.com\/wp-content\/uploads\/2023\/12\/MM-buy-on-ebay-125-18x6.jpg 18w\" sizes=\"auto, (max-width: 125px) 100vw, 125px\" \/><\/a><a href=\"https:\/\/books.apple.com\/us\/book\/a-woman-s-many-migrations\/id1277639866?mt=11&amp;app=itunes\" target=\"_blank\" rel=\"noopener\">\u00a0\u00a0\u00a0\u00a0 <\/a><a href=\"https:\/\/www.bod.dk\/bogshop\/words-for-the-road-iv-george-manus-9788743026723\" target=\"_blank\" rel=\"noopener\"><img loading=\"lazy\" decoding=\"async\" class=\"alignnone wp-image-136 size-full\" src=\"https:\/\/georgemanus-books.com\/wp-content\/uploads\/2023\/12\/MM-buy-on-apple-125.jpg\" alt=\"\" width=\"125\" height=\"39\" srcset=\"https:\/\/georgemanus-books.com\/wp-content\/uploads\/2023\/12\/MM-buy-on-apple-125.jpg 125w, https:\/\/georgemanus-books.com\/wp-content\/uploads\/2023\/12\/MM-buy-on-apple-125-18x6.jpg 18w\" sizes=\"auto, (max-width: 125px) 100vw, 125px\" \/><\/a> \u00a0 \u00a0 <a href=\"https:\/\/www.bod.dk\/bogshop\/en-kvinnes-mange-flyttinger-george-manus-9788771883411\" target=\"_blank\" rel=\"noopener\"><img loading=\"lazy\" decoding=\"async\" class=\"alignnone wp-image-137 size-full\" src=\"https:\/\/georgemanus-books.com\/wp-content\/uploads\/2023\/12\/MM-buy-on-BOD-125.jpg\" alt=\"\" width=\"125\" height=\"39\" srcset=\"https:\/\/georgemanus-books.com\/wp-content\/uploads\/2023\/12\/MM-buy-on-BOD-125.jpg 125w, https:\/\/georgemanus-books.com\/wp-content\/uploads\/2023\/12\/MM-buy-on-BOD-125-18x6.jpg 18w\" sizes=\"auto, (max-width: 125px) 100vw, 125px\" \/><\/a><\/p>\n<p>*Boken vil kunne skaffes av alle bokhandlere med henvisning til det internasjonale ISBN nummeret, eller man kan google ISBN nummeret.<\/p>\n<p>ISBN: 9788743026723<\/p>\n<p><span style=\"font-size: 14.4px;\">09-10-2020<\/span><\/p>\n<p>E-bok ISBN: 9788743064480<\/p>\n<div id=\"gap-65087199\" class=\"gap-element clearfix\"><\/div>\n<p>&nbsp;<\/p>","protected":false},"excerpt":{"rendered":"<h5><strong><em>\u2013 107 korte refleksjoner og ordspill<\/em><\/strong><\/h5>\n<p>Dette er den fjerde ORD MED P\u00c5 VEIEN som forfatteren George Manus publiserer, alt i l\u00f8pet av det siste \u00e5ret. Denne presenteres, som de tre andre, b\u00e5de p\u00e5 engelsk og norsk og har f\u00e5tt undertittelen: 107 korte refleksjoner og ordspill.<\/p>","protected":false},"featured_media":83,"comment_status":"closed","ping_status":"closed","template":"","meta":[],"product_brand":[],"product_cat":[18],"product_tag":[],"class_list":{"0":"post-95","1":"product","2":"type-product","3":"status-publish","4":"has-post-thumbnail","6":"product_cat-george-manus","8":"first","9":"instock","10":"shipping-taxable","11":"product-type-simple"},"_links":{"self":[{"href":"https:\/\/georgemanus-books.com\/nb\/wp-json\/wp\/v2\/product\/95","targetHints":{"allow":["GET"]}}],"collection":[{"href":"https:\/\/georgemanus-books.com\/nb\/wp-json\/wp\/v2\/product"}],"about":[{"href":"https:\/\/georgemanus-books.com\/nb\/wp-json\/wp\/v2\/types\/product"}],"replies":[{"embeddable":true,"href":"https:\/\/georgemanus-books.com\/nb\/wp-json\/wp\/v2\/comments?post=95"}],"wp:featuredmedia":[{"embeddable":true,"href":"https:\/\/georgemanus-books.com\/nb\/wp-json\/wp\/v2\/media\/83"}],"wp:attachment":[{"href":"https:\/\/georgemanus-books.com\/nb\/wp-json\/wp\/v2\/media?parent=95"}],"wp:term":[{"taxonomy":"product_brand","embeddable":true,"href":"https:\/\/georgemanus-books.com\/nb\/wp-json\/wp\/v2\/product_brand?post=95"},{"taxonomy":"product_cat","embeddable":true,"href":"https:\/\/georgemanus-books.com\/nb\/wp-json\/wp\/v2\/product_cat?post=95"},{"taxonomy":"product_tag","embeddable":true,"href":"https:\/\/georgemanus-books.com\/nb\/wp-json\/wp\/v2\/product_tag?post=95"}],"curies":[{"name":"wp","href":"https:\/\/api.w.org\/{rel}","templated":true}]}}