{"id":93,"date":"2020-03-21T12:06:39","date_gmt":"2020-03-21T11:06:39","guid":{"rendered":"https:\/\/georgemanus-books.com\/?post_type=product&#038;p=93"},"modified":"2024-01-23T16:42:32","modified_gmt":"2024-01-23T15:42:32","slug":"words-for-the-road-ii","status":"publish","type":"product","link":"https:\/\/georgemanus-books.com\/nb\/produkt\/words-for-the-road-ii\/","title":{"rendered":"Ord med p\u00e5 veien II"},"content":{"rendered":"<p><em>\u2013 117 korte refleksjoner og ordspill<\/em><\/p>\n<p>Forfatteren George Manus ga ut sin f\u00f8rste \"ORD MED P\u00c5 VEIEN\" v\u00e5ren 2018.<\/p>\n<p>Denne har han dedikert til \u00abInspirasjonen\u00bb, som if\u00f8lge ham skyldes at to tredjedeler av innholdet er skrevet p\u00e5 bare noen f\u00e5 uker \u2013 noe han tror han kunne takket en inspirasjonsb\u00f8lge for.<\/p>\n<p>Han kaller boken rett og slett \u00abORD FOR VEIEN II\u00bb med undertittel: 117 korte refleksjoner og ordspill, og presenterer dem som den f\u00f8rste b\u00e5de p\u00e5 engelsk og norsk.<\/p>\n<p>Kan det v\u00e6re en tilfeldighet at denne boken inneholder 117 korte refleksjoner, og den f\u00f8rste 114?<\/p>\n<p>Forfatternes lykketall er 14 og 17.\n- Paperback, 103 sider<\/p>\n<p><a href=\"https:\/\/www.amazon.co.uk\/Words-Road-II-George-Manus\/dp\/8771882146\/ref=sr_1_4?keywords=george+manus+Words+for+the+Road&amp;amp;qid=1581411413&amp;amp;s=books&amp;amp;sr=1-4\" target=\"_blank\" rel=\"noopener\"><img loading=\"lazy\" decoding=\"async\" class=\"alignnone wp-image-135 size-full\" src=\"https:\/\/georgemanus-books.com\/wp-content\/uploads\/2023\/12\/MM-buy-on-amazon-125.jpg\" alt=\"\" width=\"125\" height=\"39\" srcset=\"https:\/\/georgemanus-books.com\/wp-content\/uploads\/2023\/12\/MM-buy-on-amazon-125.jpg 125w, https:\/\/georgemanus-books.com\/wp-content\/uploads\/2023\/12\/MM-buy-on-amazon-125-18x6.jpg 18w\" sizes=\"auto, (max-width: 125px) 100vw, 125px\" \/><\/a><a href=\"https:\/\/www.ebay.co.uk\/itm\/En-Kvinnes-mange-flyttinger-Manus-George-9788771883411-Fast-Free-Shipping\/313010978972?hash=item48e0e8809c:g:qXcAAOSwZKJeVppl\" target=\"_blank\" rel=\"noopener\">\u00a0\u00a0\u00a0\u00a0 <\/a><a href=\"https:\/\/www.ebay.co.uk\/itm\/Words-for-the-Road-II-by-George-Manus-9788771882148-Brand-New\/312977391990?epid=19036904137&amp;amp;hash=item48dee80176:g:npUAAOSwD5teNXhX\" target=\"_blank\" rel=\"noopener\"><img loading=\"lazy\" decoding=\"async\" class=\"alignnone wp-image-138 size-full\" src=\"https:\/\/georgemanus-books.com\/wp-content\/uploads\/2023\/12\/MM-buy-on-ebay-125.jpg\" alt=\"\" width=\"125\" height=\"39\" srcset=\"https:\/\/georgemanus-books.com\/wp-content\/uploads\/2023\/12\/MM-buy-on-ebay-125.jpg 125w, https:\/\/georgemanus-books.com\/wp-content\/uploads\/2023\/12\/MM-buy-on-ebay-125-18x6.jpg 18w\" sizes=\"auto, (max-width: 125px) 100vw, 125px\" \/><\/a><a href=\"https:\/\/books.apple.com\/us\/book\/a-woman-s-many-migrations\/id1277639866?mt=11&amp;app=itunes\" target=\"_blank\" rel=\"noopener\">\u00a0\u00a0\u00a0\u00a0 <\/a><a href=\"https:\/\/books.apple.com\/us\/book\/words-for-the-road-ii\/id1540268456\" target=\"_blank\" rel=\"noopener\"><img loading=\"lazy\" decoding=\"async\" class=\"alignnone wp-image-136 size-full\" src=\"https:\/\/georgemanus-books.com\/wp-content\/uploads\/2023\/12\/MM-buy-on-apple-125.jpg\" alt=\"\" width=\"125\" height=\"39\" srcset=\"https:\/\/georgemanus-books.com\/wp-content\/uploads\/2023\/12\/MM-buy-on-apple-125.jpg 125w, https:\/\/georgemanus-books.com\/wp-content\/uploads\/2023\/12\/MM-buy-on-apple-125-18x6.jpg 18w\" sizes=\"auto, (max-width: 125px) 100vw, 125px\" \/> \u00a0 \u00a0 \u00a0<\/a><a href=\"https:\/\/www.bod.dk\/bogshop\/words-for-the-road-ii-george-manus-9788743028857\" target=\"_blank\" rel=\"noopener\"><img loading=\"lazy\" decoding=\"async\" class=\"alignnone wp-image-137 size-full\" src=\"https:\/\/georgemanus-books.com\/wp-content\/uploads\/2023\/12\/MM-buy-on-BOD-125.jpg\" alt=\"\" width=\"125\" height=\"39\" srcset=\"https:\/\/georgemanus-books.com\/wp-content\/uploads\/2023\/12\/MM-buy-on-BOD-125.jpg 125w, https:\/\/georgemanus-books.com\/wp-content\/uploads\/2023\/12\/MM-buy-on-BOD-125-18x6.jpg 18w\" sizes=\"auto, (max-width: 125px) 100vw, 125px\" \/><\/a><\/p>\n<p>*Boken vil kunne skaffes av alle bokhandlere med henvisning til det internasjonale ISBN nummeret, eller man kan google ISBN nummeret.<\/p>\n<p>ISBN: 9788743028857<\/p>\n<div id=\"row-821281797\" class=\"row row-collapse\">\n<div id=\"col-833453289\" class=\"col medium-3 small-12 large-3\">\n<div class=\"col-inner\">\n<div id=\"image_1006433805\" class=\"img has-hover x md-x lg-x y md-y lg-y\">\n<p class=\"p1\">21-10-2020<\/p>\n<p>E-bok ISBN: 9788743064671<\/p>\n<\/div>\n<\/div>\n<\/div>\n<div id=\"col-1251181186\" class=\"col medium-3 small-12 large-3\">\n<div class=\"col-inner\">\n<div id=\"image_1892180023\" class=\"img has-hover x md-x lg-x y md-y lg-y\">\n<div class=\"img-inner dark\"><\/div>\n<\/div>\n<\/div>\n<\/div>\n<\/div>\n<div id=\"gap-861822407\" class=\"gap-element clearfix\"><\/div>\n<p>&nbsp;<\/p>","protected":false},"excerpt":{"rendered":"<h5><strong><em>\u2013 117 korte refleksjoner og ordspill<\/em><\/strong><\/h5>\n<p>Forfatteren George Manus ga ut sin f\u00f8rste \"ORD MED P\u00c5 VEIEN\" v\u00e5ren 2018.<\/p>\n<p>Denne har han dedikert til \u00abInspirasjonen\u00bb, som if\u00f8lge ham skyldes at to tredjedeler av innholdet er skrevet p\u00e5 bare noen f\u00e5 uker \u2013 noe han tror han kunne takket en inspirasjonsb\u00f8lge for.<\/p>","protected":false},"featured_media":81,"comment_status":"closed","ping_status":"closed","template":"","meta":[],"product_brand":[],"product_cat":[18],"product_tag":[],"class_list":{"0":"post-93","1":"product","2":"type-product","3":"status-publish","4":"has-post-thumbnail","6":"product_cat-george-manus","8":"first","9":"instock","10":"shipping-taxable","11":"product-type-simple"},"_links":{"self":[{"href":"https:\/\/georgemanus-books.com\/nb\/wp-json\/wp\/v2\/product\/93","targetHints":{"allow":["GET"]}}],"collection":[{"href":"https:\/\/georgemanus-books.com\/nb\/wp-json\/wp\/v2\/product"}],"about":[{"href":"https:\/\/georgemanus-books.com\/nb\/wp-json\/wp\/v2\/types\/product"}],"replies":[{"embeddable":true,"href":"https:\/\/georgemanus-books.com\/nb\/wp-json\/wp\/v2\/comments?post=93"}],"wp:featuredmedia":[{"embeddable":true,"href":"https:\/\/georgemanus-books.com\/nb\/wp-json\/wp\/v2\/media\/81"}],"wp:attachment":[{"href":"https:\/\/georgemanus-books.com\/nb\/wp-json\/wp\/v2\/media?parent=93"}],"wp:term":[{"taxonomy":"product_brand","embeddable":true,"href":"https:\/\/georgemanus-books.com\/nb\/wp-json\/wp\/v2\/product_brand?post=93"},{"taxonomy":"product_cat","embeddable":true,"href":"https:\/\/georgemanus-books.com\/nb\/wp-json\/wp\/v2\/product_cat?post=93"},{"taxonomy":"product_tag","embeddable":true,"href":"https:\/\/georgemanus-books.com\/nb\/wp-json\/wp\/v2\/product_tag?post=93"}],"curies":[{"name":"wp","href":"https:\/\/api.w.org\/{rel}","templated":true}]}}