{"id":91,"date":"2018-04-09T12:04:41","date_gmt":"2018-04-09T11:04:41","guid":{"rendered":"https:\/\/georgemanus-books.com\/?post_type=product&#038;p=91"},"modified":"2024-01-17T12:28:50","modified_gmt":"2024-01-17T11:28:50","slug":"innovations-creations","status":"publish","type":"product","link":"https:\/\/georgemanus-books.com\/nb\/produkt\/innovations-creations\/","title":{"rendered":"Innovations and Creations"},"content":{"rendered":"<p><strong><em>\u2013 Innovasjoner og Kreasjoner fra 2003 til 2014\u00a0<\/em><\/strong><\/p>\n<p>Dette startet i begynnelsen av 2000. Jeg hadde delvis trukket meg ut av familiebedriften v\u00e5r med hovedkontor i Oslo, allerede i gode hender av min datter og svigers\u00f8nn, og hadde flyttet til Spania for \u00e5 starte mitt aktive pensjonistliv med min sveitsiske kone Marianne, som jeg giftet meg med i 1998. Min hovedhobby ble oppfinnelser og kreasjoner, hovedsakelig knyttet til golf. Jeg tok det som min f\u00f8rste utfordring \u00e5 konstruere den mest kompakte sammenleggbare Golf Trolley noensinne.<\/p>\n<p>Som en konsekvens av arbeidet med den ovennevnte utfordringen, var tankene om \u00e5 finne opp hjulet p\u00e5 nytt ganske logiske, da mange golfere foretrekker \u00e5 bruke en elektrisk vogn. Siden jeg selv er en ivrig golfspiller, hadde jeg hele tiden i tankene hvordan man kunne forbedre spillet sitt ved hjelp av treningshjelpemidler. Jeg konsentrerte meg f\u00f8rst om en velkjent utfordring som de fleste av oss amat\u00f8rgolfspillere st\u00e5r overfor, nemlig \u00e5 holde hodet og \u00f8ynene bak golfballen gjennom slaget. For ikke \u00e5 forvirre leseren for mye, det er absolutt vanskelig nok \u00e5 forst\u00e5 mye av innholdet i boken, bestemte jeg meg for \u00e5 dele den mellom de ulike gruppene av utviklinger.  Dette f\u00f8rte til slutt til fem grupper:\u2028Golf Trolleys (Golf traller), 'The Short Game Coach', Golf puttere og Andre treningshjelpemidler for golf.<\/p>\n<p>Underveis har jeg laget litt enkel dokumentasjon og tatt bilder av noen av modellene jeg har laget, hovedsakelig for \u00e5 bevise gjennomf\u00f8rbarheten av ideene og som bakgrunn for at patentkontoret kan lage tegninger og for \u00e5 f\u00e5 en forst\u00e5else av de ulike prinsippene. Jeg ber om unnskyldning for mine d\u00e5rlige fotografiske ferdigheter. Jeg har i boken fors\u00f8kt \u00e5 gi et utdrag av det jeg har v\u00e6rt gjennom i min oppfinnsomme verden som pensjonist, s\u00e5 langt, ved \u00e5 presentere noe av stoffet, etter tidsforl\u00f8pet da ideene ble testet.<\/p>\n<p>Sv\u00e6rt lite kan gi meg mer glede enn utfordringen og spenningen som er en del av \u00e5 skape noe man tror ingen andre har gjort, som for eksempel \u00e5 finne opp hjulet p\u00e5 nytt. Hvem kan v\u00e6re s\u00e5 dum \u00e5 pr\u00f8ve det?<\/p>\n<p>S\u00f8r-Spania,\u00a0h\u00f8sten 2014, George Manus<\/p>\n<p>George Manus<\/p>\n<p><a href=\"https:\/\/www.amazon.co.uk\/Innovations-Creations-2003-George-Manus\/dp\/8743001750\/ref=sr_1_1?keywords=george+manus+Innovations+%26+Creations&amp;amp;qid=1581411351&amp;amp;s=books&amp;amp;sr=1-1\" target=\"_blank\" rel=\"noopener\"><img loading=\"lazy\" decoding=\"async\" class=\"alignnone wp-image-135 size-full\" src=\"https:\/\/georgemanus-books.com\/wp-content\/uploads\/2023\/12\/MM-buy-on-amazon-125.jpg\" alt=\"\" width=\"125\" height=\"39\" srcset=\"https:\/\/georgemanus-books.com\/wp-content\/uploads\/2023\/12\/MM-buy-on-amazon-125.jpg 125w, https:\/\/georgemanus-books.com\/wp-content\/uploads\/2023\/12\/MM-buy-on-amazon-125-18x6.jpg 18w\" sizes=\"auto, (max-width: 125px) 100vw, 125px\" \/> \u00a0 \u00a0 <\/a><a href=\"https:\/\/www.bod.dk\/bogshop\/innovations-and-creations-george-manus-9788743001751\" target=\"_blank\" rel=\"noopener\"><img loading=\"lazy\" decoding=\"async\" class=\"alignnone wp-image-137 size-full\" src=\"https:\/\/georgemanus-books.com\/wp-content\/uploads\/2023\/12\/MM-buy-on-BOD-125.jpg\" alt=\"\" width=\"125\" height=\"39\" srcset=\"https:\/\/georgemanus-books.com\/wp-content\/uploads\/2023\/12\/MM-buy-on-BOD-125.jpg 125w, https:\/\/georgemanus-books.com\/wp-content\/uploads\/2023\/12\/MM-buy-on-BOD-125-18x6.jpg 18w\" sizes=\"auto, (max-width: 125px) 100vw, 125px\" \/><\/a><\/p>\n<p><strong>* Kun tilgjengelig p\u00e5 engelsk.<\/strong> Denne boken kan ogs\u00e5 bestilles fra alle gode bokhandlere med ISBN-nummeret \u2013 eller du kan ganske enkelt google ISBN-nummeret for \u00e5 finne den.<\/p>\n<p>ISBN: 9788743001751<\/p>\n<div id=\"row-1239260960\" class=\"row row-collapse\">\n<div id=\"col-1279126139\" class=\"col medium-4 small-12 large-4\">\n<div class=\"col-inner\"><\/div>\n<\/div>\n<div id=\"col-730522878\" class=\"col medium-4 small-12 large-4\">\n<div class=\"col-inner\"><\/div>\n<\/div>\n<\/div>\n<div id=\"gap-537863757\" class=\"gap-element clearfix\"><\/div>\n<p>&nbsp;<\/p>","protected":false},"excerpt":{"rendered":"<h5><strong><em>- Innovasjoner og Kreasjoner fra 2003 til 2014 (Kun engelsk)<\/em><\/strong><\/h5>\n<p>Dette startet i begynnelsen av 2000. Jeg hadde delvis trukket meg ut av familiebedriften v\u00e5r med hovedkontor i Oslo, allerede i gode hender av min datter og svigers\u00f8nn, og hadde flyttet til Spania for \u00e5 starte mitt aktive pensjonistliv med min sveitsiske kone Marianne, som jeg giftet meg med i 1998. Min hovedhobby ble oppfinnelser og kreasjoner, hovedsakelig knyttet til golf. Jeg tok det som min f\u00f8rste utfordring \u00e5 konstruere den mest kompakte sammenleggbare Golf Trolley noensinne.<\/p>","protected":false},"featured_media":66,"comment_status":"closed","ping_status":"closed","template":"","meta":[],"product_brand":[],"product_cat":[18],"product_tag":[],"class_list":{"0":"post-91","1":"product","2":"type-product","3":"status-publish","4":"has-post-thumbnail","6":"product_cat-george-manus","8":"first","9":"instock","10":"shipping-taxable","11":"product-type-simple"},"_links":{"self":[{"href":"https:\/\/georgemanus-books.com\/nb\/wp-json\/wp\/v2\/product\/91","targetHints":{"allow":["GET"]}}],"collection":[{"href":"https:\/\/georgemanus-books.com\/nb\/wp-json\/wp\/v2\/product"}],"about":[{"href":"https:\/\/georgemanus-books.com\/nb\/wp-json\/wp\/v2\/types\/product"}],"replies":[{"embeddable":true,"href":"https:\/\/georgemanus-books.com\/nb\/wp-json\/wp\/v2\/comments?post=91"}],"wp:featuredmedia":[{"embeddable":true,"href":"https:\/\/georgemanus-books.com\/nb\/wp-json\/wp\/v2\/media\/66"}],"wp:attachment":[{"href":"https:\/\/georgemanus-books.com\/nb\/wp-json\/wp\/v2\/media?parent=91"}],"wp:term":[{"taxonomy":"product_brand","embeddable":true,"href":"https:\/\/georgemanus-books.com\/nb\/wp-json\/wp\/v2\/product_brand?post=91"},{"taxonomy":"product_cat","embeddable":true,"href":"https:\/\/georgemanus-books.com\/nb\/wp-json\/wp\/v2\/product_cat?post=91"},{"taxonomy":"product_tag","embeddable":true,"href":"https:\/\/georgemanus-books.com\/nb\/wp-json\/wp\/v2\/product_tag?post=91"}],"curies":[{"name":"wp","href":"https:\/\/api.w.org\/{rel}","templated":true}]}}