{"id":90,"date":"2017-08-29T12:03:43","date_gmt":"2017-08-29T11:03:43","guid":{"rendered":"https:\/\/georgemanus-books.com\/?post_type=product&#038;p=90"},"modified":"2024-01-23T16:45:45","modified_gmt":"2024-01-23T15:45:45","slug":"thoughts","status":"publish","type":"product","link":"https:\/\/georgemanus-books.com\/nb\/produkt\/thoughts\/","title":{"rendered":"Tanker"},"content":{"rendered":"<p><strong><em>\u2013 og tankestreker<\/em><\/strong><\/p>\n<p>Boken \u201cTanker\u201d er skrevet p\u00e5 kun 51 dager, hvor forfatteren m\u00e5lrettet har satt seg ved computeren hver morgen med kun en tanke i hodet, og f\u00e5 tanken nedskrevet, bearbeidet og renskrevet.<br \/>\nHan n\u00e5r da ogs\u00e5 vidt omkring, og det skrives b\u00e5de om Kina, byggeaktivitet i Spania, en Ford Fiesta og om sn\u00f8en i Norge.<\/p>\n<p>Man forst\u00e5r derfor godt, at han efter 51 dager f\u00f8lte at det var nok, og stolt erkl\u00e6rte at det var det, drakk et glass r\u00f8dvin og gikk en lang tur i den storsl\u00e5tte naturen.\n- Paperback, 120 sider<\/p>\n<p><a href=\"https:\/\/www.amazon.co.uk\/Thoughts-George-Manus\/dp\/8771884084\/ref=sr_1_2?keywords=george+manus+Thoughts&amp;qid=1581411255&amp;s=books&amp;sr=1-2\" target=\"_blank\" rel=\"noopener\"><img loading=\"lazy\" decoding=\"async\" class=\"alignnone wp-image-135 size-full\" src=\"https:\/\/georgemanus-books.com\/wp-content\/uploads\/2023\/12\/MM-buy-on-amazon-125.jpg\" alt=\"\" width=\"125\" height=\"39\" srcset=\"https:\/\/georgemanus-books.com\/wp-content\/uploads\/2023\/12\/MM-buy-on-amazon-125.jpg 125w, https:\/\/georgemanus-books.com\/wp-content\/uploads\/2023\/12\/MM-buy-on-amazon-125-18x6.jpg 18w\" sizes=\"auto, (max-width: 125px) 100vw, 125px\" \/><\/a><a href=\"https:\/\/www.ebay.co.uk\/itm\/En-Kvinnes-mange-flyttinger-Manus-George-9788771883411-Fast-Free-Shipping\/313010978972?hash=item48e0e8809c:g:qXcAAOSwZKJeVppl\" target=\"_blank\" rel=\"noopener\">\u00a0\u00a0\u00a0\u00a0 <\/a><a href=\"https:\/\/www.ebay.co.uk\/itm\/Thoughts-by-Manus-George-New-9788771884081-Fast-Free-Shipping\/312764355458?epid=240159471&amp;hash=item48d2355382:i:312764355458\" target=\"_blank\" rel=\"noopener\"><img loading=\"lazy\" decoding=\"async\" class=\"alignnone wp-image-138 size-full\" src=\"https:\/\/georgemanus-books.com\/wp-content\/uploads\/2023\/12\/MM-buy-on-ebay-125.jpg\" alt=\"\" width=\"125\" height=\"39\" srcset=\"https:\/\/georgemanus-books.com\/wp-content\/uploads\/2023\/12\/MM-buy-on-ebay-125.jpg 125w, https:\/\/georgemanus-books.com\/wp-content\/uploads\/2023\/12\/MM-buy-on-ebay-125-18x6.jpg 18w\" sizes=\"auto, (max-width: 125px) 100vw, 125px\" \/><\/a><a href=\"https:\/\/books.apple.com\/us\/book\/a-woman-s-many-migrations\/id1277639866?mt=11&amp;app=itunes\" target=\"_blank\" rel=\"noopener\">\u00a0\u00a0\u00a0\u00a0 <\/a><a href=\"https:\/\/books.apple.com\/us\/book\/thoughts\/id1274919449?mt=11&amp;app=itunes\" target=\"_blank\" rel=\"noopener\"><img loading=\"lazy\" decoding=\"async\" class=\"alignnone wp-image-136 size-full\" src=\"https:\/\/georgemanus-books.com\/wp-content\/uploads\/2023\/12\/MM-buy-on-apple-125.jpg\" alt=\"\" width=\"125\" height=\"39\" srcset=\"https:\/\/georgemanus-books.com\/wp-content\/uploads\/2023\/12\/MM-buy-on-apple-125.jpg 125w, https:\/\/georgemanus-books.com\/wp-content\/uploads\/2023\/12\/MM-buy-on-apple-125-18x6.jpg 18w\" sizes=\"auto, (max-width: 125px) 100vw, 125px\" \/> \u00a0 \u00a0 <\/a><a href=\"https:\/\/www.bod.dk\/bogshop\/tanker-george-manus-9788771884098\" target=\"_blank\" rel=\"noopener\"><img loading=\"lazy\" decoding=\"async\" class=\"alignnone wp-image-137 size-full\" src=\"https:\/\/georgemanus-books.com\/wp-content\/uploads\/2023\/12\/MM-buy-on-BOD-125.jpg\" alt=\"\" width=\"125\" height=\"39\" srcset=\"https:\/\/georgemanus-books.com\/wp-content\/uploads\/2023\/12\/MM-buy-on-BOD-125.jpg 125w, https:\/\/georgemanus-books.com\/wp-content\/uploads\/2023\/12\/MM-buy-on-BOD-125-18x6.jpg 18w\" sizes=\"auto, (max-width: 125px) 100vw, 125px\" \/><\/a><\/p>\n<p>*Boken vil kunne skaffes av alle bokhandlere med henvisning til det internasjonale ISBN nummeret, eller man kan google ISBN nummeret.<\/p>\n<p>ISBN 9788771884098<\/p>\n<div id=\"row-946631760\" class=\"row row-collapse\">\n<div id=\"col-1268171462\" class=\"col medium-3 small-12 large-3\">\n<div class=\"col-inner\">\n<div id=\"image_278106345\" class=\"img has-hover x md-x lg-x y md-y lg-y\">\n<p class=\"p1\">29-08-2017<\/p>\n<p>E-bok ISBN: 9788771880885<\/p>\n<\/div>\n<\/div>\n<\/div>\n<div id=\"col-1835094376\" class=\"col medium-3 small-12 large-3\">\n<div class=\"col-inner\">\n<div id=\"image_231479354\" class=\"img has-hover x md-x lg-x y md-y lg-y\">\n<div class=\"img-inner dark\"><\/div>\n<\/div>\n<\/div>\n<\/div>\n<\/div>\n<div id=\"gap-950484056\" class=\"gap-element clearfix\"><\/div>\n<p>&nbsp;<\/p>","protected":false},"excerpt":{"rendered":"<h5><strong><em>\u2013 og tankestreker<\/em><\/strong><\/h5>\n<p>Boken \u201cTanker\u201d er skrevet p\u00e5 kun 51 dager, hvor forfatteren m\u00e5lrettet har satt seg ved computeren hver morgen med kun en tanke i hodet, og f\u00e5 tanken nedskrevet, bearbeidet og renskrevet.<\/p>\n<p>Han n\u00e5r da ogs\u00e5 vidt omkring, og det skrives b\u00e5de om Kina, byggeaktivitet i Spania, en Ford Fiesta og om sn\u00f8en i Norge.<\/p>","protected":false},"featured_media":80,"comment_status":"closed","ping_status":"closed","template":"","meta":[],"product_brand":[],"product_cat":[18],"product_tag":[],"class_list":{"0":"post-90","1":"product","2":"type-product","3":"status-publish","4":"has-post-thumbnail","6":"product_cat-george-manus","8":"first","9":"instock","10":"shipping-taxable","11":"product-type-simple"},"_links":{"self":[{"href":"https:\/\/georgemanus-books.com\/nb\/wp-json\/wp\/v2\/product\/90","targetHints":{"allow":["GET"]}}],"collection":[{"href":"https:\/\/georgemanus-books.com\/nb\/wp-json\/wp\/v2\/product"}],"about":[{"href":"https:\/\/georgemanus-books.com\/nb\/wp-json\/wp\/v2\/types\/product"}],"replies":[{"embeddable":true,"href":"https:\/\/georgemanus-books.com\/nb\/wp-json\/wp\/v2\/comments?post=90"}],"wp:featuredmedia":[{"embeddable":true,"href":"https:\/\/georgemanus-books.com\/nb\/wp-json\/wp\/v2\/media\/80"}],"wp:attachment":[{"href":"https:\/\/georgemanus-books.com\/nb\/wp-json\/wp\/v2\/media?parent=90"}],"wp:term":[{"taxonomy":"product_brand","embeddable":true,"href":"https:\/\/georgemanus-books.com\/nb\/wp-json\/wp\/v2\/product_brand?post=90"},{"taxonomy":"product_cat","embeddable":true,"href":"https:\/\/georgemanus-books.com\/nb\/wp-json\/wp\/v2\/product_cat?post=90"},{"taxonomy":"product_tag","embeddable":true,"href":"https:\/\/georgemanus-books.com\/nb\/wp-json\/wp\/v2\/product_tag?post=90"}],"curies":[{"name":"wp","href":"https:\/\/api.w.org\/{rel}","templated":true}]}}