{"id":89,"date":"2018-12-21T12:03:03","date_gmt":"2018-12-21T11:03:03","guid":{"rendered":"https:\/\/georgemanus-books.com\/?post_type=product&#038;p=89"},"modified":"2024-01-23T16:44:26","modified_gmt":"2024-01-23T15:44:26","slug":"reflections-iii","status":"publish","type":"product","link":"https:\/\/georgemanus-books.com\/nb\/produkt\/reflections-iii\/","title":{"rendered":"Refleksjoner III"},"content":{"rendered":"<p><strong><em>- i tekst og fantasibilder<\/em><\/strong><\/p>\n<p>Forfatteren George Manus har gjennom hele livet reflektert over stort og sm\u00e5tt, hvilket allerede har resultert i to b\u00f8ker i denne sjanger, hvor den f\u00f8rste heter \u201cREFLEKSJONER I \u2013 i ord og ordspr\u00e5k\u201d, og den anden \u201cREFLEKSJONER II \u2013 i ord og bilder\u201d.<\/p>\n<p>Forfatteren George Manus har gjennom hele livet reflektert over stort og sm\u00e5tt, hvilket allerede har resultert i to b\u00f8ker i denne sjanger, hvor den f\u00f8rste heter \u201cREFLEKSJONER I \u2013 i ord og bilder\u201d, og den anden \u201cREFLEKSJONER II \u2013 i ord og ordspr\u00e5k\u201d.<\/p>\n<p>Den tredje boken har f\u00e5tt tittelen \u201cREFLEKSJONER III \u2013 i tekst og Fantasibilder\u201d, da flere av refleksjonene\/historiene kretser rundt fantasi, og suppleres av den danske arkitekten og billedkunstneren Jan Arnts billedserie FANTASIER. Dette er tegninger av dyr og skapninger som hverken er fugl eller fisk, men nettopp den rene fantasi.<\/p>\n<p>Boken er en lett blanding av George Manus sine refleksjoner og hans egen-opplevde historier.<\/p>\n<p>Boken inneholder ikke mindre enn 52 refleksjoner\/historier, hvor forfatteren blant annet behandler emner som LYS og SKYGGE, MED RYGGEN MOT VEGGEN, og SKYLDF\u00d8LELSE.<\/p>\n<p>Ja selv en SKRIVEMASKIN tas under kj\u00e6rlig omtanke. Alle er refleksjoner\/historier som man kun kan bli klokere av. - Innbundet, 188 sider<\/p>\n<p><a href=\"https:\/\/www.amazon.co.uk\/Reflections-III-George-Manus\/dp\/8743000746\/ref=sr_1_3?keywords=george+manus+reflections&amp;qid=1581411186&amp;s=books&amp;sr=1-3\" target=\"_blank\" rel=\"noopener\"><img loading=\"lazy\" decoding=\"async\" class=\"alignnone wp-image-135 size-full\" src=\"https:\/\/georgemanus-books.com\/wp-content\/uploads\/2023\/12\/MM-buy-on-amazon-125.jpg\" alt=\"\" width=\"125\" height=\"39\" srcset=\"https:\/\/georgemanus-books.com\/wp-content\/uploads\/2023\/12\/MM-buy-on-amazon-125.jpg 125w, https:\/\/georgemanus-books.com\/wp-content\/uploads\/2023\/12\/MM-buy-on-amazon-125-18x6.jpg 18w\" sizes=\"auto, (max-width: 125px) 100vw, 125px\" \/><\/a><a href=\"https:\/\/www.ebay.co.uk\/itm\/En-Kvinnes-mange-flyttinger-Manus-George-9788771883411-Fast-Free-Shipping\/313010978972?hash=item48e0e8809c:g:qXcAAOSwZKJeVppl\" target=\"_blank\" rel=\"noopener\">\u00a0\u00a0\u00a0\u00a0 <\/a><a href=\"https:\/\/www.ebay.co.uk\/itm\/Reflections-Iii-by-George-Manus-English-Paperback-Book-Free-Shipping\/133032138720?hash=item1ef95557e0:g:qt8AAOSwJ5BeN7Yo\" target=\"_blank\" rel=\"noopener\"><img loading=\"lazy\" decoding=\"async\" class=\"alignnone wp-image-138 size-full\" src=\"https:\/\/georgemanus-books.com\/wp-content\/uploads\/2023\/12\/MM-buy-on-ebay-125.jpg\" alt=\"\" width=\"125\" height=\"39\" srcset=\"https:\/\/georgemanus-books.com\/wp-content\/uploads\/2023\/12\/MM-buy-on-ebay-125.jpg 125w, https:\/\/georgemanus-books.com\/wp-content\/uploads\/2023\/12\/MM-buy-on-ebay-125-18x6.jpg 18w\" sizes=\"auto, (max-width: 125px) 100vw, 125px\" \/><\/a><a href=\"https:\/\/books.apple.com\/us\/book\/a-woman-s-many-migrations\/id1277639866?mt=11&amp;app=itunes\" target=\"_blank\" rel=\"noopener\">\u00a0\u00a0\u00a0\u00a0 <\/a><a href=\"https:\/\/books.apple.com\/us\/book\/reflections-iii\/id1343327356?mt=11&amp;app=itunes\" target=\"_blank\" rel=\"noopener\"><img loading=\"lazy\" decoding=\"async\" class=\"alignnone wp-image-136 size-full\" src=\"https:\/\/georgemanus-books.com\/wp-content\/uploads\/2023\/12\/MM-buy-on-apple-125.jpg\" alt=\"\" width=\"125\" height=\"39\" srcset=\"https:\/\/georgemanus-books.com\/wp-content\/uploads\/2023\/12\/MM-buy-on-apple-125.jpg 125w, https:\/\/georgemanus-books.com\/wp-content\/uploads\/2023\/12\/MM-buy-on-apple-125-18x6.jpg 18w\" sizes=\"auto, (max-width: 125px) 100vw, 125px\" \/><\/a> \u00a0 \u00a0 <a href=\"https:\/\/www.bod.dk\/bogshop\/refleksjoner-iii-george-manus-9788743000563\" target=\"_blank\" rel=\"noopener\"><img loading=\"lazy\" decoding=\"async\" class=\"alignnone wp-image-137 size-full\" src=\"https:\/\/georgemanus-books.com\/wp-content\/uploads\/2023\/12\/MM-buy-on-BOD-125.jpg\" alt=\"\" width=\"125\" height=\"39\" srcset=\"https:\/\/georgemanus-books.com\/wp-content\/uploads\/2023\/12\/MM-buy-on-BOD-125.jpg 125w, https:\/\/georgemanus-books.com\/wp-content\/uploads\/2023\/12\/MM-buy-on-BOD-125-18x6.jpg 18w\" sizes=\"auto, (max-width: 125px) 100vw, 125px\" \/><\/a><\/p>\n<p>*Boken vil kunne skaffes av alle bokhandlere med henvisning til det internasjonale ISBN nummeret, eller man kan google ISBN nummeret.<\/p>\n<p>ISBN: 9788743000563<\/p>\n<div id=\"row-754659967\" class=\"row row-collapse\">\n<div id=\"col-350530479\" class=\"col medium-3 small-12 large-3\">\n<div class=\"col-inner\">\n<div id=\"image_575440144\" class=\"img has-hover x md-x lg-x y md-y lg-y\">\n<p class=\"p1\">25-01-2018<\/p>\n<p>E-bok ISBN: 9788743004578<\/p>\n<\/div>\n<\/div>\n<\/div>\n<div id=\"col-1645745299\" class=\"col medium-3 small-12 large-3\">\n<div class=\"col-inner\">\n<div id=\"image_1893832698\" class=\"img has-hover x md-x lg-x y md-y lg-y\">\n<div class=\"img-inner dark\"><\/div>\n<\/div>\n<\/div>\n<\/div>\n<\/div>\n<div id=\"gap-970936359\" class=\"gap-element clearfix\"><\/div>\n<p>&nbsp;<\/p>","protected":false},"excerpt":{"rendered":"<h5><strong><em>- En refleksjon er en ettertanke<\/em><\/strong><\/h5>\n<p>En refleksjon er en ettertanke. Mens tingene skjer n\u00e5r vi kun \u00e5 tenke i nuet. Det er f\u00f8rst etterp\u00e5 at vi f\u00e5r tid og mulighet til \u00e5 tenke etter, analysere og overveie, nemlig \u00e5 REFLEKTERE.<\/p>","protected":false},"featured_media":77,"comment_status":"closed","ping_status":"closed","template":"","meta":[],"product_brand":[],"product_cat":[18],"product_tag":[],"class_list":{"0":"post-89","1":"product","2":"type-product","3":"status-publish","4":"has-post-thumbnail","6":"product_cat-george-manus","8":"first","9":"instock","10":"shipping-taxable","11":"product-type-simple"},"_links":{"self":[{"href":"https:\/\/georgemanus-books.com\/nb\/wp-json\/wp\/v2\/product\/89","targetHints":{"allow":["GET"]}}],"collection":[{"href":"https:\/\/georgemanus-books.com\/nb\/wp-json\/wp\/v2\/product"}],"about":[{"href":"https:\/\/georgemanus-books.com\/nb\/wp-json\/wp\/v2\/types\/product"}],"replies":[{"embeddable":true,"href":"https:\/\/georgemanus-books.com\/nb\/wp-json\/wp\/v2\/comments?post=89"}],"wp:featuredmedia":[{"embeddable":true,"href":"https:\/\/georgemanus-books.com\/nb\/wp-json\/wp\/v2\/media\/77"}],"wp:attachment":[{"href":"https:\/\/georgemanus-books.com\/nb\/wp-json\/wp\/v2\/media?parent=89"}],"wp:term":[{"taxonomy":"product_brand","embeddable":true,"href":"https:\/\/georgemanus-books.com\/nb\/wp-json\/wp\/v2\/product_brand?post=89"},{"taxonomy":"product_cat","embeddable":true,"href":"https:\/\/georgemanus-books.com\/nb\/wp-json\/wp\/v2\/product_cat?post=89"},{"taxonomy":"product_tag","embeddable":true,"href":"https:\/\/georgemanus-books.com\/nb\/wp-json\/wp\/v2\/product_tag?post=89"}],"curies":[{"name":"wp","href":"https:\/\/api.w.org\/{rel}","templated":true}]}}