{"id":56,"date":"2017-08-16T11:58:56","date_gmt":"2017-08-16T10:58:56","guid":{"rendered":"https:\/\/georgemanus-books.com\/?post_type=product&#038;p=56"},"modified":"2024-01-23T16:47:52","modified_gmt":"2024-01-23T15:47:52","slug":"reflections-i","status":"publish","type":"product","link":"https:\/\/georgemanus-books.com\/nb\/produkt\/reflections-i\/","title":{"rendered":"Refleksjoner I"},"content":{"rendered":"<p><strong><em>- i ord og bilder<\/em><\/strong><\/p>\n<p>Forfatteren George Manus har gjennom hele livet reflektert over stort og sm\u00e5tt, hvilket allerede har resultert i to b\u00f8ker i denne sjanger, hvor den f\u00f8rste heter \u201cREFLEKSJONER I \u2013 i ord og ordspr\u00e5k\u201d, og den anden \u201cREFLEKSJONER II \u2013 i ord og bilder\u201d.<\/p>\n<p>Mens tingene skjer n\u00e5r vi kun \u00e5 tenke i nuet. Det er f\u00f8rst etterp\u00e5 at vi f\u00e5r tid og mulighet til \u00e5 tenke etter, analysere og overveie, nemlig \u00e5 REFLEKTERE.<\/p>\n<p>I boken har forfatteren George Manus reflektert over stort og sm\u00e5tt, og ogs\u00e5 det noe uventede.<\/p>\n<p>Ikke mindre en 61 refleksjoner er det blitt til, hvor noen handler om vanskelige emner som FORANDRING og F\u00d8LSOMHET, mens andre handler om mer jordn\u00e6re emner som et BORD og et R\u00d8R. Ja, ogs\u00e5 en GOLFBALL har han reflektert over. Boken er en lett blanding av George Manus sine refleksjoner og hans egnen opplevde historier.<br \/>\nI noen av refleksjonene fokuserer han ogs\u00e5 p\u00e5 mer abstrakte emner.<\/p>\n<p>Boken REFLEKSJONER I suppleres p\u00e5 en inspirerende m\u00e5te med verker av den danske arkitekten og billedkunstneren Jan Arnt fra hans serie Refleksjoner i Farger.<\/p>\n<p>Paperback, 184 sider<\/p>\n<p><a href=\"https:\/\/www.amazon.co.uk\/Reflections-I-George-Manus\/dp\/8771884106\/ref=sr_1_2?keywords=george+manus+reflections&amp;qid=1581410787&amp;s=books&amp;sr=1-2\" target=\"_blank\" rel=\"noopener\"><img loading=\"lazy\" decoding=\"async\" class=\"alignnone wp-image-135 size-full\" src=\"https:\/\/georgemanus-books.com\/wp-content\/uploads\/2023\/12\/MM-buy-on-amazon-125.jpg\" alt=\"\" width=\"125\" height=\"39\" srcset=\"https:\/\/georgemanus-books.com\/wp-content\/uploads\/2023\/12\/MM-buy-on-amazon-125.jpg 125w, https:\/\/georgemanus-books.com\/wp-content\/uploads\/2023\/12\/MM-buy-on-amazon-125-18x6.jpg 18w\" sizes=\"auto, (max-width: 125px) 100vw, 125px\" \/><\/a><a href=\"https:\/\/www.ebay.co.uk\/itm\/En-Kvinnes-mange-flyttinger-Manus-George-9788771883411-Fast-Free-Shipping\/313010978972?hash=item48e0e8809c:g:qXcAAOSwZKJeVppl\" target=\"_blank\" rel=\"noopener\">\u00a0\u00a0\u00a0\u00a0 <\/a><a href=\"https:\/\/www.ebay.co.uk\/itm\/Reflections-I-by-Manus-George-New-9788771884104-Fast-Free-Shipping\/312961321283?hash=item48ddf2c943:g:jqMAAOSwNd1eKeCT\" target=\"_blank\" rel=\"noopener\"><img loading=\"lazy\" decoding=\"async\" class=\"alignnone wp-image-138 size-full\" src=\"https:\/\/georgemanus-books.com\/wp-content\/uploads\/2023\/12\/MM-buy-on-ebay-125.jpg\" alt=\"\" width=\"125\" height=\"39\" srcset=\"https:\/\/georgemanus-books.com\/wp-content\/uploads\/2023\/12\/MM-buy-on-ebay-125.jpg 125w, https:\/\/georgemanus-books.com\/wp-content\/uploads\/2023\/12\/MM-buy-on-ebay-125-18x6.jpg 18w\" sizes=\"auto, (max-width: 125px) 100vw, 125px\" \/><\/a><a href=\"https:\/\/books.apple.com\/us\/book\/a-woman-s-many-migrations\/id1277639866?mt=11&amp;app=itunes\" target=\"_blank\" rel=\"noopener\">\u00a0\u00a0\u00a0\u00a0 <\/a><a href=\"https:\/\/books.apple.com\/us\/book\/reflections-i\/id1277639845?mt=11&amp;app=itunes\" target=\"_blank\" rel=\"noopener\"><img loading=\"lazy\" decoding=\"async\" class=\"alignnone wp-image-136 size-full\" src=\"https:\/\/georgemanus-books.com\/wp-content\/uploads\/2023\/12\/MM-buy-on-apple-125.jpg\" alt=\"\" width=\"125\" height=\"39\" srcset=\"https:\/\/georgemanus-books.com\/wp-content\/uploads\/2023\/12\/MM-buy-on-apple-125.jpg 125w, https:\/\/georgemanus-books.com\/wp-content\/uploads\/2023\/12\/MM-buy-on-apple-125-18x6.jpg 18w\" sizes=\"auto, (max-width: 125px) 100vw, 125px\" \/><\/a> \u00a0 \u00a0 <a href=\"https:\/\/www.bod.dk\/bogshop\/refleksjoner-i-george-manus-9788771884135\" target=\"_blank\" rel=\"noopener\"><img loading=\"lazy\" decoding=\"async\" class=\"alignnone wp-image-137 size-full\" src=\"https:\/\/georgemanus-books.com\/wp-content\/uploads\/2023\/12\/MM-buy-on-BOD-125.jpg\" alt=\"\" width=\"125\" height=\"39\" srcset=\"https:\/\/georgemanus-books.com\/wp-content\/uploads\/2023\/12\/MM-buy-on-BOD-125.jpg 125w, https:\/\/georgemanus-books.com\/wp-content\/uploads\/2023\/12\/MM-buy-on-BOD-125-18x6.jpg 18w\" sizes=\"auto, (max-width: 125px) 100vw, 125px\" \/><\/a><\/p>\n<p>*Boken vil kunne skaffes av alle bokhandlere med henvisning til det internasjonale ISBN nummeret, eller man kan google ISBN nummeret.<\/p>\n<p>ISBN: 9788771884135<\/p>\n<p class=\"p1\">16-08-2017<\/p>\n<p>E-bok ISBN: 9788771881073<\/p>","protected":false},"excerpt":{"rendered":"<h5><strong><em>- En refleksjon er en ettertanke<\/em><\/strong><\/h5>\n<p>Mens ting skjer, tenker vi bare p\u00e5 her og n\u00e5. Det er f\u00f8rst etterp\u00e5 vi har muligheten til \u00e5 tenke nytt, analysere, vurdere og REFLEKTERE.<\/p>","protected":false},"featured_media":57,"comment_status":"closed","ping_status":"closed","template":"","meta":[],"product_brand":[],"product_cat":[18],"product_tag":[],"class_list":{"0":"post-56","1":"product","2":"type-product","3":"status-publish","4":"has-post-thumbnail","6":"product_cat-george-manus","8":"first","9":"instock","10":"shipping-taxable","11":"product-type-simple"},"_links":{"self":[{"href":"https:\/\/georgemanus-books.com\/nb\/wp-json\/wp\/v2\/product\/56","targetHints":{"allow":["GET"]}}],"collection":[{"href":"https:\/\/georgemanus-books.com\/nb\/wp-json\/wp\/v2\/product"}],"about":[{"href":"https:\/\/georgemanus-books.com\/nb\/wp-json\/wp\/v2\/types\/product"}],"replies":[{"embeddable":true,"href":"https:\/\/georgemanus-books.com\/nb\/wp-json\/wp\/v2\/comments?post=56"}],"wp:featuredmedia":[{"embeddable":true,"href":"https:\/\/georgemanus-books.com\/nb\/wp-json\/wp\/v2\/media\/57"}],"wp:attachment":[{"href":"https:\/\/georgemanus-books.com\/nb\/wp-json\/wp\/v2\/media?parent=56"}],"wp:term":[{"taxonomy":"product_brand","embeddable":true,"href":"https:\/\/georgemanus-books.com\/nb\/wp-json\/wp\/v2\/product_brand?post=56"},{"taxonomy":"product_cat","embeddable":true,"href":"https:\/\/georgemanus-books.com\/nb\/wp-json\/wp\/v2\/product_cat?post=56"},{"taxonomy":"product_tag","embeddable":true,"href":"https:\/\/georgemanus-books.com\/nb\/wp-json\/wp\/v2\/product_tag?post=56"}],"curies":[{"name":"wp","href":"https:\/\/api.w.org\/{rel}","templated":true}]}}