{"id":53,"date":"2021-02-25T18:43:59","date_gmt":"2021-02-25T17:43:59","guid":{"rendered":"https:\/\/georgemanus-books.com\/?post_type=product&#038;p=53"},"modified":"2026-02-23T20:30:53","modified_gmt":"2026-02-23T19:30:53","slug":"food-for-thought","status":"publish","type":"product","link":"https:\/\/georgemanus-books.com\/nb\/produkt\/food-for-thought\/","title":{"rendered":"Tankevekkere"},"content":{"rendered":"<p>Denne boken dedikerer jeg til: Ofrene for Covid 19 epidemien. Mitt barnebarn Nicolas, som nettopp har fylt 22 \u00e5r, ble testet positiv etter en vinterferie i St. Anton i mars i \u00e5r, men var blant dem som ble gitt \u201call clear\u201d etter et isolert karanteneopphold.<\/p>\n<p>Det skulle hele 10 b\u00f8ker til for \u00e5 n\u00e5 1001 ord med p\u00e5 veien. De fleste refleksjonene er datert og noen ble allerede skrevet i slutten av 1980 \u00e5rene. Den overveiende st\u00f8rste delen s\u00e5 imidlertid dagens lys de siste \u00e5rene. I denne boken har jeg samlet de 1001 norske og kalt den: TANKEVEKKERE \u2013 1001 korte refleksjoner.<\/p>\n<p>At volum ikke p\u00e5 noen m\u00e5te er ensbetydende med kvalitet er jeg fullt p\u00e5 det rene med, men hvem d\u00f8mmer godt fra mindre godt og d\u00e5rlig? Benyttes vedtatte litter\u00e6re normer antar jeg at det er enkelt, men hvis man ikke skal bed\u00f8mme ut fra gitte normer blir det vel et sp\u00f8rsm\u00e5l om hvem som liker hva.<\/p>\n<p>Hvis man aksepterer at alle har rett ut fra sine forutsetninger, noe som vel er vanskelig \u00e5 benekte, ender man kanskje opp med noe for enhver smak? Gode eller d\u00e5rlige, alle refleksjonene er uttrykk for mine spontane tanker og meninger, basert p\u00e5 mine forutsetninger, da de ble skrevet.<\/p>\n<p>Jeg kalte det: Ingen fremtid uten en fortid.<\/p>\n<h4>KJ\u00d8P N\u00c5 \u2013 Klikk p\u00e5 din foretrukne utsalgssted nedenfor:<\/h4>\n<p>&nbsp;<\/p>\n<p><a href=\"https:\/\/www.amazon.co.uk\/Tankevekkere-korte-refleksjoner-George-Manus\/dp\/8743029515\/ref=sr_1_2?dchild=1&amp;keywords=Tankevekkere&amp;qid=1610963740&amp;s=books&amp;sr=1-2\" target=\"_blank\" rel=\"noopener\"><img loading=\"lazy\" decoding=\"async\" class=\"alignnone wp-image-135 size-full\" src=\"https:\/\/georgemanus-books.com\/wp-content\/uploads\/2023\/12\/MM-buy-on-amazon-125.jpg\" alt=\"\" width=\"125\" height=\"39\" srcset=\"https:\/\/georgemanus-books.com\/wp-content\/uploads\/2023\/12\/MM-buy-on-amazon-125.jpg 125w, https:\/\/georgemanus-books.com\/wp-content\/uploads\/2023\/12\/MM-buy-on-amazon-125-18x6.jpg 18w\" sizes=\"auto, (max-width: 125px) 100vw, 125px\" \/><\/a><a href=\"https:\/\/www.ebay.co.uk\/itm\/En-Kvinnes-mange-flyttinger-Manus-George-9788771883411-Fast-Free-Shipping\/313010978972?hash=item48e0e8809c:g:qXcAAOSwZKJeVppl\" target=\"_blank\" rel=\"noopener\">\u00a0\u00a0\u00a0\u00a0 <\/a><a href=\"https:\/\/www.ebay.co.uk\" target=\"_blank\" rel=\"noopener\"><img loading=\"lazy\" decoding=\"async\" class=\"alignnone wp-image-138 size-full\" src=\"https:\/\/georgemanus-books.com\/wp-content\/uploads\/2023\/12\/MM-buy-on-ebay-125.jpg\" alt=\"\" width=\"125\" height=\"39\" srcset=\"https:\/\/georgemanus-books.com\/wp-content\/uploads\/2023\/12\/MM-buy-on-ebay-125.jpg 125w, https:\/\/georgemanus-books.com\/wp-content\/uploads\/2023\/12\/MM-buy-on-ebay-125-18x6.jpg 18w\" sizes=\"auto, (max-width: 125px) 100vw, 125px\" \/><\/a><a href=\"https:\/\/books.apple.com\/us\/book\/a-woman-s-many-migrations\/id1277639866?mt=11&amp;app=itunes\" target=\"_blank\" rel=\"noopener\">\u00a0\u00a0\u00a0\u00a0 <\/a><a href=\"https:\/\/books.apple.com\/us\/book\/tankevekkere\/id1548674826\" target=\"_blank\" rel=\"noopener\"><img loading=\"lazy\" decoding=\"async\" class=\"alignnone wp-image-136 size-full\" src=\"https:\/\/georgemanus-books.com\/wp-content\/uploads\/2023\/12\/MM-buy-on-apple-125.jpg\" alt=\"\" width=\"125\" height=\"39\" srcset=\"https:\/\/georgemanus-books.com\/wp-content\/uploads\/2023\/12\/MM-buy-on-apple-125.jpg 125w, https:\/\/georgemanus-books.com\/wp-content\/uploads\/2023\/12\/MM-buy-on-apple-125-18x6.jpg 18w\" sizes=\"auto, (max-width: 125px) 100vw, 125px\" \/><\/a> \u00a0 \u00a0 <a href=\"https:\/\/www.bod.dk\/bogshop\/tankevekkere-george-manus-9788743029519\" target=\"_blank\" rel=\"noopener\"><img loading=\"lazy\" decoding=\"async\" class=\"alignnone wp-image-137 size-full\" src=\"https:\/\/georgemanus-books.com\/wp-content\/uploads\/2023\/12\/MM-buy-on-BOD-125.jpg\" alt=\"\" width=\"125\" height=\"39\" srcset=\"https:\/\/georgemanus-books.com\/wp-content\/uploads\/2023\/12\/MM-buy-on-BOD-125.jpg 125w, https:\/\/georgemanus-books.com\/wp-content\/uploads\/2023\/12\/MM-buy-on-BOD-125-18x6.jpg 18w\" sizes=\"auto, (max-width: 125px) 100vw, 125px\" \/><\/a><\/p>\n<p>*Boken vil kunne skaffes av alle bokhandlere med henvisning til det internasjonale ISBN nummeret, eller man kan google ISBN nummeret.<\/p>\n<p>ISBN: 9788743031321<\/p>\n<p class=\"p1\">25-02-2021<\/p>\n<div id=\"row-1850034777\" class=\"row row-collapse\">\n<div id=\"col-904504582\" class=\"col medium-3 small-12 large-3\">\n<div class=\"col-inner\">\n<div id=\"image_563293526\" class=\"img has-hover x md-x lg-x y md-y lg-y\"><\/div>\n<\/div>\n<\/div>\n<div id=\"col-131598945\" class=\"col medium-3 small-12 large-3\">\n<div class=\"col-inner\">\n<div id=\"image_367889893\" class=\"img has-hover x md-x lg-x y md-y lg-y\">\n<div class=\"img-inner dark\"><\/div>\n<\/div>\n<\/div>\n<\/div>\n<\/div>\n<div id=\"gap-103559906\" class=\"gap-element clearfix\"><\/div>\n<p>&nbsp;<\/p>","protected":false},"excerpt":{"rendered":"<h5><strong><em>\u2013 1001 korte refleksjoner og ordspill<\/em><\/strong><\/h5>\n<p>Denne boken dedikerer jeg til: Ofrene for Covid 19 epidemien. Mitt barnebarn Nicolas, som nettopp har fylt 22 \u00e5r, ble testet positiv etter en vinterferie i St. Anton i mars i \u00e5r, men var blant dem som ble gitt \u201call clear\u201d etter et isolert karanteneopphold.<\/p>","protected":false},"featured_media":54,"comment_status":"closed","ping_status":"closed","template":"","meta":[],"product_brand":[],"product_cat":[18],"product_tag":[],"class_list":{"0":"post-53","1":"product","2":"type-product","3":"status-publish","4":"has-post-thumbnail","6":"product_cat-george-manus","8":"first","9":"instock","10":"shipping-taxable","11":"product-type-simple"},"_links":{"self":[{"href":"https:\/\/georgemanus-books.com\/nb\/wp-json\/wp\/v2\/product\/53","targetHints":{"allow":["GET"]}}],"collection":[{"href":"https:\/\/georgemanus-books.com\/nb\/wp-json\/wp\/v2\/product"}],"about":[{"href":"https:\/\/georgemanus-books.com\/nb\/wp-json\/wp\/v2\/types\/product"}],"replies":[{"embeddable":true,"href":"https:\/\/georgemanus-books.com\/nb\/wp-json\/wp\/v2\/comments?post=53"}],"wp:featuredmedia":[{"embeddable":true,"href":"https:\/\/georgemanus-books.com\/nb\/wp-json\/wp\/v2\/media\/54"}],"wp:attachment":[{"href":"https:\/\/georgemanus-books.com\/nb\/wp-json\/wp\/v2\/media?parent=53"}],"wp:term":[{"taxonomy":"product_brand","embeddable":true,"href":"https:\/\/georgemanus-books.com\/nb\/wp-json\/wp\/v2\/product_brand?post=53"},{"taxonomy":"product_cat","embeddable":true,"href":"https:\/\/georgemanus-books.com\/nb\/wp-json\/wp\/v2\/product_cat?post=53"},{"taxonomy":"product_tag","embeddable":true,"href":"https:\/\/georgemanus-books.com\/nb\/wp-json\/wp\/v2\/product_tag?post=53"}],"curies":[{"name":"wp","href":"https:\/\/api.w.org\/{rel}","templated":true}]}}