{"id":51,"date":"2023-06-12T18:41:07","date_gmt":"2023-06-12T17:41:07","guid":{"rendered":"https:\/\/georgemanus-books.com\/?post_type=product&#038;p=51"},"modified":"2026-02-23T20:30:21","modified_gmt":"2026-02-23T19:30:21","slug":"stories-thoughts-i","status":"publish","type":"product","link":"https:\/\/georgemanus-books.com\/nb\/produkt\/stories-thoughts-i\/","title":{"rendered":"Historier og Tanker I"},"content":{"rendered":"<p><em>\u2013 Tanker er tollfrie<\/em><\/p>\n<p>Etter utgivelsen av de tre f\u00f8rste b\u00f8kene hans, REFLECTIONS I \u2013 II og III, den siste sent i 2017, trodde George Manus at det kunne stoppe der. Etter \u00e5 ha publisert serien med b\u00f8ker han kaller ORD MED P\u00c5 VEIEN \u2013 korte refleksjoner og ordspill, kommer han n\u00e5 med en ny vri basert p\u00e5 samme tema \u2013 HISTORIER &amp; TANKER I.<\/p>\n<p>Jeg har dedikert den til tankene, ettersom intet kan skrives uten at det ligger tanker bak. Tittelen dekker derfor etter min mening innholdet.<\/p>\n<p>\u201cTanken er tollfri\u201d, heter det. Det er viktig \u00e5 feste seg ved det. Det er et privilegium vi alle har som mennesker. Tankene har du for deg selv og ingen kommer noen gang til \u00e5 f\u00e5 vite hva du tenker, hvis du \u00f8nsker \u00e5 holde det for deg selv.<\/p>\n<p>Tankene er for meg som damp i en trykkoker. Spesielt n\u00e5r det gjelder tanker som jeg lenge har g\u00e5tt og ruget p\u00e5. Ut skal de i en eller annen form og ut kommer de som regel. Men, heldigvis, det gjelder kun de som jeg ikke \u00f8nsker \u00e5 holde for meg selv.<\/p>\n<p>Pleasant reading.<\/p>\n<h4>KJ\u00d8P N\u00c5 \u2013 Klikk p\u00e5 din foretrukne utsalgssted nedenfor:<\/h4>\n<p>&nbsp;<\/p>\n<p><a href=\"https:\/\/www.amazon.co.uk\/Stories-Thoughts-are-duty-free\/dp\/8743014143\/ref=sr_1_1?dchild=1&amp;keywords=Stories++Thoughts+I+george+manus&amp;qid=1607454969&amp;s=books&amp;sr=1-1\" target=\"_blank\" rel=\"noopener\"><img loading=\"lazy\" decoding=\"async\" class=\"alignnone wp-image-135 size-full\" src=\"https:\/\/georgemanus-books.com\/wp-content\/uploads\/2023\/12\/MM-buy-on-amazon-125.jpg\" alt=\"\" width=\"125\" height=\"39\" srcset=\"https:\/\/georgemanus-books.com\/wp-content\/uploads\/2023\/12\/MM-buy-on-amazon-125.jpg 125w, https:\/\/georgemanus-books.com\/wp-content\/uploads\/2023\/12\/MM-buy-on-amazon-125-18x6.jpg 18w\" sizes=\"auto, (max-width: 125px) 100vw, 125px\" \/><\/a><a href=\"https:\/\/www.ebay.co.uk\/itm\/En-Kvinnes-mange-flyttinger-Manus-George-9788771883411-Fast-Free-Shipping\/313010978972?hash=item48e0e8809c:g:qXcAAOSwZKJeVppl\" target=\"_blank\" rel=\"noopener\">\u00a0\u00a0\u00a0\u00a0 <\/a><a href=\"https:\/\/www.ebay.co.uk\/itm\/Stories-Thoughts-I-Thoughts-are-duty-free-by-George-Manus-English-Paperbac\/383670277930?hash=item595487d72a:g:sR8AAOSwhC9fQszE\" target=\"_blank\" rel=\"noopener\"><img loading=\"lazy\" decoding=\"async\" class=\"alignnone wp-image-138 size-full\" src=\"https:\/\/georgemanus-books.com\/wp-content\/uploads\/2023\/12\/MM-buy-on-ebay-125.jpg\" alt=\"\" width=\"125\" height=\"39\" srcset=\"https:\/\/georgemanus-books.com\/wp-content\/uploads\/2023\/12\/MM-buy-on-ebay-125.jpg 125w, https:\/\/georgemanus-books.com\/wp-content\/uploads\/2023\/12\/MM-buy-on-ebay-125-18x6.jpg 18w\" sizes=\"auto, (max-width: 125px) 100vw, 125px\" \/><\/a><a href=\"https:\/\/books.apple.com\/us\/book\/a-woman-s-many-migrations\/id1277639866?mt=11&amp;app=itunes\" target=\"_blank\" rel=\"noopener\">\u00a0\u00a0\u00a0\u00a0 <\/a><a href=\"https:\/\/books.apple.com\/us\/book\/stories-thoughts-i\/id1500743241\" target=\"_blank\" rel=\"noopener\"><img loading=\"lazy\" decoding=\"async\" class=\"alignnone wp-image-136 size-full\" src=\"https:\/\/georgemanus-books.com\/wp-content\/uploads\/2023\/12\/MM-buy-on-apple-125.jpg\" alt=\"\" width=\"125\" height=\"39\" srcset=\"https:\/\/georgemanus-books.com\/wp-content\/uploads\/2023\/12\/MM-buy-on-apple-125.jpg 125w, https:\/\/georgemanus-books.com\/wp-content\/uploads\/2023\/12\/MM-buy-on-apple-125-18x6.jpg 18w\" sizes=\"auto, (max-width: 125px) 100vw, 125px\" \/><\/a> \u00a0\u00a0 \u00a0<a href=\"https:\/\/www.bod.dk\/bogshop\/historier-og-tanker-i-george-manus-9788743013792\" target=\"_blank\" rel=\"noopener\"><img loading=\"lazy\" decoding=\"async\" class=\"alignnone wp-image-137 size-full\" src=\"https:\/\/georgemanus-books.com\/wp-content\/uploads\/2023\/12\/MM-buy-on-BOD-125.jpg\" alt=\"\" width=\"125\" height=\"39\" srcset=\"https:\/\/georgemanus-books.com\/wp-content\/uploads\/2023\/12\/MM-buy-on-BOD-125.jpg 125w, https:\/\/georgemanus-books.com\/wp-content\/uploads\/2023\/12\/MM-buy-on-BOD-125-18x6.jpg 18w\" sizes=\"auto, (max-width: 125px) 100vw, 125px\" \/><\/a><\/p>\n<p>Denne boken kan ogs\u00e5 bestilles fra alle gode bokhandlere med ISBN-nummeret \u2013 eller du kan ganske enkelt google ISBN-nummeret for \u00e5 finne den.<\/p>\n<p>ISBN: 9788743013792<\/p>\n<p class=\"p1\">06-12-2023<\/p>\n<p>E-bok ISBN: 9788743063582<\/p>\n<div id=\"row-1528098598\" class=\"row row-collapse\">\n<div id=\"col-567491169\" class=\"col medium-3 small-12 large-3\">\n<div class=\"col-inner\">\n<div id=\"image_579538201\" class=\"img has-hover x md-x lg-x y md-y lg-y\"><\/div>\n<\/div>\n<\/div>\n<div id=\"col-581718039\" class=\"col medium-3 small-12 large-3\">\n<div class=\"col-inner\">\n<div id=\"image_2002212335\" class=\"img has-hover x md-x lg-x y md-y lg-y\">\n<div class=\"img-inner dark\"><\/div>\n<\/div>\n<\/div>\n<\/div>\n<div id=\"col-459651552\" class=\"col medium-3 small-12 large-3\">\n<div class=\"col-inner\">\n<div id=\"image_64976282\" class=\"img has-hover x md-x lg-x y md-y lg-y\">\n<div class=\"img-inner dark\"><\/div>\n<\/div>\n<\/div>\n<\/div>\n<\/div>\n<div id=\"gap-393954485\" class=\"gap-element clearfix\"><\/div>\n<p>&nbsp;<\/p>","protected":false},"excerpt":{"rendered":"<h5><strong><em>\u2013 Tanker er tollfrie<\/em><\/strong><\/h5>\n<p>Etter utgivelsen av de tre f\u00f8rste b\u00f8kene hans, REFLECTIONS I \u2013 II og III, den siste sent i 2017, trodde George Manus at det kunne stoppe der. Etter \u00e5 ha publisert serien med b\u00f8ker han kaller ORD MED P\u00c5 VEIEN \u2013 korte refleksjoner og ordspill, kommer han n\u00e5 med en ny vri basert p\u00e5 samme tema \u2013 HISTORIER &amp; TANKER I.<\/p>","protected":false},"featured_media":52,"comment_status":"closed","ping_status":"closed","template":"","meta":[],"product_brand":[],"product_cat":[18],"product_tag":[],"class_list":{"0":"post-51","1":"product","2":"type-product","3":"status-publish","4":"has-post-thumbnail","6":"product_cat-george-manus","8":"first","9":"instock","10":"shipping-taxable","11":"product-type-simple"},"_links":{"self":[{"href":"https:\/\/georgemanus-books.com\/nb\/wp-json\/wp\/v2\/product\/51","targetHints":{"allow":["GET"]}}],"collection":[{"href":"https:\/\/georgemanus-books.com\/nb\/wp-json\/wp\/v2\/product"}],"about":[{"href":"https:\/\/georgemanus-books.com\/nb\/wp-json\/wp\/v2\/types\/product"}],"replies":[{"embeddable":true,"href":"https:\/\/georgemanus-books.com\/nb\/wp-json\/wp\/v2\/comments?post=51"}],"wp:featuredmedia":[{"embeddable":true,"href":"https:\/\/georgemanus-books.com\/nb\/wp-json\/wp\/v2\/media\/52"}],"wp:attachment":[{"href":"https:\/\/georgemanus-books.com\/nb\/wp-json\/wp\/v2\/media?parent=51"}],"wp:term":[{"taxonomy":"product_brand","embeddable":true,"href":"https:\/\/georgemanus-books.com\/nb\/wp-json\/wp\/v2\/product_brand?post=51"},{"taxonomy":"product_cat","embeddable":true,"href":"https:\/\/georgemanus-books.com\/nb\/wp-json\/wp\/v2\/product_cat?post=51"},{"taxonomy":"product_tag","embeddable":true,"href":"https:\/\/georgemanus-books.com\/nb\/wp-json\/wp\/v2\/product_tag?post=51"}],"curies":[{"name":"wp","href":"https:\/\/api.w.org\/{rel}","templated":true}]}}