{"id":439,"date":"2026-02-23T19:44:18","date_gmt":"2026-02-23T18:44:18","guid":{"rendered":"https:\/\/georgemanus-books.com\/?post_type=product&#038;p=439"},"modified":"2026-03-31T10:03:57","modified_gmt":"2026-03-31T09:03:57","slug":"8-3-billion","status":"publish","type":"product","link":"https:\/\/georgemanus-books.com\/nb\/produkt\/8-3-billion\/","title":{"rendered":"8.3 milliarder"},"content":{"rendered":"<p><span dir=\"auto\">George Manus utforsker ideen om at vi alle er fundamentalt forskjellige, og utfordrer den vanlige oppfatningen om at alle er like. Med utgangspunkt i en rik livserfaring gir han innsikt i hvordan det \u00e5 omfavne disse forskjellene kan forbedre livene v\u00e5re.<\/span><\/p>\n<p><strong><span dir=\"auto\">Oppdag hvorfor det \u00e5 akseptere v\u00e5re unike forskjeller er n\u00f8kkelen til respekt, toleranse og en bedre livskvalitet.<\/span><\/strong><\/p>\n<p><span dir=\"auto\">George Manus bringer med seg en rik erfaring fra sin varierte bakgrunn, inkludert selvbiografiske historier fra barndommen i Stockholm, Ulvik og Asker, en lang karriere som forretningsmann i Norge og Danmark, og pensjonisttilv\u00e6relsen i Spania. Han har ogs\u00e5 dokumentert historien til selskapet \u00abMax Manus\u00bb og laget detaljerte oversikter over sine mange oppfinnelser. Utover det har George publisert filosofiske refleksjoner, aforismer og tankevekkende hefter, som du kan utforske videre p\u00e5 denne nettsiden.<\/span><\/p>\n<p><span dir=\"auto\">I denne nye boken pr\u00f8ver George \u00e5 avlive myten om at alle er like. I stedet argumenterte han for at vi m\u00e5 akseptere v\u00e5re grunnleggende forskjeller, sammen med de positive og negative effektene de medf\u00f8rer. Dette skiftet krever en revurdering av verdinormer og en ny forst\u00e5else av respekt og toleranse. Avgj\u00f8rende er at disse holdningsendringene m\u00e5 skje frivillig. Han understreker viktigheten av \u00e5 tydeliggj\u00f8re begrepet rettferdighet og heve standardene for rettferdig lederskap.<\/span><\/p>\n<p><span dir=\"auto\">Ved \u00e5 v\u00e6re bevisst p\u00e5 dine egne livsverdier \u2013 og omfavne overbevisningen om at alle er unike \u2013 kan du redusere stress og frustrasjon, noe som f\u00f8rer til et rikere og mer meningsfullt liv.<\/span><\/p>\n<p><span dir=\"auto\">Som \u00e5ttiseks\u00e5ring reflekterer George over et liv med erfaringer, inkludert \u00e5 ha reist mer enn tre ganger til m\u00e5nen som sj\u00e5f\u00f8r! \u200b\u200bHans naturlige nysgjerrighet har gjort ham sv\u00e6rt observant i mange situasjoner, ned til de minste detaljer. For eksempel ble han ofte frustrert over andres brudd p\u00e5 trafikkreglene, noe han la merke til.<\/span><\/p>\n<p><span dir=\"auto\">Etter \u00e5 ha fullf\u00f8rt utallige bilturer over hele Europa og bodd i Spania i over 20 \u00e5r, anser George seg selv som en dyktig sj\u00e5f\u00f8r. Likevel, f\u00f8r han fullt ut forsto mangfoldet av mennesker, pleide han \u00e5 p\u00e5peke andres kj\u00f8refeil h\u00f8ylytt, til stor irritasjon for passasjerene sine. Denne oppf\u00f8rselen stammer fra det faktum at p\u00e5 grunn av v\u00e5re forskjeller, tror hver av oss at vi har rett og er unike basert p\u00e5 v\u00e5re egne antagelser.<\/span><\/p>\n<p><span dir=\"auto\">Vi vil ikke bare ha rett; vi pr\u00f8ver stadig \u00e5 st\u00f8tte opp om v\u00e5re personlige synspunkter og vri dem til v\u00e5r fordel. Det er lett \u00e5 se n\u00e5r noen er uenige med deg og \u00e5 vurdere hvor mye felles grunnlag man kan finne.<\/span><\/p>\n<h4>KJ\u00d8P N\u00c5 \u2013 Klikk p\u00e5 din foretrukne utsalgssted nedenfor:<\/h4>\n<p>\u00a0<\/p>\n<p><a href=\"https:\/\/www.amazon.es\/8-3-milliarder-forskjellig-hvilket-unike\/dp\/8771883304\" target=\"_blank\" rel=\"noopener\"><img loading=\"lazy\" decoding=\"async\" class=\"alignnone wp-image-135 size-full\" src=\"https:\/\/georgemanus-books.com\/wp-content\/uploads\/2023\/12\/MM-buy-on-amazon-125.jpg\" sizes=\"auto, (max-width: 125px) 100vw, 125px\" srcset=\"https:\/\/georgemanus-books.com\/wp-content\/uploads\/2023\/12\/MM-buy-on-amazon-125.jpg 125w, https:\/\/georgemanus-books.com\/wp-content\/uploads\/2023\/12\/MM-buy-on-amazon-125-18x6.jpg 18w\" alt=\"\" width=\"125\" height=\"39\" \/><\/a> \u00a0\u00a0 \u00a0\u00a0 <a href=\"https:\/\/bogshop.bod.dk\/8-3-milliarder-george-manus-9788771883305\" target=\"_blank\" rel=\"noopener\"><img loading=\"lazy\" decoding=\"async\" class=\"alignnone wp-image-137 size-full\" src=\"https:\/\/georgemanus-books.com\/wp-content\/uploads\/2023\/12\/MM-buy-on-BOD-125.jpg\" sizes=\"auto, (max-width: 125px) 100vw, 125px\" srcset=\"https:\/\/georgemanus-books.com\/wp-content\/uploads\/2023\/12\/MM-buy-on-BOD-125.jpg 125w, https:\/\/georgemanus-books.com\/wp-content\/uploads\/2023\/12\/MM-buy-on-BOD-125-18x6.jpg 18w\" alt=\"\" width=\"125\" height=\"39\" \/><\/a><a href=\"https:\/\/www.ebay.co.uk\/itm\/Words-for-the-Road-X-by-George-Manus-Free-Shipping\/393002745141?hash=item5b80c9fd35:g:VUwAAOSw9IZfqFbV\" target=\"_blank\" rel=\"noopener\">\u00a0 \u00a0<\/a>\u00a0 \u00a0\u00a0<a href=\"https:\/\/www.worldofbooks.com\/en-gb\/products\/8-3-milliarder-book-george-manus-9788771883305\" target=\"_blank\" rel=\"noopener\"><img loading=\"lazy\" decoding=\"async\" class=\"alignnone wp-image-368 size-full\" src=\"https:\/\/georgemanus-books.com\/wp-content\/uploads\/2024\/01\/Barnes-Noble-Logo-BUTTON-S.jpg\" alt=\"\" width=\"125\" height=\"39\" srcset=\"https:\/\/georgemanus-books.com\/wp-content\/uploads\/2024\/01\/Barnes-Noble-Logo-BUTTON-S.jpg 125w, https:\/\/georgemanus-books.com\/wp-content\/uploads\/2024\/01\/Barnes-Noble-Logo-BUTTON-S-18x6.jpg 18w\" sizes=\"auto, (max-width: 125px) 100vw, 125px\" \/><\/a>\u00a0 \u00a0 \u00a0 <a href=\"https:\/\/www.waterstones.com\/book\/8-3-billion\/george-manus\/\/9788743072492\" target=\"_blank\" rel=\"noopener\"><img loading=\"lazy\" decoding=\"async\" class=\"alignnone wp-image-369 size-full\" src=\"https:\/\/georgemanus-books.com\/wp-content\/uploads\/2024\/01\/waterstones-logo-button-S.jpg\" alt=\"\" width=\"125\" height=\"39\" srcset=\"https:\/\/georgemanus-books.com\/wp-content\/uploads\/2024\/01\/waterstones-logo-button-S.jpg 125w, https:\/\/georgemanus-books.com\/wp-content\/uploads\/2024\/01\/waterstones-logo-button-S-18x6.jpg 18w\" sizes=\"auto, (max-width: 125px) 100vw, 125px\" \/><\/a><\/p>\n<p class=\"binding\">Pocketbok \u2013 208 sider<\/p>\n<p class=\"isbn\">ISBN: 9788771883305<\/p>","protected":false},"excerpt":{"rendered":"<p><span dir=\"auto\">George Manus utforsker ideen om at vi alle er fundamentalt forskjellige, og utfordrer den vanlige oppfatningen om at alle er like. Med utgangspunkt i en rik livserfaring gir han innsikt i hvordan det \u00e5 omfavne disse forskjellene kan forbedre livene v\u00e5re.<\/span><\/p>","protected":false},"featured_media":440,"comment_status":"closed","ping_status":"closed","template":"","meta":[],"product_brand":[],"product_cat":[18],"product_tag":[],"class_list":{"0":"post-439","1":"product","2":"type-product","3":"status-publish","4":"has-post-thumbnail","6":"product_cat-george-manus","8":"first","9":"instock","10":"shipping-taxable","11":"product-type-simple"},"_links":{"self":[{"href":"https:\/\/georgemanus-books.com\/nb\/wp-json\/wp\/v2\/product\/439","targetHints":{"allow":["GET"]}}],"collection":[{"href":"https:\/\/georgemanus-books.com\/nb\/wp-json\/wp\/v2\/product"}],"about":[{"href":"https:\/\/georgemanus-books.com\/nb\/wp-json\/wp\/v2\/types\/product"}],"replies":[{"embeddable":true,"href":"https:\/\/georgemanus-books.com\/nb\/wp-json\/wp\/v2\/comments?post=439"}],"wp:featuredmedia":[{"embeddable":true,"href":"https:\/\/georgemanus-books.com\/nb\/wp-json\/wp\/v2\/media\/440"}],"wp:attachment":[{"href":"https:\/\/georgemanus-books.com\/nb\/wp-json\/wp\/v2\/media?parent=439"}],"wp:term":[{"taxonomy":"product_brand","embeddable":true,"href":"https:\/\/georgemanus-books.com\/nb\/wp-json\/wp\/v2\/product_brand?post=439"},{"taxonomy":"product_cat","embeddable":true,"href":"https:\/\/georgemanus-books.com\/nb\/wp-json\/wp\/v2\/product_cat?post=439"},{"taxonomy":"product_tag","embeddable":true,"href":"https:\/\/georgemanus-books.com\/nb\/wp-json\/wp\/v2\/product_tag?post=439"}],"curies":[{"name":"wp","href":"https:\/\/api.w.org\/{rel}","templated":true}]}}