{"id":406,"date":"2025-06-14T09:12:07","date_gmt":"2025-06-14T08:12:07","guid":{"rendered":"https:\/\/georgemanus-books.com\/?post_type=product&#038;p=406"},"modified":"2026-02-23T20:28:24","modified_gmt":"2026-02-23T19:28:24","slug":"in-the-spirit-of-democracy","status":"publish","type":"product","link":"https:\/\/georgemanus-books.com\/nb\/produkt\/in-the-spirit-of-democracy\/","title":{"rendered":"I demokratiets \u00e5nd"},"content":{"rendered":"<p>Jeg har gitt denne boken samme tittel som jeg hadde p\u00e5 en Refleksjon jeg skrev i 2016 og kalte: I Demokratiet \u00e5nd.<\/p>\n<p>Den er hentet fra min bok: 217 Refleksjoner, utgitt i 2022, er kun p\u00e5 vel fem sider, og representerer noen av mine politiske synspunkter p\u00e5 den tiden den ble satt p\u00e5 papiret.\nN\u00e5r jeg leser den i dag, nesten ti \u00e5r senere, st\u00e5r jeg stort sett for det jeg skrev den gang.\nEtter I Demokratiets \u00e5nd f\u00f8lger en liten rapport:<\/p>\n<p>EN DAG SOM HUSKES, som jeg skrev i juni 2024, og som etter min mening taler for seg selv.\nDeretter har jeg fra min bok \"TANKEVEKKERE - 1001 korte refleksjoner\", som ble utgitt i 2020, valgt ut 84 som alle p\u00e5 en eller annen m\u00e5te er relatert til politikk, og er navngitt i innholdsfortegnelsen i alfabetisk rekkef\u00f8lge.\nAlle Tankevekkerne er korte og vanligvis bare p\u00e5 noen f\u00e5 linjer.<\/p>\n<p>Ettersom jeg n\u00e5 har passert \u00e5ttifem og har hatt fast bosted i Spania de siste femten til tjue \u00e5rene, vil naturlig nok noen av de politiske Tankevekkerne b\u00e6re preg av det, men i hovedsak, og fra mitt synspunkt, mener jeg at de gjenspeiler mine personlige meninger.<\/p>\n<p>S\u00e5 langt tilbake som jeg kan huske har jeg v\u00e6rt opptatt av menneskers holdninger og ikke minst har jeg i de senere \u00e5r blitt meg dette mye mer bevisst, ikke minst i lys av at jeg som nevnt har bodd i Spania i mange \u00e5r og i de siste 10 utgitt 24 b\u00f8ker.<\/p>\n<p>Det burde etter min mening v\u00e6re et krav til politikere valgt i demokratiske samfunn, at de er utstyrt med solide og rettferdige livs-verdier og holdninger p\u00e5 alle plan, ettersom de er valgt til styre samfunnet for oss skattebetalere.<\/p>\n<p>Fra mitt utvalg av Refleksjoner, har jeg tatt med 34, som alle i en st\u00f8rre eller mindre grad er relatert til livs-verdier og holdninger. Den f\u00f8rste ble skrevet i 1990 og den siste i 2023. De ble satt p\u00e5 papiret for \u00e5 teste mine meninger om disse, for meg, betydningsfulle begrepene.<\/p>\n<p>Etter hver Refleksjon, som dekker fra to til fem sider, har jeg, bortsett fra i noen f\u00e5 med flere, satt inn fire Tankevekkere relatert til innholdet av den respektive Refleksjonen.<\/p>\n<p>Jeg har valgt \u00e5 ta med disse Refleksjonene og tankevekkere, hvorav mange er sterkt personlige, fordi jeg ser p\u00e5 livs-verdier og holdninger som menneskers viktigste styringsverkt\u00f8y.<\/p>\n<p>Jeg hevder ikke p\u00e5 noen m\u00e5te at disse refleksjonene er fasit for de viktigste og riktigste livs-verdier og holdninger, men at de kanskje kan gi en liten p\u00e5minnelse om disses betydning for oss alle og ikke minst hos de som steller med politikk.<\/p>\n<h4>KJ\u00d8P N\u00c5 \u2013 Klikk p\u00e5 din foretrukne utsalgssted nedenfor:<\/h4>\n<p>\u00a0<\/p>\n<p><a href=\"https:\/\/www.amazon.com\/-\/es\/George-Manus\/dp\/8771457364\" target=\"_blank\" rel=\"noopener\"><img loading=\"lazy\" decoding=\"async\" class=\"alignnone wp-image-135 size-full\" src=\"https:\/\/georgemanus-books.com\/wp-content\/uploads\/2023\/12\/MM-buy-on-amazon-125.jpg\" sizes=\"auto, (max-width: 125px) 100vw, 125px\" srcset=\"https:\/\/georgemanus-books.com\/wp-content\/uploads\/2023\/12\/MM-buy-on-amazon-125.jpg 125w, https:\/\/georgemanus-books.com\/wp-content\/uploads\/2023\/12\/MM-buy-on-amazon-125-18x6.jpg 18w\" alt=\"\" width=\"125\" height=\"39\" \/><\/a> \u00a0\u00a0 \u00a0\u00a0 <a href=\"https:\/\/bogshop.bod.dk\/i-demokratiets-and-george-manus-9788771457360\" target=\"_blank\" rel=\"noopener\"><img loading=\"lazy\" decoding=\"async\" class=\"alignnone wp-image-137 size-full\" src=\"https:\/\/georgemanus-books.com\/wp-content\/uploads\/2023\/12\/MM-buy-on-BOD-125.jpg\" sizes=\"auto, (max-width: 125px) 100vw, 125px\" srcset=\"https:\/\/georgemanus-books.com\/wp-content\/uploads\/2023\/12\/MM-buy-on-BOD-125.jpg 125w, https:\/\/georgemanus-books.com\/wp-content\/uploads\/2023\/12\/MM-buy-on-BOD-125-18x6.jpg 18w\" alt=\"\" width=\"125\" height=\"39\" \/><\/a><a href=\"https:\/\/www.ebay.co.uk\/itm\/Words-for-the-Road-X-by-George-Manus-Free-Shipping\/393002745141?hash=item5b80c9fd35:g:VUwAAOSw9IZfqFbV\" target=\"_blank\" rel=\"noopener\">\u00a0 \u00a0 \u00a0 <\/a><a href=\"https:\/\/www.ebay.co.uk\/itm\/388432193132\" target=\"_blank\" rel=\"noopener\"><img loading=\"lazy\" decoding=\"async\" class=\"alignnone wp-image-138 size-full\" src=\"https:\/\/georgemanus-books.com\/wp-content\/uploads\/2023\/12\/MM-buy-on-ebay-125.jpg\" sizes=\"auto, (max-width: 125px) 100vw, 125px\" srcset=\"https:\/\/georgemanus-books.com\/wp-content\/uploads\/2023\/12\/MM-buy-on-ebay-125.jpg 125w, https:\/\/georgemanus-books.com\/wp-content\/uploads\/2023\/12\/MM-buy-on-ebay-125-18x6.jpg 18w\" alt=\"\" width=\"125\" height=\"39\" \/><\/a>\u00a0 \u00a0 \u00a0 <a href=\"https:\/\/www.barnesandnoble.com\/w\/i-demokratiets-i-nd-george-manus\/1147260165\" target=\"_blank\" rel=\"noopener\"><img loading=\"lazy\" decoding=\"async\" class=\"alignnone wp-image-368 size-full\" src=\"https:\/\/georgemanus-books.com\/wp-content\/uploads\/2024\/01\/Barnes-Noble-Logo-BUTTON-S.jpg\" alt=\"\" width=\"125\" height=\"39\" srcset=\"https:\/\/georgemanus-books.com\/wp-content\/uploads\/2024\/01\/Barnes-Noble-Logo-BUTTON-S.jpg 125w, https:\/\/georgemanus-books.com\/wp-content\/uploads\/2024\/01\/Barnes-Noble-Logo-BUTTON-S-18x6.jpg 18w\" sizes=\"auto, (max-width: 125px) 100vw, 125px\" \/><\/a>\u00a0 \u00a0 \u00a0 <a href=\"https:\/\/www.waterstones.com\/book\/in-the-spirit-of-democracy\/george-manus\/\/9788771457889\" target=\"_blank\" rel=\"noopener\"><img loading=\"lazy\" decoding=\"async\" class=\"alignnone wp-image-369 size-full\" src=\"https:\/\/georgemanus-books.com\/wp-content\/uploads\/2024\/01\/waterstones-logo-button-S.jpg\" alt=\"\" width=\"125\" height=\"39\" srcset=\"https:\/\/georgemanus-books.com\/wp-content\/uploads\/2024\/01\/waterstones-logo-button-S.jpg 125w, https:\/\/georgemanus-books.com\/wp-content\/uploads\/2024\/01\/waterstones-logo-button-S-18x6.jpg 18w\" sizes=\"auto, (max-width: 125px) 100vw, 125px\" \/><\/a><\/p>\n<p class=\"binding\">Paperback \u2013 192 Sider<\/p>\n<p class=\"isbn\">ISBN: 9788771457360<\/p>","protected":false},"excerpt":{"rendered":"<p>Jeg har gitt denne boken samme tittel som jeg hadde p\u00e5 en Refleksjon jeg skrev i 2016 og kalte: I Demokratiet \u00e5nd.<\/p>","protected":false},"featured_media":416,"comment_status":"closed","ping_status":"closed","template":"","meta":[],"product_brand":[],"product_cat":[18],"product_tag":[],"class_list":{"0":"post-406","1":"product","2":"type-product","3":"status-publish","4":"has-post-thumbnail","6":"product_cat-george-manus","8":"first","9":"instock","10":"shipping-taxable","11":"product-type-simple"},"_links":{"self":[{"href":"https:\/\/georgemanus-books.com\/nb\/wp-json\/wp\/v2\/product\/406","targetHints":{"allow":["GET"]}}],"collection":[{"href":"https:\/\/georgemanus-books.com\/nb\/wp-json\/wp\/v2\/product"}],"about":[{"href":"https:\/\/georgemanus-books.com\/nb\/wp-json\/wp\/v2\/types\/product"}],"replies":[{"embeddable":true,"href":"https:\/\/georgemanus-books.com\/nb\/wp-json\/wp\/v2\/comments?post=406"}],"wp:featuredmedia":[{"embeddable":true,"href":"https:\/\/georgemanus-books.com\/nb\/wp-json\/wp\/v2\/media\/416"}],"wp:attachment":[{"href":"https:\/\/georgemanus-books.com\/nb\/wp-json\/wp\/v2\/media?parent=406"}],"wp:term":[{"taxonomy":"product_brand","embeddable":true,"href":"https:\/\/georgemanus-books.com\/nb\/wp-json\/wp\/v2\/product_brand?post=406"},{"taxonomy":"product_cat","embeddable":true,"href":"https:\/\/georgemanus-books.com\/nb\/wp-json\/wp\/v2\/product_cat?post=406"},{"taxonomy":"product_tag","embeddable":true,"href":"https:\/\/georgemanus-books.com\/nb\/wp-json\/wp\/v2\/product_tag?post=406"}],"curies":[{"name":"wp","href":"https:\/\/api.w.org\/{rel}","templated":true}]}}