{"id":346,"date":"2024-09-28T09:14:48","date_gmt":"2024-09-28T08:14:48","guid":{"rendered":"https:\/\/georgemanus-books.com\/?post_type=product&#038;p=346"},"modified":"2026-02-23T20:29:05","modified_gmt":"2026-02-23T19:29:05","slug":"my-life-values-i","status":"publish","type":"product","link":"https:\/\/georgemanus-books.com\/nb\/produkt\/my-life-values-i\/","title":{"rendered":"Mine Livsverdier I"},"content":{"rendered":"<p>I denne boken, den f\u00f8rste av to, har forfatteren George Manus g\u00e5tt p\u00e5 akkord med sin grunnleggende filosofi om erfaring, som kort sier at: Du m\u00e5 v\u00e6re herre over dine egne erfaringer, siden det er den eneste m\u00e5ten du kan komme deg videre p\u00e5. Tenk p\u00e5 erfaringene du har hatt nytte av i livet, spesielt de du mener har v\u00e6rt viktig for din egen utvikling.<\/p>\n<p>Skal det v\u00e6re mulig \u00e5 v\u00e6re herre over egne erfaringer, m\u00e5 man som utgangspunkt skaffe seg en plattform \u00e5 st\u00e5 p\u00e5, forst\u00e5tt som \u00e5 ha en klar oppfatning av livets viktigste verdier, og et balansert grunnlag for \u00e5 m\u00f8te livets daglige utfordringer. For dette sier det seg selv at man b\u00f8r lytte til andres erfaringer.<\/p>\n<p>Forfatteren ser p\u00e5 seg selv som en autodidakt men mener at han har funnet en rimelig solid plattform \u00e5 st\u00e5 p\u00e5.<br \/>\n\u00c6rlig selvbevissthet gir deg en solid plattform \u00e5 st\u00e5 p\u00e5 i livet, og er en gave som ikke er gitt til alle;<\/p>\n<p>mange m\u00e5 jobbe mot m\u00e5let selv, og det er her disse b\u00f8kene, som et eksempel, viser deg hvordan jeg har avsl\u00f8rt min \u00e6rlige<\/p>\n<p>selvbevissthet og derved f\u00e5tt en mer solid plattform \u00e5 st\u00e5 p\u00e5, i m\u00f8te med livets daglige utfordringer.<\/p>\n<h4>KJ\u00d8P N\u00c5 \u2013 Klikk p\u00e5 din foretrukne utsalgssted nedenfor:<\/h4>\n<p>&nbsp;<\/p>\n<p><a href=\"https:\/\/www.amazon.es\/Mine-Livsverdier-beskrevet-Refleksjoner-Tankevekkere\/dp\/8743058485\" target=\"_blank\" rel=\"noopener\"><img loading=\"lazy\" decoding=\"async\" class=\"alignnone wp-image-135 size-full\" src=\"https:\/\/georgemanus-books.com\/wp-content\/uploads\/2023\/12\/MM-buy-on-amazon-125.jpg\" sizes=\"auto, (max-width: 125px) 100vw, 125px\" srcset=\"https:\/\/georgemanus-books.com\/wp-content\/uploads\/2023\/12\/MM-buy-on-amazon-125.jpg 125w, https:\/\/georgemanus-books.com\/wp-content\/uploads\/2023\/12\/MM-buy-on-amazon-125-18x6.jpg 18w\" alt=\"\" width=\"125\" height=\"39\" \/><\/a> \u00a0\u00a0 \u00a0\u00a0 <a href=\"https:\/\/bogshop.bod.dk\/mine-livsverdier-i-george-manus-9788743058489\" target=\"_blank\" rel=\"noopener\"><img loading=\"lazy\" decoding=\"async\" class=\"alignnone wp-image-137 size-full\" src=\"https:\/\/georgemanus-books.com\/wp-content\/uploads\/2023\/12\/MM-buy-on-BOD-125.jpg\" sizes=\"auto, (max-width: 125px) 100vw, 125px\" srcset=\"https:\/\/georgemanus-books.com\/wp-content\/uploads\/2023\/12\/MM-buy-on-BOD-125.jpg 125w, https:\/\/georgemanus-books.com\/wp-content\/uploads\/2023\/12\/MM-buy-on-BOD-125-18x6.jpg 18w\" alt=\"\" width=\"125\" height=\"39\" \/><\/a><a href=\"https:\/\/www.ebay.co.uk\/itm\/Words-for-the-Road-X-by-George-Manus-Free-Shipping\/393002745141?hash=item5b80c9fd35:g:VUwAAOSw9IZfqFbV\" target=\"_blank\" rel=\"noopener\">\u00a0 \u00a0 \u00a0 <\/a><a href=\"https:\/\/www.ebay.com\/itm\/365042790262?chn=ps&amp;mkevt=1&amp;mkcid=28\" target=\"_blank\" rel=\"noopener\"><img loading=\"lazy\" decoding=\"async\" class=\"alignnone wp-image-138 size-full\" src=\"https:\/\/georgemanus-books.com\/wp-content\/uploads\/2023\/12\/MM-buy-on-ebay-125.jpg\" sizes=\"auto, (max-width: 125px) 100vw, 125px\" srcset=\"https:\/\/georgemanus-books.com\/wp-content\/uploads\/2023\/12\/MM-buy-on-ebay-125.jpg 125w, https:\/\/georgemanus-books.com\/wp-content\/uploads\/2023\/12\/MM-buy-on-ebay-125-18x6.jpg 18w\" alt=\"\" width=\"125\" height=\"39\" \/><\/a><\/p>\n<p class=\"binding\">Paperback \u2013 108 Sider<\/p>\n<p class=\"isbn\">ISBN:  9788743058489<\/p>","protected":false},"excerpt":{"rendered":"<p>I denne boken, den f\u00f8rste av to, har forfatteren George Manus g\u00e5tt p\u00e5 akkord med sin grunnleggende filosofi om erfaring, som kort sier at: Du m\u00e5 v\u00e6re herre over dine egne erfaringer, siden det er den eneste m\u00e5ten du kan komme deg videre p\u00e5. Tenk p\u00e5 erfaringene du har hatt nytte av i livet, spesielt de du mener har v\u00e6rt viktig for din egen utvikling.<\/p>","protected":false},"featured_media":349,"comment_status":"closed","ping_status":"closed","template":"","meta":[],"product_brand":[],"product_cat":[18],"product_tag":[],"class_list":{"0":"post-346","1":"product","2":"type-product","3":"status-publish","4":"has-post-thumbnail","6":"product_cat-george-manus","8":"first","9":"instock","10":"shipping-taxable","11":"product-type-simple"},"_links":{"self":[{"href":"https:\/\/georgemanus-books.com\/nb\/wp-json\/wp\/v2\/product\/346","targetHints":{"allow":["GET"]}}],"collection":[{"href":"https:\/\/georgemanus-books.com\/nb\/wp-json\/wp\/v2\/product"}],"about":[{"href":"https:\/\/georgemanus-books.com\/nb\/wp-json\/wp\/v2\/types\/product"}],"replies":[{"embeddable":true,"href":"https:\/\/georgemanus-books.com\/nb\/wp-json\/wp\/v2\/comments?post=346"}],"wp:featuredmedia":[{"embeddable":true,"href":"https:\/\/georgemanus-books.com\/nb\/wp-json\/wp\/v2\/media\/349"}],"wp:attachment":[{"href":"https:\/\/georgemanus-books.com\/nb\/wp-json\/wp\/v2\/media?parent=346"}],"wp:term":[{"taxonomy":"product_brand","embeddable":true,"href":"https:\/\/georgemanus-books.com\/nb\/wp-json\/wp\/v2\/product_brand?post=346"},{"taxonomy":"product_cat","embeddable":true,"href":"https:\/\/georgemanus-books.com\/nb\/wp-json\/wp\/v2\/product_cat?post=346"},{"taxonomy":"product_tag","embeddable":true,"href":"https:\/\/georgemanus-books.com\/nb\/wp-json\/wp\/v2\/product_tag?post=346"}],"curies":[{"name":"wp","href":"https:\/\/api.w.org\/{rel}","templated":true}]}}