{"id":326,"date":"2024-03-18T12:23:42","date_gmt":"2024-03-18T11:23:42","guid":{"rendered":"https:\/\/georgemanus-books.com\/?post_type=product&#038;p=326"},"modified":"2026-02-23T20:29:17","modified_gmt":"2026-02-23T19:29:17","slug":"stories-thoughts-ii","status":"publish","type":"product","link":"https:\/\/georgemanus-books.com\/nb\/produkt\/stories-thoughts-ii\/","title":{"rendered":"Historier &amp; Tanker II"},"content":{"rendered":"<p>Denne boken er en fortsettelse av mine HISTORIER OG TANKER I, og inneholder som s\u00e5dan 25 refleksjoner. Den eldste ble satt p\u00e5 papir i 1991 og den siste i 2023.<\/p>\n<p>Jeg har dedikert boken TIL EN UNAVNNET PERSON, og jeg hadde tydeligvis en bestemt person i tankene da jeg skrev den i 1990, men n\u00e5r jeg leser den i dag oppfatter jeg det som irrelevant. Etter min mening b\u00f8r det forbli en navnl\u00f8s person. Kanskje for deg, n\u00e5r du leser boken, kan den gi deg assosiasjoner, og kanskje vil du ogs\u00e5, i dine tanker, la den forbli navnl\u00f8s.<\/p>\n<p>De fargede illustrasjonene er fra min egen samling av geometriske malerier, original st\u00f8rrelse 60\u00d760 cm.<\/p>\n<h4>KJ\u00d8P N\u00c5 \u2013 Klikk p\u00e5 din foretrukne utsalgssted nedenfor:<\/h4>\n<p>&nbsp;<\/p>\n<p><a href=\"https:\/\/www.amazon.sg\/Historier-og-Tanker-George-Manus\/dp\/8743056865\" target=\"_blank\" rel=\"noopener\"><img loading=\"lazy\" decoding=\"async\" class=\"alignnone wp-image-135 size-full\" src=\"https:\/\/georgemanus-books.com\/wp-content\/uploads\/2023\/12\/MM-buy-on-amazon-125.jpg\" sizes=\"auto, (max-width: 125px) 100vw, 125px\" srcset=\"https:\/\/georgemanus-books.com\/wp-content\/uploads\/2023\/12\/MM-buy-on-amazon-125.jpg 125w, https:\/\/georgemanus-books.com\/wp-content\/uploads\/2023\/12\/MM-buy-on-amazon-125-18x6.jpg 18w\" alt=\"\" width=\"125\" height=\"39\" \/><\/a> \u00a0\u00a0 \u00a0\u00a0<a href=\"https:\/\/bogshop.bod.dk\/historier-og-tanker-ii-george-manus-9788743056867\" target=\"_blank\" rel=\"noopener\"><img loading=\"lazy\" decoding=\"async\" class=\"alignnone wp-image-137 size-full\" src=\"https:\/\/georgemanus-books.com\/wp-content\/uploads\/2023\/12\/MM-buy-on-BOD-125.jpg\" sizes=\"auto, (max-width: 125px) 100vw, 125px\" srcset=\"https:\/\/georgemanus-books.com\/wp-content\/uploads\/2023\/12\/MM-buy-on-BOD-125.jpg 125w, https:\/\/georgemanus-books.com\/wp-content\/uploads\/2023\/12\/MM-buy-on-BOD-125-18x6.jpg 18w\" alt=\"\" width=\"125\" height=\"39\" \/> <\/a><a href=\"https:\/\/www.ebay.co.uk\/itm\/Words-for-the-Road-X-by-George-Manus-Free-Shipping\/393002745141?hash=item5b80c9fd35:g:VUwAAOSw9IZfqFbV\" target=\"_blank\" rel=\"noopener\">\u00a0 \u00a0 \u00a0 <\/a><a href=\"https:\/\/www.ebay.com\/itm\/364774354619\" target=\"_blank\" rel=\"noopener\"><img loading=\"lazy\" decoding=\"async\" class=\"alignnone wp-image-138 size-full\" src=\"https:\/\/georgemanus-books.com\/wp-content\/uploads\/2023\/12\/MM-buy-on-ebay-125.jpg\" sizes=\"auto, (max-width: 125px) 100vw, 125px\" srcset=\"https:\/\/georgemanus-books.com\/wp-content\/uploads\/2023\/12\/MM-buy-on-ebay-125.jpg 125w, https:\/\/georgemanus-books.com\/wp-content\/uploads\/2023\/12\/MM-buy-on-ebay-125-18x6.jpg 18w\" alt=\"\" width=\"125\" height=\"39\" \/><\/a><\/p>\n<p class=\"binding\">Paperback \u2013 112 sider<\/p>\n<p class=\"isbn\">ISBN: 9788743056867<\/p>","protected":false},"excerpt":{"rendered":"<p>Denne boken er en fortsettelse av mine HISTORIER OG TANKER I, og inneholder som s\u00e5dan 25 refleksjoner. Den eldste ble satt p\u00e5 papir i 1991 og den siste i 2023.<\/p>","protected":false},"featured_media":329,"comment_status":"closed","ping_status":"closed","template":"","meta":[],"product_brand":[],"product_cat":[18],"product_tag":[],"class_list":{"0":"post-326","1":"product","2":"type-product","3":"status-publish","4":"has-post-thumbnail","6":"product_cat-george-manus","8":"first","9":"instock","10":"shipping-taxable","11":"product-type-simple"},"_links":{"self":[{"href":"https:\/\/georgemanus-books.com\/nb\/wp-json\/wp\/v2\/product\/326","targetHints":{"allow":["GET"]}}],"collection":[{"href":"https:\/\/georgemanus-books.com\/nb\/wp-json\/wp\/v2\/product"}],"about":[{"href":"https:\/\/georgemanus-books.com\/nb\/wp-json\/wp\/v2\/types\/product"}],"replies":[{"embeddable":true,"href":"https:\/\/georgemanus-books.com\/nb\/wp-json\/wp\/v2\/comments?post=326"}],"wp:featuredmedia":[{"embeddable":true,"href":"https:\/\/georgemanus-books.com\/nb\/wp-json\/wp\/v2\/media\/329"}],"wp:attachment":[{"href":"https:\/\/georgemanus-books.com\/nb\/wp-json\/wp\/v2\/media?parent=326"}],"wp:term":[{"taxonomy":"product_brand","embeddable":true,"href":"https:\/\/georgemanus-books.com\/nb\/wp-json\/wp\/v2\/product_brand?post=326"},{"taxonomy":"product_cat","embeddable":true,"href":"https:\/\/georgemanus-books.com\/nb\/wp-json\/wp\/v2\/product_cat?post=326"},{"taxonomy":"product_tag","embeddable":true,"href":"https:\/\/georgemanus-books.com\/nb\/wp-json\/wp\/v2\/product_tag?post=326"}],"curies":[{"name":"wp","href":"https:\/\/api.w.org\/{rel}","templated":true}]}}