{"id":305,"date":"2024-01-23T17:57:28","date_gmt":"2024-01-23T16:57:28","guid":{"rendered":"https:\/\/georgemanus-books.com\/?post_type=product&#038;p=305"},"modified":"2026-04-03T23:46:26","modified_gmt":"2026-04-03T22:46:26","slug":"the-rat-catcher","status":"publish","type":"product","link":"https:\/\/georgemanus-books.com\/nb\/produkt\/the-rat-catcher\/","title":{"rendered":"The Rat Catcher"},"content":{"rendered":"<p class=\"p1\"><em><span class=\"s1\"><b>Rottejegeren<\/b><\/span><\/em><b> \u00a0<\/b><b>var betegnelsen p\u00e5 de norske motstandsfolkene som utf\u00f8rte de skitneste jobbene under andre verdenskrig.<\/b><\/p>\n<p>De likviderte varslere, torturister og andre nordmenn som jobbet for tyskerne. <em><strong>Rottejegeren<\/strong><\/em> ble skrevet av min stefar Max Manus (1914-1996), i 1948. P\u00e5 den tiden var hans to klassiske krigsb\u00f8ker \u2018Det vil helst g\u00e5 godt\u2019 og \u2018Det blir alvor\u2019 allerede suksessb\u00f8ker.<\/p>\n<p class=\"p1\">Manuskriptet til denne romanen l\u00e5 i mange \u00e5r i den nederste skuffen i et rosemalt skap i stua v\u00e5r hjemme p\u00e5 Land\u00f8ya i Asker like utenfor Oslo. P\u00e5 slutten av syttitallet ble manuset bundet inn i et hardt omslag med en skinnrygg og ble gitt til Max i bursdagsgave. Den dag i dag vet ingen i familien hva som skjedde med boken. Noen \u00e5r f\u00f8r min mor d\u00f8de ga hun meg en kopi. Max var halvt dansk, og spr\u00e5ket hans var preget av dette. Dessuten steg han suverent over normalisert stavem\u00e5te. Ingen kan forklare hvorfor Max ikke ga ut romanen mens han levde.<\/p>\n<p class=\"p1\">I denne engelske versjonen har jeg oversatt den med stor omhu for \u00e5 bevare alle de originale detaljene og historien. I 2008 ble filmen 'Max Manus' (engelsk: 'Man of War'), utgitt. Den ble en kjempehit akkurat som b\u00f8kene hans, og en storfilm p\u00e5 norske kinoer.<\/p>\n<p class=\"p1\">Rottejegeren ble utgitt i Norge i 2021 av Kagge Forlag AS og ble en bestselger.<\/p>\n<p>For more information about the book you can read the full version of <a href=\"https:\/\/georgemanus-books.com\/nb\/rat-catcher-interview\/\">&#8216;The Interview with George&#8217; here.<\/a><\/p>\n<h4>BUY NOW &#8211; Click on any of the outlets below to buy <strong>The Rat Catcher<\/strong> in print or eBook<\/h4>\n<p><a href=\"https:\/\/www.waterstones.com\/book\/the-rat-catcher\/max-manus\/\/9788743058243\" target=\"_blank\" rel=\"noopener\"><img loading=\"lazy\" decoding=\"async\" class=\"alignnone wp-image-369 size-full\" src=\"https:\/\/georgemanus-books.com\/wp-content\/uploads\/2024\/01\/waterstones-logo-button-S.jpg\" alt=\"\" width=\"125\" height=\"39\" srcset=\"https:\/\/georgemanus-books.com\/wp-content\/uploads\/2024\/01\/waterstones-logo-button-S.jpg 125w, https:\/\/georgemanus-books.com\/wp-content\/uploads\/2024\/01\/waterstones-logo-button-S-18x6.jpg 18w\" sizes=\"auto, (max-width: 125px) 100vw, 125px\" \/> \u00a0 <\/a><a href=\"https:\/\/www.barnesandnoble.com\/w\/the-rat-catcher-max-manus\/1146257290?ean=9788743058243\" target=\"_blank\" rel=\"noopener\"><img loading=\"lazy\" decoding=\"async\" class=\"alignnone wp-image-368 size-full\" src=\"https:\/\/georgemanus-books.com\/wp-content\/uploads\/2024\/01\/Barnes-Noble-Logo-BUTTON-S.jpg\" alt=\"\" width=\"125\" height=\"39\" srcset=\"https:\/\/georgemanus-books.com\/wp-content\/uploads\/2024\/01\/Barnes-Noble-Logo-BUTTON-S.jpg 125w, https:\/\/georgemanus-books.com\/wp-content\/uploads\/2024\/01\/Barnes-Noble-Logo-BUTTON-S-18x6.jpg 18w\" sizes=\"auto, (max-width: 125px) 100vw, 125px\" \/> \u00a0 <\/a><a href=\"https:\/\/www.amazon.es\/Rat-Catcher-Norwegian-resistance-fighters-ebook\/dp\/B0DHKRKJPT\/ref=sr_1_1?dib=eyJ2IjoiMSJ9.7XgA8yypIiqEX3grTbx4zobXy1XPC9uUdOibY9jRnARzQZ5CqEiRoyRm3UnBcTTe.ambiyf2EXvhI6NVZYCIRa8L1PXR84-J_Yo0bVuCQU60&amp;dib_tag=se&amp;qid=1727790937&amp;refinements=p_27%3AMax+Manus&amp;s=books&amp;sr=1-1\" target=\"_blank\" rel=\"noopener\"><img loading=\"lazy\" decoding=\"async\" class=\"alignnone wp-image-135 size-full\" src=\"https:\/\/georgemanus-books.com\/wp-content\/uploads\/2023\/12\/MM-buy-on-amazon-125.jpg\" alt=\"\" width=\"125\" height=\"39\" srcset=\"https:\/\/georgemanus-books.com\/wp-content\/uploads\/2023\/12\/MM-buy-on-amazon-125.jpg 125w, https:\/\/georgemanus-books.com\/wp-content\/uploads\/2023\/12\/MM-buy-on-amazon-125-18x6.jpg 18w\" sizes=\"auto, (max-width: 125px) 100vw, 125px\" \/> \u00a0 <\/a><a href=\"https:\/\/bogshop.bod.dk\/the-rat-catcher-max-manus-9788743058243\" target=\"_blank\" rel=\"noopener\"><img loading=\"lazy\" decoding=\"async\" class=\"alignnone wp-image-137 size-full\" src=\"https:\/\/georgemanus-books.com\/wp-content\/uploads\/2023\/12\/MM-buy-on-BOD-125.jpg\" sizes=\"auto, (max-width: 125px) 100vw, 125px\" srcset=\"https:\/\/georgemanus-books.com\/wp-content\/uploads\/2023\/12\/MM-buy-on-BOD-125.jpg 125w, https:\/\/georgemanus-books.com\/wp-content\/uploads\/2023\/12\/MM-buy-on-BOD-125-18x6.jpg 18w\" alt=\"\" width=\"125\" height=\"39\" \/> \u00a0 <\/a><a href=\"https:\/\/www.ebay.co.uk\/itm\/315775464955\" target=\"_blank\" rel=\"noopener\"><img loading=\"lazy\" decoding=\"async\" class=\"alignnone wp-image-138 size-full\" src=\"https:\/\/georgemanus-books.com\/wp-content\/uploads\/2023\/12\/MM-buy-on-ebay-125.jpg\" alt=\"\" width=\"125\" height=\"39\" srcset=\"https:\/\/georgemanus-books.com\/wp-content\/uploads\/2023\/12\/MM-buy-on-ebay-125.jpg 125w, https:\/\/georgemanus-books.com\/wp-content\/uploads\/2023\/12\/MM-buy-on-ebay-125-18x6.jpg 18w\" sizes=\"auto, (max-width: 125px) 100vw, 125px\" \/> \u00a0 <\/a><a href=\"https:\/\/play.google.com\/store\/books\/details?id=pADtEAAAQBAJ&amp;rdid=book-pADtEAAAQBAJ&amp;rdot=1&amp;source=gbs_atb&amp;pcampaignid=books_booksearch_atb\" target=\"_blank\" rel=\"noopener\"><img loading=\"lazy\" decoding=\"async\" class=\"alignnone wp-image-367 size-full\" src=\"https:\/\/georgemanus-books.com\/wp-content\/uploads\/2024\/01\/google-books-BUY-NOW-BUTTON-1.jpg\" alt=\"\" width=\"125\" height=\"39\" srcset=\"https:\/\/georgemanus-books.com\/wp-content\/uploads\/2024\/01\/google-books-BUY-NOW-BUTTON-1.jpg 125w, https:\/\/georgemanus-books.com\/wp-content\/uploads\/2024\/01\/google-books-BUY-NOW-BUTTON-1-18x6.jpg 18w\" sizes=\"auto, (max-width: 125px) 100vw, 125px\" \/><\/a><\/p>\n<p class=\"binding\">Paperback, 230 sider.<\/p>\n<p class=\"isbn\">ISBN: 8743056466<\/p>","protected":false},"excerpt":{"rendered":"<p class=\"p1\"><strong><em><span class=\"s1\">Rottejegeren<\/span><\/em><\/strong>\u00a0 var betegnelsen p\u00e5 de norske motstandsfolkene som utf\u00f8rte de skitneste jobbene under andre verdenskrig.<\/p>\n<p>De likviderte varslere, torturister og andre nordmenn som jobbet for tyskerne. <em><strong>Rottejegeren<\/strong><\/em>\u00a0 ble skrevet av min stefar Max Manus (1914-1996), i 1948. var betegnelsen p\u00e5 de norske motstandsfolkene som utf\u00f8rte de skitneste jobbene under andre verdenskrig.<\/p>","protected":false},"featured_media":314,"comment_status":"open","ping_status":"closed","template":"","meta":[],"product_brand":[],"product_cat":[19],"product_tag":[37,38,36,39],"class_list":{"0":"post-305","1":"product","2":"type-product","3":"status-publish","4":"has-post-thumbnail","6":"product_cat-max-manus","7":"product_tag-george-manus","8":"product_tag-history","9":"product_tag-max-manus","10":"product_tag-the-rat-catchers","12":"first","13":"instock","14":"shipping-taxable","15":"product-type-simple"},"_links":{"self":[{"href":"https:\/\/georgemanus-books.com\/nb\/wp-json\/wp\/v2\/product\/305","targetHints":{"allow":["GET"]}}],"collection":[{"href":"https:\/\/georgemanus-books.com\/nb\/wp-json\/wp\/v2\/product"}],"about":[{"href":"https:\/\/georgemanus-books.com\/nb\/wp-json\/wp\/v2\/types\/product"}],"replies":[{"embeddable":true,"href":"https:\/\/georgemanus-books.com\/nb\/wp-json\/wp\/v2\/comments?post=305"}],"wp:featuredmedia":[{"embeddable":true,"href":"https:\/\/georgemanus-books.com\/nb\/wp-json\/wp\/v2\/media\/314"}],"wp:attachment":[{"href":"https:\/\/georgemanus-books.com\/nb\/wp-json\/wp\/v2\/media?parent=305"}],"wp:term":[{"taxonomy":"product_brand","embeddable":true,"href":"https:\/\/georgemanus-books.com\/nb\/wp-json\/wp\/v2\/product_brand?post=305"},{"taxonomy":"product_cat","embeddable":true,"href":"https:\/\/georgemanus-books.com\/nb\/wp-json\/wp\/v2\/product_cat?post=305"},{"taxonomy":"product_tag","embeddable":true,"href":"https:\/\/georgemanus-books.com\/nb\/wp-json\/wp\/v2\/product_tag?post=305"}],"curies":[{"name":"wp","href":"https:\/\/api.w.org\/{rel}","templated":true}]}}