{"id":255,"date":"2023-12-21T17:31:40","date_gmt":"2023-12-21T16:31:40","guid":{"rendered":"https:\/\/georgemanus-books.com\/?post_type=product&#038;p=255"},"modified":"2026-04-14T17:04:17","modified_gmt":"2026-04-14T16:04:17","slug":"the-mischievous-boy-and-the-war-hero","status":"publish","type":"product","link":"https:\/\/georgemanus-books.com\/nb\/produkt\/the-mischievous-boy-and-the-war-hero\/","title":{"rendered":"\"Rampegutten\" og Krigshelten"},"content":{"rendered":"<p>- I denne boken \u00f8nsker forfatteren George Manus \u00e5 gi leseren et innblikk i hvordan han som stes\u00f8nn av Max Manus oppfattet sine yngre dager p\u00e5 Land\u00f8ya i Asker i tiden fra han kom dit i 1946, sju \u00e5r gammel, til han flyttet hjemmefra som 21 \u00e5ring.<\/p>\n<p>Her har han samlet historier fra sin samling av refleksjoner, som alle, i en eller annen form har relasjon til Land\u00f8ya og derved hans stefar Max. De fleste har han skrevet de siste \u00e5rene, mens noen har sett dagens lys i hans tidligere b\u00f8ker. Ettersom mange av historiene ligger rundt 65 til 75 \u00e5r tilbake i tid, minner han leserne om noen visdomsord fra forfatteren Gabriel Garcia Marques.<\/p>\n<p>\"Det som betyr noe i livet er ikke hva som skjedde, men det du husker og hvordan du husker det\".<\/p>\n<p>For \u00e5 gi et autentisk tidsbilde, sett med Max Manus sine \u00f8yne, har han tatt med tre kapitler fra sin stefars krigsbok \"Det blir alvor\", som f\u00f8rste gang ble utgitt i 1946, og som blant annet omhandler Oslogjengens omgang med selvlagde torpedoer. Boken inneholder ogs\u00e5 en del bilder som Max selv tok den gang.<\/p>\n<h4>KJ\u00d8P N\u00c5 \u2013 Klikk p\u00e5 din foretrukne utsalgssted nedenfor:<\/h4>\n<p>&nbsp;<\/p>\n<p><a href=\"https:\/\/www.amazon.es\/Mischievous-Boy-War-Hero-stepfather\/dp\/8743056350\/ref=sr_1_1?__mk_es_ES=\u00c5M\u00c5\u017d\u00d5\u00d1&amp;crid=1KZS370WRJO0J&amp;keywords=The+Mischievous+Boy+and+The+War+Hero&amp;qid=1704448282&amp;s=books&amp;sprefix=the+mischievous+boy+and+the+war+hero%2Cstripbooks%2C248&amp;sr=1-1\" target=\"_blank\" rel=\"noopener\"><img loading=\"lazy\" decoding=\"async\" class=\"alignnone wp-image-135 size-full\" src=\"https:\/\/georgemanus-books.com\/wp-content\/uploads\/2023\/12\/MM-buy-on-amazon-125.jpg\" alt=\"\" width=\"125\" height=\"39\" srcset=\"https:\/\/georgemanus-books.com\/wp-content\/uploads\/2023\/12\/MM-buy-on-amazon-125.jpg 125w, https:\/\/georgemanus-books.com\/wp-content\/uploads\/2023\/12\/MM-buy-on-amazon-125-18x6.jpg 18w\" sizes=\"auto, (max-width: 125px) 100vw, 125px\" \/><\/a> \u00a0\u00a0 \u00a0\u00a0<a href=\"https:\/\/bogshop.bod.dk\/rampegutten-og-krigshelten-george-manus-9788743056348\" target=\"_blank\" rel=\"noopener\"><img loading=\"lazy\" decoding=\"async\" class=\"alignnone wp-image-137 size-full\" src=\"https:\/\/georgemanus-books.com\/wp-content\/uploads\/2023\/12\/MM-buy-on-BOD-125.jpg\" sizes=\"auto, (max-width: 125px) 100vw, 125px\" srcset=\"https:\/\/georgemanus-books.com\/wp-content\/uploads\/2023\/12\/MM-buy-on-BOD-125.jpg 125w, https:\/\/georgemanus-books.com\/wp-content\/uploads\/2023\/12\/MM-buy-on-BOD-125-18x6.jpg 18w\" alt=\"\" width=\"125\" height=\"39\" \/><\/a><\/p>\n<p class=\"binding\">Pocketbok, 204 Sider<\/p>\n<p class=\"isbn\">ISBN: 9788743056348<\/p>\n<p>21-12-2023<\/p>\n<p>E-bok ISBN: 9788743068488<\/p>","protected":false},"excerpt":{"rendered":"<h5><em><strong>\u2013 Vokst opp med min stefar Max Manus<\/strong><\/em><\/h5>\n<p>- I denne boken \u00f8nsker forfatteren George Manus \u00e5 gi leseren et innblikk i hvordan han som stes\u00f8nn av Max Manus oppfattet sine yngre dager p\u00e5 Land\u00f8ya i Asker i tiden fra han kom dit i 1946, sju \u00e5r gammel, til han flyttet hjemmefra som 21 \u00e5ring.<\/p>","protected":false},"featured_media":257,"comment_status":"open","ping_status":"closed","template":"","meta":[],"product_brand":[],"product_cat":[18],"product_tag":[37,38,36],"class_list":{"0":"post-255","1":"product","2":"type-product","3":"status-publish","4":"has-post-thumbnail","6":"product_cat-george-manus","7":"product_tag-george-manus","8":"product_tag-history","9":"product_tag-max-manus","11":"first","12":"instock","13":"shipping-taxable","14":"product-type-simple"},"_links":{"self":[{"href":"https:\/\/georgemanus-books.com\/nb\/wp-json\/wp\/v2\/product\/255","targetHints":{"allow":["GET"]}}],"collection":[{"href":"https:\/\/georgemanus-books.com\/nb\/wp-json\/wp\/v2\/product"}],"about":[{"href":"https:\/\/georgemanus-books.com\/nb\/wp-json\/wp\/v2\/types\/product"}],"replies":[{"embeddable":true,"href":"https:\/\/georgemanus-books.com\/nb\/wp-json\/wp\/v2\/comments?post=255"}],"wp:featuredmedia":[{"embeddable":true,"href":"https:\/\/georgemanus-books.com\/nb\/wp-json\/wp\/v2\/media\/257"}],"wp:attachment":[{"href":"https:\/\/georgemanus-books.com\/nb\/wp-json\/wp\/v2\/media?parent=255"}],"wp:term":[{"taxonomy":"product_brand","embeddable":true,"href":"https:\/\/georgemanus-books.com\/nb\/wp-json\/wp\/v2\/product_brand?post=255"},{"taxonomy":"product_cat","embeddable":true,"href":"https:\/\/georgemanus-books.com\/nb\/wp-json\/wp\/v2\/product_cat?post=255"},{"taxonomy":"product_tag","embeddable":true,"href":"https:\/\/georgemanus-books.com\/nb\/wp-json\/wp\/v2\/product_tag?post=255"}],"curies":[{"name":"wp","href":"https:\/\/api.w.org\/{rel}","templated":true}]}}