{"id":247,"date":"2016-11-29T11:20:38","date_gmt":"2016-11-29T10:20:38","guid":{"rendered":"https:\/\/georgemanus-books.com\/?post_type=product&#038;p=247"},"modified":"2024-01-23T18:46:15","modified_gmt":"2024-01-23T17:46:15","slug":"70-ar-i-kommunikasjon","status":"publish","type":"product","link":"https:\/\/georgemanus-books.com\/nb\/produkt\/70-ar-i-kommunikasjon\/","title":{"rendered":"70 \u00e5r i Kommunikasjon"},"content":{"rendered":"<p><strong><em>\u2013 om Max Manus firmaene<\/em><\/strong><\/p>\n<p>Med boken 70 \u00c5R I KOMMUNIKASJON er det mitt \u00f8nske \u00e5 gi leseren et innblikk i hvordan jeg, som annen generasjon i familiebedriften Max Manus, i mitt 77nde \u00e5r, ser tilbake p\u00e5 utviklingen fra 1946 til 2016.<\/p>\n<p>I hele mitt yrkesaktive liv fra 1958 var jeg engasjert i firmaene under Max Manus paraplyen, og daglig ansvarlig fra 1967 og frem til rundt 2005, hvoretter stafettpinnen gikk over til tredje generasjon. Det var en spennende reise med store utfordringer, men ogs\u00e5 sv\u00e6rt l\u00e6rerik og med mange tilfredsstillelser. Ikke en eneste arbeidsdag var kjedelig. Tankene om \u00e5 skrive boken kom som et resultat av at det i 2016 er 70 \u00e5r siden min stefar Max Manus startet i kontormaskinbransjen.<\/p>\n<p>Boken gir, utover det firmahistoriske, et bilde av utfordringene jeg m\u00f8tte. Ikke minst takket v\u00e6re lederen av Max Manus Forskning AS, Bj\u00f8rn Andersens kreativitet til \u00e5 utnytte datidens nye teknologi innen v\u00e5re produktomr\u00e5der, f\u00e5r man et seri\u00f8st inntrykk av v\u00e5re banebrytende utviklinger i perioden fra 1960 \u00e5rene og frem til de f\u00f8rste \u00e5rene av 2000. Resultatet av utviklingen l\u00e5 ofte mange \u00e5r foran v\u00e5re konkurrenter.<\/p>\n<p>George Manus, h\u00f8sten 2016 - Innbundet, 484 sider<\/p>\n<p><a href=\"https:\/\/www.amazon.co.uk\/70-%C3%A5r-kommunikasjon-firmaene-Norwegian-ebook\/dp\/B01N2UBCQ5\/ref=sr_1_1?keywords=george+manus+70+a%CC%8Ar+i+Kommunikasjon&amp;amp;qid=1581411306&amp;amp;s=books&amp;amp;sr=1-1https:\/\/www.amazon.co.uk\/70-%C3%A5r-kommunikasjon-firmaene-Norwegian-ebook\/dp\/B01N2UBCQ5\/ref=sr_1_1?keywords=george+manus+70+a%CC%8Ar+i+Kommunikasjon&amp;amp;qid=1581411306&amp;amp;s=books&amp;amp;sr=1-1\" target=\"_blank\" rel=\"noopener\"><img loading=\"lazy\" decoding=\"async\" class=\"alignnone wp-image-135 size-full\" src=\"https:\/\/georgemanus-books.com\/wp-content\/uploads\/2023\/12\/MM-buy-on-amazon-125.jpg\" alt=\"\" width=\"125\" height=\"39\" srcset=\"https:\/\/georgemanus-books.com\/wp-content\/uploads\/2023\/12\/MM-buy-on-amazon-125.jpg 125w, https:\/\/georgemanus-books.com\/wp-content\/uploads\/2023\/12\/MM-buy-on-amazon-125-18x6.jpg 18w\" sizes=\"auto, (max-width: 125px) 100vw, 125px\" \/><\/a><a href=\"https:\/\/books.apple.com\/us\/book\/217-refleksjoner\/id1621307603\" target=\"_blank\" rel=\"noopener\">\u00a0 \u00a0 \u00a0<\/a><a href=\"https:\/\/www.bod.dk\/bogshop\/70-ar-i-kommunikasjon-george-manus-9788771887730\" target=\"_blank\" rel=\"noopener\"><img loading=\"lazy\" decoding=\"async\" class=\"alignnone wp-image-137 size-full\" src=\"https:\/\/georgemanus-books.com\/wp-content\/uploads\/2023\/12\/MM-buy-on-BOD-125.jpg\" alt=\"\" width=\"125\" height=\"39\" srcset=\"https:\/\/georgemanus-books.com\/wp-content\/uploads\/2023\/12\/MM-buy-on-BOD-125.jpg 125w, https:\/\/georgemanus-books.com\/wp-content\/uploads\/2023\/12\/MM-buy-on-BOD-125-18x6.jpg 18w\" sizes=\"auto, (max-width: 125px) 100vw, 125px\" \/><\/a><\/p>\n<p><strong>*Kun tilgjengelig p\u00e5 norsk.<\/strong> Denne boken kan ogs\u00e5 bestilles fra alle gode bokhandlere med ISBN-nummeret \u2013 eller du kan ganske enkelt google ISBN-nummeret for \u00e5 finne den.<\/p>\n<p>ISBN (NO) : 9788771887730<\/p>\n<p class=\"p1\">29-11-2016<\/p>\n<p>E-bok ISBN: 9788771888676<\/p>","protected":false},"excerpt":{"rendered":"<h5><strong><em>- Om firmaene Max Manus (Kun norsk)<\/em><\/strong><\/h5>\n<p><span style=\"font-size: 90%;\">Med boken 70 \u00c5R I KOMMUNIKASJON er det mitt \u00f8nske \u00e5 gi leseren et innblikk i hvordan jeg, som annen generasjon i familiebedriften Max Manus, i mitt 77nde \u00e5r, ser tilbake p\u00e5 utviklingen fra 1946 til 2016.<\/span><\/p>","protected":false},"featured_media":59,"comment_status":"closed","ping_status":"closed","template":"","meta":[],"product_brand":[],"product_cat":[18],"product_tag":[],"class_list":{"0":"post-247","1":"product","2":"type-product","3":"status-publish","4":"has-post-thumbnail","6":"product_cat-george-manus","8":"first","9":"instock","10":"shipping-taxable","11":"product-type-simple"},"_links":{"self":[{"href":"https:\/\/georgemanus-books.com\/nb\/wp-json\/wp\/v2\/product\/247","targetHints":{"allow":["GET"]}}],"collection":[{"href":"https:\/\/georgemanus-books.com\/nb\/wp-json\/wp\/v2\/product"}],"about":[{"href":"https:\/\/georgemanus-books.com\/nb\/wp-json\/wp\/v2\/types\/product"}],"replies":[{"embeddable":true,"href":"https:\/\/georgemanus-books.com\/nb\/wp-json\/wp\/v2\/comments?post=247"}],"wp:featuredmedia":[{"embeddable":true,"href":"https:\/\/georgemanus-books.com\/nb\/wp-json\/wp\/v2\/media\/59"}],"wp:attachment":[{"href":"https:\/\/georgemanus-books.com\/nb\/wp-json\/wp\/v2\/media?parent=247"}],"wp:term":[{"taxonomy":"product_brand","embeddable":true,"href":"https:\/\/georgemanus-books.com\/nb\/wp-json\/wp\/v2\/product_brand?post=247"},{"taxonomy":"product_cat","embeddable":true,"href":"https:\/\/georgemanus-books.com\/nb\/wp-json\/wp\/v2\/product_cat?post=247"},{"taxonomy":"product_tag","embeddable":true,"href":"https:\/\/georgemanus-books.com\/nb\/wp-json\/wp\/v2\/product_tag?post=247"}],"curies":[{"name":"wp","href":"https:\/\/api.w.org\/{rel}","templated":true}]}}