{"id":145,"date":"2022-04-04T17:36:09","date_gmt":"2022-04-04T16:36:09","guid":{"rendered":"https:\/\/georgemanus-books.com\/?post_type=product&#038;p=145"},"modified":"2026-02-23T20:30:36","modified_gmt":"2026-02-23T19:30:36","slug":"217-reflections-nw","status":"publish","type":"product","link":"https:\/\/georgemanus-books.com\/nb\/produkt\/217-reflections-nw\/","title":{"rendered":"217 Refleksjoner"},"content":{"rendered":"<p><strong><em>\u2013 refleksjoner over stort og sm\u00e5tt<\/em><\/strong><\/p>\n<p>George Manus har gjennom hele livet reflektert over stort og sm\u00e5tt, hvilket allerede har resultert i 20 b\u00f8ker. Han hevder at mens tingene skjer n\u00e5r vi kun \u00e5 tenke i nuet. Det er f\u00f8rst etterp\u00e5 at vi f\u00e5r tid og mulighet til \u00e5 tenke etter, analysere og overveie.<\/p>\n<p>Betydningen forfatteren tillegger ideen refleksjon er med andre ord ettertanke.<\/p>\n<p>I denne, hans tjuende bok har George Manus plukket frem tanker fra \u2018Refleksjoner\u2019 I \u2013 II og III, samt \u2018Tanker\u2019.<\/p>\n<h4>KJ\u00d8P N\u00c5 \u2013 Klikk p\u00e5 din foretrukne utsalgssted nedenfor:<\/h4>\n<p>&nbsp;<\/p>\n<p><a href=\"https:\/\/www.amazon.co.uk\/217-Refleksjoner-refleksjoner-stort-sm\u00e5tt\/dp\/8743044522\/ref=tmm_hrd_swatch_0?_encoding=UTF8&amp;qid=1651687303&amp;sr=1-1\" target=\"_blank\" rel=\"noopener\"><img loading=\"lazy\" decoding=\"async\" class=\"alignnone wp-image-135 size-full\" src=\"https:\/\/georgemanus-books.com\/wp-content\/uploads\/2023\/12\/MM-buy-on-amazon-125.jpg\" alt=\"\" width=\"125\" height=\"39\" srcset=\"https:\/\/georgemanus-books.com\/wp-content\/uploads\/2023\/12\/MM-buy-on-amazon-125.jpg 125w, https:\/\/georgemanus-books.com\/wp-content\/uploads\/2023\/12\/MM-buy-on-amazon-125-18x6.jpg 18w\" sizes=\"auto, (max-width: 125px) 100vw, 125px\" \/><\/a><a href=\"https:\/\/www.ebay.co.uk\/itm\/En-Kvinnes-mange-flyttinger-Manus-George-9788771883411-Fast-Free-Shipping\/313010978972?hash=item48e0e8809c:g:qXcAAOSwZKJeVppl\" target=\"_blank\" rel=\"noopener\">\u00a0 \u00a0 \u00a0<\/a><a href=\"https:\/\/books.apple.com\/us\/book\/217-refleksjoner\/id1621307603\" target=\"_blank\" rel=\"noopener\"><img loading=\"lazy\" decoding=\"async\" class=\"alignnone wp-image-136 size-full\" src=\"https:\/\/georgemanus-books.com\/wp-content\/uploads\/2023\/12\/MM-buy-on-apple-125.jpg\" alt=\"\" width=\"125\" height=\"39\" srcset=\"https:\/\/georgemanus-books.com\/wp-content\/uploads\/2023\/12\/MM-buy-on-apple-125.jpg 125w, https:\/\/georgemanus-books.com\/wp-content\/uploads\/2023\/12\/MM-buy-on-apple-125-18x6.jpg 18w\" sizes=\"auto, (max-width: 125px) 100vw, 125px\" \/> \u00a0 \u00a0 <\/a><a href=\"https:\/\/bogshop.bod.dk\/217-refleksjoner-george-manus-9788743044529\" target=\"_blank\" rel=\"noopener\"><img loading=\"lazy\" decoding=\"async\" class=\"alignnone wp-image-137 size-full\" src=\"https:\/\/georgemanus-books.com\/wp-content\/uploads\/2023\/12\/MM-buy-on-BOD-125.jpg\" alt=\"\" width=\"125\" height=\"39\" srcset=\"https:\/\/georgemanus-books.com\/wp-content\/uploads\/2023\/12\/MM-buy-on-BOD-125.jpg 125w, https:\/\/georgemanus-books.com\/wp-content\/uploads\/2023\/12\/MM-buy-on-BOD-125-18x6.jpg 18w\" sizes=\"auto, (max-width: 125px) 100vw, 125px\" \/><\/a><\/p>\n<p>*Boken vil kunne skaffes av alle bokhandlere med henvisning til det internasjonale ISBN nummeret, eller man kan google ISBN nummeret.<\/p>\n<p class=\"binding\">Innbundet, 636 sider<\/p>\n<p>ISBN: 9788743044741<\/p>\n<p class=\"p1\">04-04-2020<\/p>\n<p>E-bok ISBN: 9788743021001<\/p>","protected":false},"excerpt":{"rendered":"<h5><strong><em>\u2013 Refleksjoner over stort og sm\u00e5tt<\/em><\/strong><\/h5>\n<p>George Manus har gjennom hele livet reflektert over stort og sm\u00e5tt, hvilket allerede har resultert i 20 b\u00f8ker. Han hevder at mens tingene skjer n\u00e5r vi kun \u00e5 tenke i nuet. Det er f\u00f8rst etterp\u00e5 at vi f\u00e5r tid og mulighet til \u00e5 tenke etter, analysere og overveie.<\/p>","protected":false},"featured_media":61,"comment_status":"closed","ping_status":"closed","template":"","meta":[],"product_brand":[],"product_cat":[18],"product_tag":[],"class_list":{"0":"post-145","1":"product","2":"type-product","3":"status-publish","4":"has-post-thumbnail","6":"product_cat-george-manus","8":"first","9":"instock","10":"shipping-taxable","11":"product-type-simple"},"_links":{"self":[{"href":"https:\/\/georgemanus-books.com\/nb\/wp-json\/wp\/v2\/product\/145","targetHints":{"allow":["GET"]}}],"collection":[{"href":"https:\/\/georgemanus-books.com\/nb\/wp-json\/wp\/v2\/product"}],"about":[{"href":"https:\/\/georgemanus-books.com\/nb\/wp-json\/wp\/v2\/types\/product"}],"replies":[{"embeddable":true,"href":"https:\/\/georgemanus-books.com\/nb\/wp-json\/wp\/v2\/comments?post=145"}],"wp:featuredmedia":[{"embeddable":true,"href":"https:\/\/georgemanus-books.com\/nb\/wp-json\/wp\/v2\/media\/61"}],"wp:attachment":[{"href":"https:\/\/georgemanus-books.com\/nb\/wp-json\/wp\/v2\/media?parent=145"}],"wp:term":[{"taxonomy":"product_brand","embeddable":true,"href":"https:\/\/georgemanus-books.com\/nb\/wp-json\/wp\/v2\/product_brand?post=145"},{"taxonomy":"product_cat","embeddable":true,"href":"https:\/\/georgemanus-books.com\/nb\/wp-json\/wp\/v2\/product_cat?post=145"},{"taxonomy":"product_tag","embeddable":true,"href":"https:\/\/georgemanus-books.com\/nb\/wp-json\/wp\/v2\/product_tag?post=145"}],"curies":[{"name":"wp","href":"https:\/\/api.w.org\/{rel}","templated":true}]}}