{"id":103,"date":"2020-11-02T12:16:25","date_gmt":"2020-11-02T11:16:25","guid":{"rendered":"https:\/\/georgemanus-books.com\/?post_type=product&#038;p=103"},"modified":"2026-02-23T20:31:10","modified_gmt":"2026-02-23T19:31:10","slug":"words-for-the-road-x","status":"publish","type":"product","link":"https:\/\/georgemanus-books.com\/nb\/produkt\/words-for-the-road-x\/","title":{"rendered":"Ord med p\u00e5 veien X"},"content":{"rendered":"<p><em>\u2013 100 korte refleksjoner og ordspill.<\/em><\/p>\n<p>Forfatter George Manus har med denne tiende boken i serien ORD MED P\u00c5 VEIEN, lagt bak seg 1001 \u201cKorte refleksjoner og ordspill\u201d.<br \/>\nI motsetning til de andre ni b\u00f8kene, som hver inneholder rundt 100, har denne 101, for \u00e5 indikere, sier han, at det m\u00e5 v\u00e6re en grense, i hvert fall i denne omgang.<br \/>\nHan sier videre at det har v\u00e6rt en hektisk og spennende reise de siste par \u00e5rene i tillegg til hans andre skriverier.\u2028<\/p>\n<p>Ettersom nysgjerrighet, etter hans mening, er drivkraften for fremgang, har han dedikert boken til \u201cNysgjerrigheten\u201d.<br \/>\n-<br \/>\nGod lesning \u2013 God leselyst.<\/p>\n<p>Paperback, 96 sider<\/p>\n<h4>KJ\u00d8P N\u00c5 \u2013 Klikk p\u00e5 din foretrukne utsalgssted nedenfor:<\/h4>\n<p>&nbsp;<\/p>\n<p><a href=\"https:\/\/www.amazon.co.uk\/Words-Road-short-reflections-puns\/dp\/8743028241\/ref=sr_1_1?dchild=1&amp;amp;keywords=Words+for+the+Road+X%3A+100+short+reflections+and+pun&amp;amp;qid=1607456001&amp;amp;s=books&amp;amp;sr=1-1\" target=\"_blank\" rel=\"noopener\"><img loading=\"lazy\" decoding=\"async\" class=\"alignnone wp-image-135 size-full\" src=\"https:\/\/georgemanus-books.com\/wp-content\/uploads\/2023\/12\/MM-buy-on-amazon-125.jpg\" alt=\"\" width=\"125\" height=\"39\" srcset=\"https:\/\/georgemanus-books.com\/wp-content\/uploads\/2023\/12\/MM-buy-on-amazon-125.jpg 125w, https:\/\/georgemanus-books.com\/wp-content\/uploads\/2023\/12\/MM-buy-on-amazon-125-18x6.jpg 18w\" sizes=\"auto, (max-width: 125px) 100vw, 125px\" \/><\/a><a href=\"https:\/\/www.ebay.co.uk\/itm\/En-Kvinnes-mange-flyttinger-Manus-George-9788771883411-Fast-Free-Shipping\/313010978972?hash=item48e0e8809c:g:qXcAAOSwZKJeVppl\" target=\"_blank\" rel=\"noopener\">\u00a0\u00a0\u00a0\u00a0 <\/a><a href=\"https:\/\/www.ebay.co.uk\/itm\/Words-for-the-Road-X-by-George-Manus-Free-Shipping\/393002745141?hash=item5b80c9fd35:g:VUwAAOSw9IZfqFbV\" target=\"_blank\" rel=\"noopener\"><img loading=\"lazy\" decoding=\"async\" class=\"alignnone wp-image-138 size-full\" src=\"https:\/\/georgemanus-books.com\/wp-content\/uploads\/2023\/12\/MM-buy-on-ebay-125.jpg\" alt=\"\" width=\"125\" height=\"39\" srcset=\"https:\/\/georgemanus-books.com\/wp-content\/uploads\/2023\/12\/MM-buy-on-ebay-125.jpg 125w, https:\/\/georgemanus-books.com\/wp-content\/uploads\/2023\/12\/MM-buy-on-ebay-125-18x6.jpg 18w\" sizes=\"auto, (max-width: 125px) 100vw, 125px\" \/><\/a><a href=\"https:\/\/books.apple.com\/us\/book\/a-woman-s-many-migrations\/id1277639866?mt=11&amp;app=itunes\" target=\"_blank\" rel=\"noopener\">\u00a0\u00a0\u00a0\u00a0 <\/a><a href=\"https:\/\/books.apple.com\/us\/book\/words-for-the-road-x\/id1537073148\" target=\"_blank\" rel=\"noopener\"><img loading=\"lazy\" decoding=\"async\" class=\"alignnone wp-image-136 size-full\" src=\"https:\/\/georgemanus-books.com\/wp-content\/uploads\/2023\/12\/MM-buy-on-apple-125.jpg\" alt=\"\" width=\"125\" height=\"39\" srcset=\"https:\/\/georgemanus-books.com\/wp-content\/uploads\/2023\/12\/MM-buy-on-apple-125.jpg 125w, https:\/\/georgemanus-books.com\/wp-content\/uploads\/2023\/12\/MM-buy-on-apple-125-18x6.jpg 18w\" sizes=\"auto, (max-width: 125px) 100vw, 125px\" \/><\/a> \u00a0 \u00a0 <a href=\"https:\/\/www.bod.dk\/bogshop\/words-for-the-road-x-george-manus-9788743028246\" target=\"_blank\" rel=\"noopener\"><img loading=\"lazy\" decoding=\"async\" class=\"alignnone wp-image-137 size-full\" src=\"https:\/\/georgemanus-books.com\/wp-content\/uploads\/2023\/12\/MM-buy-on-BOD-125.jpg\" alt=\"\" width=\"125\" height=\"39\" srcset=\"https:\/\/georgemanus-books.com\/wp-content\/uploads\/2023\/12\/MM-buy-on-BOD-125.jpg 125w, https:\/\/georgemanus-books.com\/wp-content\/uploads\/2023\/12\/MM-buy-on-BOD-125-18x6.jpg 18w\" sizes=\"auto, (max-width: 125px) 100vw, 125px\" \/><\/a><\/p>\n<p><span class=\"a-list-item\"><span class=\"a-text-bold\">*Boken vil kunne skaffes av alle bokhandlere med henvisning til det internasjonale ISBN nummeret, eller man kan google ISBN nummeret.<\/span><\/span><\/p>\n<p><span class=\"a-list-item\"><span class=\"a-text-bold\">ISBN: <\/span><\/span>9788743028246<\/p>\n<p class=\"p1\">02-11-2020<\/p>\n<p>E-bok ISBN: 9788743064237<\/p>\n<div id=\"row-1977770024\" class=\"row row-collapse\">\n<div id=\"col-1644399559\" class=\"col medium-3 small-12 large-3\">\n<div class=\"col-inner\">\n<div id=\"image_2024690789\" class=\"img has-hover x md-x lg-x y md-y lg-y\"><\/div>\n<\/div>\n<\/div>\n<div id=\"col-1699247423\" class=\"col medium-3 small-12 large-3\">\n<div class=\"col-inner\">\n<div id=\"image_1541607869\" class=\"img has-hover x md-x lg-x y md-y lg-y\">\n<div class=\"img-inner dark\"><\/div>\n<\/div>\n<\/div>\n<\/div>\n<\/div>\n<div id=\"gap-1324172805\" class=\"gap-element clearfix\"><\/div>\n<p>&nbsp;<\/p>","protected":false},"excerpt":{"rendered":"<h5><strong><em>\u2013 100 korte refleksjoner og ordspill.<\/em><\/strong><\/h5>\n<p>Forfatter George Manus har med denne tiende boken i serien ORD MED P\u00c5 VEIEN, lagt bak seg 1001 \u201cKorte refleksjoner og ordspill\u201d.<\/p>","protected":false},"featured_media":71,"comment_status":"closed","ping_status":"closed","template":"","meta":[],"product_brand":[],"product_cat":[18],"product_tag":[],"class_list":{"0":"post-103","1":"product","2":"type-product","3":"status-publish","4":"has-post-thumbnail","6":"product_cat-george-manus","8":"first","9":"instock","10":"shipping-taxable","11":"product-type-simple"},"_links":{"self":[{"href":"https:\/\/georgemanus-books.com\/nb\/wp-json\/wp\/v2\/product\/103","targetHints":{"allow":["GET"]}}],"collection":[{"href":"https:\/\/georgemanus-books.com\/nb\/wp-json\/wp\/v2\/product"}],"about":[{"href":"https:\/\/georgemanus-books.com\/nb\/wp-json\/wp\/v2\/types\/product"}],"replies":[{"embeddable":true,"href":"https:\/\/georgemanus-books.com\/nb\/wp-json\/wp\/v2\/comments?post=103"}],"wp:featuredmedia":[{"embeddable":true,"href":"https:\/\/georgemanus-books.com\/nb\/wp-json\/wp\/v2\/media\/71"}],"wp:attachment":[{"href":"https:\/\/georgemanus-books.com\/nb\/wp-json\/wp\/v2\/media?parent=103"}],"wp:term":[{"taxonomy":"product_brand","embeddable":true,"href":"https:\/\/georgemanus-books.com\/nb\/wp-json\/wp\/v2\/product_brand?post=103"},{"taxonomy":"product_cat","embeddable":true,"href":"https:\/\/georgemanus-books.com\/nb\/wp-json\/wp\/v2\/product_cat?post=103"},{"taxonomy":"product_tag","embeddable":true,"href":"https:\/\/georgemanus-books.com\/nb\/wp-json\/wp\/v2\/product_tag?post=103"}],"curies":[{"name":"wp","href":"https:\/\/api.w.org\/{rel}","templated":true}]}}