{"id":102,"date":"2020-10-08T12:15:49","date_gmt":"2020-10-08T11:15:49","guid":{"rendered":"https:\/\/georgemanus-books.com\/?post_type=product&#038;p=102"},"modified":"2026-02-23T20:31:27","modified_gmt":"2026-02-23T19:31:27","slug":"words-for-the-road-ix","status":"publish","type":"product","link":"https:\/\/georgemanus-books.com\/nb\/produkt\/words-for-the-road-ix\/","title":{"rendered":"Ord med p\u00e5 veien IX"},"content":{"rendered":"<p><em>\u2013 100 korte refleksjoner og ordspill.<\/em><\/p>\n<p>Med denne \u00abORD MED P\u00c5 VEIEN IX\u00bb, den niende i rekken siden den f\u00f8rste ble utgitt i 2018, har jeg etterlatt meg 900 \u00abKorte refleksjoner og ordspill\u00bb p\u00e5 b\u00e5de engelsk og norsk. Jeg har dedikert boken til \u00abViljen\u00bb som jeg ser p\u00e5 som en viktig ingrediens for \u00e5 n\u00e5 et m\u00e5l. I refleksjonen \u00abViljen\u00bb, som du kan lese fra side 18, skriver jeg: \u00abSkal man n\u00e5 et m\u00e5l man har satt seg, uansett karakter, m\u00e5 viljen v\u00e6re der. Det er slett ikke slik at hvis bare viljen er der, n\u00e5r man automatisk alle m\u00e5l man har satt seg. Viljen er bare en av ingrediensene som trengs for \u00e5 gj\u00f8re det, men kanskje den som til syvende og sist er betingelsen som trengs for \u00e5 fremme ens tanker og meninger\u00bb.<\/p>\n<p>Det meste av innholdet i boken ble f\u00f8rst skrevet p\u00e5 norsk og deretter oversatt til engelsk, s\u00e5 jeg ber leseren v\u00e6re overmodig med den engelske presentasjonen, som ofte ikke f\u00e5r helt samme rytme og mening som den norske.<\/p>\n<p>Som i de forrige \u00e5tte \u00abORD MED P\u00c5 VEIEN\u00bb, er innholdsfortegnelsen presentert i alfabetisk rekkef\u00f8lge p\u00e5 b\u00e5de engelsk og norsk. I boka kommer engelsken f\u00f8rst, med tilsvarende norsk ved siden av. Hvis du f\u00f8ler at du har h\u00f8rt noen av dem f\u00f8r, garanterer jeg at det aldri har v\u00e6rt min intensjon \u00e5 plagiere.\n\n- Paperback, 100 sider<\/p>\n<h4>KJ\u00d8P N\u00c5 \u2013 Klikk p\u00e5 din foretrukne utsalgssted nedenfor:<\/h4>\n<p>&nbsp;<\/p>\n<p><a href=\"https:\/\/www.amazon.co.uk\/Words-Road-IX-short-reflections\/dp\/8743028403\/ref=sr_1_1?dchild=1&amp;amp;keywords=Words+for+the+Road+IX&amp;amp;qid=1607453229&amp;amp;s=books&amp;amp;sr=1-1\" target=\"_blank\" rel=\"noopener\"><img loading=\"lazy\" decoding=\"async\" class=\"alignnone wp-image-135 size-full\" src=\"https:\/\/georgemanus-books.com\/wp-content\/uploads\/2023\/12\/MM-buy-on-amazon-125.jpg\" alt=\"\" width=\"125\" height=\"39\" srcset=\"https:\/\/georgemanus-books.com\/wp-content\/uploads\/2023\/12\/MM-buy-on-amazon-125.jpg 125w, https:\/\/georgemanus-books.com\/wp-content\/uploads\/2023\/12\/MM-buy-on-amazon-125-18x6.jpg 18w\" sizes=\"auto, (max-width: 125px) 100vw, 125px\" \/><\/a><a href=\"https:\/\/www.ebay.co.uk\/itm\/En-Kvinnes-mange-flyttinger-Manus-George-9788771883411-Fast-Free-Shipping\/313010978972?hash=item48e0e8809c:g:qXcAAOSwZKJeVppl\" target=\"_blank\" rel=\"noopener\">\u00a0\u00a0\u00a0\u00a0 <\/a><a href=\"https:\/\/www.ebay.co.uk\/itm\/Words-for-the-Road-IX-100-short-reflections-and-puns-Manus-9788743014270\/133526413484?epid=28041144583&amp;amp;hash=item1f16cb60ac:g:aAMAAOSwW5dfaeO3\" target=\"_blank\" rel=\"noopener\"><img loading=\"lazy\" decoding=\"async\" class=\"alignnone wp-image-138 size-full\" src=\"https:\/\/georgemanus-books.com\/wp-content\/uploads\/2023\/12\/MM-buy-on-ebay-125.jpg\" alt=\"\" width=\"125\" height=\"39\" srcset=\"https:\/\/georgemanus-books.com\/wp-content\/uploads\/2023\/12\/MM-buy-on-ebay-125.jpg 125w, https:\/\/georgemanus-books.com\/wp-content\/uploads\/2023\/12\/MM-buy-on-ebay-125-18x6.jpg 18w\" sizes=\"auto, (max-width: 125px) 100vw, 125px\" \/><\/a><a href=\"https:\/\/books.apple.com\/us\/book\/a-woman-s-many-migrations\/id1277639866?mt=11&amp;app=itunes\" target=\"_blank\" rel=\"noopener\">\u00a0\u00a0\u00a0\u00a0 <\/a><a href=\"https:\/\/books.apple.com\/us\/book\/words-for-the-road-ix\/id1539158479\" target=\"_blank\" rel=\"noopener\"><img loading=\"lazy\" decoding=\"async\" class=\"alignnone wp-image-136 size-full\" src=\"https:\/\/georgemanus-books.com\/wp-content\/uploads\/2023\/12\/MM-buy-on-apple-125.jpg\" alt=\"\" width=\"125\" height=\"39\" srcset=\"https:\/\/georgemanus-books.com\/wp-content\/uploads\/2023\/12\/MM-buy-on-apple-125.jpg 125w, https:\/\/georgemanus-books.com\/wp-content\/uploads\/2023\/12\/MM-buy-on-apple-125-18x6.jpg 18w\" sizes=\"auto, (max-width: 125px) 100vw, 125px\" \/><\/a> \u00a0 \u00a0 <a href=\"https:\/\/www.bod.dk\/bogshop\/words-for-the-road-ix-george-manus-9788743028406\" target=\"_blank\" rel=\"noopener\"><img loading=\"lazy\" decoding=\"async\" class=\"alignnone wp-image-137 size-full\" src=\"https:\/\/georgemanus-books.com\/wp-content\/uploads\/2023\/12\/MM-buy-on-BOD-125.jpg\" alt=\"\" width=\"125\" height=\"39\" srcset=\"https:\/\/georgemanus-books.com\/wp-content\/uploads\/2023\/12\/MM-buy-on-BOD-125.jpg 125w, https:\/\/georgemanus-books.com\/wp-content\/uploads\/2023\/12\/MM-buy-on-BOD-125-18x6.jpg 18w\" sizes=\"auto, (max-width: 125px) 100vw, 125px\" \/><\/a><\/p>\n<p><span class=\"a-list-item\"><span class=\"a-text-bold\">*Boken vil kunne skaffes av alle bokhandlere med henvisning til det internasjonale ISBN nummeret, eller man kan google ISBN nummeret.<\/span><\/span><\/p>\n<p><span class=\"a-list-item\"><span class=\"a-text-bold\">ISBN: <\/span><\/span>9788743028406<\/p>\n<div id=\"row-730214224\" class=\"row row-collapse\">\n<div id=\"col-1567260748\" class=\"col medium-3 small-12 large-3\">\n<div class=\"col-inner\">\n<div id=\"image_1459952744\" class=\"img has-hover x md-x lg-x y md-y lg-y\">\n<p class=\"p1\">08-10-2020<\/p>\n<p>E-bok ISBN: 9788743064411<\/p>\n<\/div>\n<\/div>\n<\/div>\n<div id=\"col-1227821595\" class=\"col medium-3 small-12 large-3\">\n<div class=\"col-inner\">\n<div id=\"image_1674034757\" class=\"img has-hover x md-x lg-x y md-y lg-y\">\n<div class=\"img-inner dark\"><\/div>\n<\/div>\n<\/div>\n<\/div>\n<\/div>\n<div id=\"gap-1990814135\" class=\"gap-element clearfix\"><\/div>\n<p>&nbsp;<\/p>","protected":false},"excerpt":{"rendered":"<h5><strong><em>\u2013 100 korte refleksjoner og ordspill.<\/em><\/strong><\/h5>\n<p>Med denne \u2018ORD MED P\u00c5 VEIEN IX\u2019, den niende i rekken siden den f\u00f8rste ble utgitt i 2018, har jeglagt bak meg 900 \u00abKorte refleksjoner og ordspill\u00bb p\u00e5 b\u00e5de engelsk og norsk.<\/p>","protected":false},"featured_media":70,"comment_status":"closed","ping_status":"closed","template":"","meta":[],"product_brand":[],"product_cat":[18],"product_tag":[],"class_list":{"0":"post-102","1":"product","2":"type-product","3":"status-publish","4":"has-post-thumbnail","6":"product_cat-george-manus","8":"first","9":"instock","10":"shipping-taxable","11":"product-type-simple"},"_links":{"self":[{"href":"https:\/\/georgemanus-books.com\/nb\/wp-json\/wp\/v2\/product\/102","targetHints":{"allow":["GET"]}}],"collection":[{"href":"https:\/\/georgemanus-books.com\/nb\/wp-json\/wp\/v2\/product"}],"about":[{"href":"https:\/\/georgemanus-books.com\/nb\/wp-json\/wp\/v2\/types\/product"}],"replies":[{"embeddable":true,"href":"https:\/\/georgemanus-books.com\/nb\/wp-json\/wp\/v2\/comments?post=102"}],"wp:featuredmedia":[{"embeddable":true,"href":"https:\/\/georgemanus-books.com\/nb\/wp-json\/wp\/v2\/media\/70"}],"wp:attachment":[{"href":"https:\/\/georgemanus-books.com\/nb\/wp-json\/wp\/v2\/media?parent=102"}],"wp:term":[{"taxonomy":"product_brand","embeddable":true,"href":"https:\/\/georgemanus-books.com\/nb\/wp-json\/wp\/v2\/product_brand?post=102"},{"taxonomy":"product_cat","embeddable":true,"href":"https:\/\/georgemanus-books.com\/nb\/wp-json\/wp\/v2\/product_cat?post=102"},{"taxonomy":"product_tag","embeddable":true,"href":"https:\/\/georgemanus-books.com\/nb\/wp-json\/wp\/v2\/product_tag?post=102"}],"curies":[{"name":"wp","href":"https:\/\/api.w.org\/{rel}","templated":true}]}}