{"id":100,"date":"2020-09-28T12:14:53","date_gmt":"2020-09-28T11:14:53","guid":{"rendered":"https:\/\/georgemanus-books.com\/?post_type=product&#038;p=100"},"modified":"2024-01-23T16:37:12","modified_gmt":"2024-01-23T15:37:12","slug":"words-for-the-road-viii","status":"publish","type":"product","link":"https:\/\/georgemanus-books.com\/nb\/produkt\/words-for-the-road-viii\/","title":{"rendered":"Ord med p\u00e5 veien VIII"},"content":{"rendered":"<p><em>\u2013 100 korte refleksjoner og ordspill.<\/em><\/p>\n<p>Denne ORD MED P\u00c5 VEIEN VIII, det \u00e5ttende i rekken, har jeg dedikert til \u00abEr det s\u00e5 n\u00f8ye\u00bb? og som de andre gitt undertittelen: 100 korte refleksjoner og ordspill. De s\u00e5 langt 800 orde med p\u00e5 veien er uttrykk for mine spontane meninger og tanker da de ble satt p\u00e5 papiret.<\/p>\n<p>Noen av dem vil leseren finne \u00e5penbare mens andre kunne v\u00e6rt formet annerledes eller ikke tatt med i det hele tatt. Men innimellom er det forh\u00e5pentligvis en og annen som man tar til underretning, eller som gir en ettertanke. I s\u00e5 fall er form\u00e5let mitt med dem oppn\u00e5dd. Refleksjonen \u00abEr det s\u00e5 n\u00f8ye?\u00bb, som jeg skrev i 1994, og som er sakset fra boken REFLEKSJONER I, dreier seg om det skrevne ord. Knapt noen i klassen min var d\u00e5rligere enn meg n\u00e5r det gjaldt norsk rettskrivning. En ting er \u00e5 skrive grammatikalsk riktig, noe annet er \u00e5 skrive slik at den \u00f8nskede betydning kommer frem.<\/p>\n<p>Les refleksjonen \u00abEr det s\u00e5 n\u00f8ye\u00bb? fra side 19. Som i de forrige ORD MED P\u00c5 VEIEN, er innholdsfortegnelsen presentert i alfabetisk rekkef\u00f8lge p\u00e5 b\u00e5de engelsk og norsk. I boka kommer engelsken f\u00f8rst, med tilsvarende norsk ved siden av. Hvis du f\u00e5r f\u00f8lelsen av at du har h\u00f8rt noen av dem f\u00f8r, kan jeg forsikre deg om at det aldri har v\u00e6rt min intensjon \u00e5 plagiere.<\/p>\n<p><a href=\"https:\/\/www.amazon.co.uk\/Words-Road-VIII-short-reflections\/dp\/8743012302\/ref=sr_1_1?dchild=1&amp;amp;keywords=Words+for+the+Road+VIII&amp;amp;qid=1607455658&amp;amp;s=books&amp;amp;sr=1-1\" target=\"_blank\" rel=\"noopener\"><img loading=\"lazy\" decoding=\"async\" class=\"alignnone wp-image-135 size-full\" src=\"https:\/\/georgemanus-books.com\/wp-content\/uploads\/2023\/12\/MM-buy-on-amazon-125.jpg\" alt=\"\" width=\"125\" height=\"39\" srcset=\"https:\/\/georgemanus-books.com\/wp-content\/uploads\/2023\/12\/MM-buy-on-amazon-125.jpg 125w, https:\/\/georgemanus-books.com\/wp-content\/uploads\/2023\/12\/MM-buy-on-amazon-125-18x6.jpg 18w\" sizes=\"auto, (max-width: 125px) 100vw, 125px\" \/><\/a><a href=\"https:\/\/www.ebay.co.uk\/itm\/En-Kvinnes-mange-flyttinger-Manus-George-9788771883411-Fast-Free-Shipping\/313010978972?hash=item48e0e8809c:g:qXcAAOSwZKJeVppl\" target=\"_blank\" rel=\"noopener\">\u00a0\u00a0\u00a0\u00a0 <\/a><a href=\"https:\/\/www.ebay.co.uk\/itm\/Words-for-the-Road-VIII-100-short-reflections-and-puns-by-George-Manus\/164562168557?hash=item2650ab6aed:g:pEgAAOSw5ClfzN21\" target=\"_blank\" rel=\"noopener\"><img loading=\"lazy\" decoding=\"async\" class=\"alignnone wp-image-138 size-full\" src=\"https:\/\/georgemanus-books.com\/wp-content\/uploads\/2023\/12\/MM-buy-on-ebay-125.jpg\" alt=\"\" width=\"125\" height=\"39\" srcset=\"https:\/\/georgemanus-books.com\/wp-content\/uploads\/2023\/12\/MM-buy-on-ebay-125.jpg 125w, https:\/\/georgemanus-books.com\/wp-content\/uploads\/2023\/12\/MM-buy-on-ebay-125-18x6.jpg 18w\" sizes=\"auto, (max-width: 125px) 100vw, 125px\" \/><\/a><a href=\"https:\/\/books.apple.com\/us\/book\/a-woman-s-many-migrations\/id1277639866?mt=11&amp;app=itunes\" target=\"_blank\" rel=\"noopener\">\u00a0\u00a0\u00a0\u00a0 <\/a><a href=\"https:\/\/books.apple.com\/us\/book\/words-for-the-road-viii\/id1515243071\" target=\"_blank\" rel=\"noopener\"><img loading=\"lazy\" decoding=\"async\" class=\"alignnone wp-image-136 size-full\" src=\"https:\/\/georgemanus-books.com\/wp-content\/uploads\/2023\/12\/MM-buy-on-apple-125.jpg\" alt=\"\" width=\"125\" height=\"39\" srcset=\"https:\/\/georgemanus-books.com\/wp-content\/uploads\/2023\/12\/MM-buy-on-apple-125.jpg 125w, https:\/\/georgemanus-books.com\/wp-content\/uploads\/2023\/12\/MM-buy-on-apple-125-18x6.jpg 18w\" sizes=\"auto, (max-width: 125px) 100vw, 125px\" \/><\/a> \u00a0 \u00a0 <a href=\"https:\/\/www.bod.dk\/bogshop\/words-for-the-road-viii-george-manus-9788743012306\" target=\"_blank\" rel=\"noopener\"><img loading=\"lazy\" decoding=\"async\" class=\"alignnone wp-image-137 size-full\" src=\"https:\/\/georgemanus-books.com\/wp-content\/uploads\/2023\/12\/MM-buy-on-BOD-125.jpg\" alt=\"\" width=\"125\" height=\"39\" srcset=\"https:\/\/georgemanus-books.com\/wp-content\/uploads\/2023\/12\/MM-buy-on-BOD-125.jpg 125w, https:\/\/georgemanus-books.com\/wp-content\/uploads\/2023\/12\/MM-buy-on-BOD-125-18x6.jpg 18w\" sizes=\"auto, (max-width: 125px) 100vw, 125px\" \/><\/a><\/p>\n<p><span class=\"a-list-item\"><span class=\"a-text-bold\">*Boken vil kunne skaffes av alle bokhandlere med henvisning til det internasjonale ISBN nummeret, eller man kan google ISBN nummeret.<\/span><\/span><\/p>\n<p><span class=\"a-list-item\"><span class=\"a-text-bold\">ISBN: <\/span><\/span>9788743012306<\/p>\n<div id=\"row-2098059047\" class=\"row row-collapse\">\n<div id=\"col-1397472105\" class=\"col medium-3 small-12 large-3\">\n<div class=\"col-inner\">\n<div id=\"image_436484321\" class=\"img has-hover x md-x lg-x y md-y lg-y\">\n<p class=\"p1\">29-09-2020<\/p>\n<p>E-bok ISBN: 9788743017660<\/p>\n<\/div>\n<\/div>\n<\/div>\n<div id=\"col-1312152159\" class=\"col medium-3 small-12 large-3\">\n<div class=\"col-inner\">\n<div id=\"image_1479712592\" class=\"img has-hover x md-x lg-x y md-y lg-y\">\n<div class=\"img-inner dark\"><\/div>\n<\/div>\n<\/div>\n<\/div>\n<\/div>\n<div id=\"gap-554677217\" class=\"gap-element clearfix\"><\/div>\n<p>&nbsp;<\/p>","protected":false},"excerpt":{"rendered":"<h5><strong><em>\u2013 100 korte refleksjoner og ordspill.<\/em><\/strong><\/h5>\n<p>Denne ORD MED P\u00c5 VEIEN VIII, det \u00e5ttende i rekken, har jeg dedikert til \u00abEr det s\u00e5 n\u00f8ye\u00bb? og som de andre gitt undertittelen: 100 korte refleksjoner og ordspill. De s\u00e5 langt 800 orde med p\u00e5 veien er uttrykk for mine spontane meninger og tanker da de ble satt p\u00e5 papiret.<\/p>","protected":false},"featured_media":101,"comment_status":"closed","ping_status":"closed","template":"","meta":[],"product_brand":[],"product_cat":[18],"product_tag":[],"class_list":{"0":"post-100","1":"product","2":"type-product","3":"status-publish","4":"has-post-thumbnail","6":"product_cat-george-manus","8":"first","9":"instock","10":"shipping-taxable","11":"product-type-simple"},"_links":{"self":[{"href":"https:\/\/georgemanus-books.com\/nb\/wp-json\/wp\/v2\/product\/100","targetHints":{"allow":["GET"]}}],"collection":[{"href":"https:\/\/georgemanus-books.com\/nb\/wp-json\/wp\/v2\/product"}],"about":[{"href":"https:\/\/georgemanus-books.com\/nb\/wp-json\/wp\/v2\/types\/product"}],"replies":[{"embeddable":true,"href":"https:\/\/georgemanus-books.com\/nb\/wp-json\/wp\/v2\/comments?post=100"}],"wp:featuredmedia":[{"embeddable":true,"href":"https:\/\/georgemanus-books.com\/nb\/wp-json\/wp\/v2\/media\/101"}],"wp:attachment":[{"href":"https:\/\/georgemanus-books.com\/nb\/wp-json\/wp\/v2\/media?parent=100"}],"wp:term":[{"taxonomy":"product_brand","embeddable":true,"href":"https:\/\/georgemanus-books.com\/nb\/wp-json\/wp\/v2\/product_brand?post=100"},{"taxonomy":"product_cat","embeddable":true,"href":"https:\/\/georgemanus-books.com\/nb\/wp-json\/wp\/v2\/product_cat?post=100"},{"taxonomy":"product_tag","embeddable":true,"href":"https:\/\/georgemanus-books.com\/nb\/wp-json\/wp\/v2\/product_tag?post=100"}],"curies":[{"name":"wp","href":"https:\/\/api.w.org\/{rel}","templated":true}]}}