{"id":37,"date":"2023-12-20T18:18:57","date_gmt":"2023-12-20T17:18:57","guid":{"rendered":"https:\/\/georgemanus-books.com\/?page_id=37"},"modified":"2026-02-09T19:56:53","modified_gmt":"2026-02-09T18:56:53","slug":"notes-from-the-author","status":"publish","type":"page","link":"https:\/\/georgemanus-books.com\/nb\/notes-from-the-author\/","title":{"rendered":"Notater fra forfatteren"},"content":{"rendered":"<div class=\"row\"  id=\"row-1081393928\">\n\n\n\t<div id=\"col-900371278\" class=\"col small-12 large-12\"  >\n\t\t\t\t<div class=\"col-inner\"  >\n\t\t\t\n\t\t\t\n\n\t<div id=\"gap-2085416434\" class=\"gap-element clearfix\" style=\"display:block; height:auto;\">\n\t\t\n<style>\n#gap-2085416434 {\n  padding-top: 66px;\n}\n<\/style>\n\t<\/div>\n\t\n\n<div class=\"row\"  id=\"row-84589146\">\n\n\n\t<div id=\"col-650071748\" class=\"col small-12 large-12\"  >\n\t\t\t\t<div class=\"col-inner\"  >\n\t\t\t\n\t\t\t\n\n<h4 style=\"text-align: center;\"><strong>\"Et notat fra forfatteren\"<\/strong><\/h4>\n<p>\u00a0<\/p>\n<p>F\u00f8rste gang jeg samlet noen av mine refleksjoner og fortellinger, resulterte det i boken Refleksjoner, som ble trykket i en liten venneutgave i 2013. Den tar for seg refleksjoner jeg skrev i perioden 1987 til 1997. S\u00e5 fulgte i rask rekkef\u00f8lge Tanker\u2013 De f\u00f8rste 51 dagene i 2001 \u2013 En kvinnes mange flyttinger og Refleksjon og Historier. Alle f\u00f8rst trykt p\u00e5 norsk og deretter oversatt til engelsk.<\/p>\n<p>Det var aldri i mine tanker \u00e5 pr\u00f8ve \u00e5 publisere gjennom et vanlig forlag, da jeg gjennom andre i familien min hadde forst\u00e5tt at det var en lang og kronglete vei \u00e5 g\u00e5 og en som sv\u00e6rt sjelden resulterte i utgivelser.<\/p>\n<p>For meg, etter \u00e5 ha passert syttifem p\u00e5 den tiden, var det aldri et sp\u00f8rsm\u00e5l om \u00e5 bli forfatter, men \u00e5 f\u00e5 registrert noe om meg selv og mitt liv p\u00e5 en slik m\u00e5te at det ble tilgjengelig for de av mine etterf\u00f8lgere som kanskje en dag ville v\u00e6r interessert i hvem denne personen egentlig var. Spesielt med tanke p\u00e5, ikke av vilje, de i familien min som jeg aldri har m\u00f8tt.<\/p>\n<p>Jeg har n\u00e5 p\u00e5 papiret v\u00e6rt pensjonist siden 2006, og har bodd i Spania mer eller mindre permanent siden den gang. Som en hobby ved siden av \u00e5 skrive, har jeg holdt p\u00e5 med praktiske kreasjoner og innovasjoner knyttet til golf, s\u00e5 dagene har v\u00e6rt mer enn fylt med aktiviteter som golf med min kone Marianne fra Sveits som jeg giftet meg med i 1989 og ellers mange daglige aktiviteter.<\/p>\n<p>Min kontakt med en tidligere salgssjef og venn, Ole Praud, i Max Manus Danmark, et datterselskap av v\u00e5rt norske selskap med samme navn, har gjort det mulig for meg \u00e5 omsette mine manuskripter til b\u00f8ker. Jeg har holdt kontakten med Ole siden han sluttet i selskapet i 1996 etter mange \u00e5rs virksomhet. Han hadde, og har etter min mening den rette holdning og kunnskap, ikke minst innen moderne datateknologi, til \u00e5 hjelpe meg gjennom alle praktiske hindringer for \u00e5 omgj\u00f8re gj\u00f8re manuskripter til b\u00f8ker.<\/p>\n<p>De nevnte b\u00f8kene som ble trykket i et lite venneopplag i 2013 -15 ble, ble som du forst\u00e5r, ikke gjort gjennom et forlag, men direkte gjennom et trykkeri.<\/p>\n<p>Ole, tok kontakt med sin omgangskrets og med de som ellers var tilgjengelige, og organiserte illustrasjoner, b\u00e5de i sort\/hvitt og farger, som etter min mening gir en ekstra kvalitet til b\u00f8kene. Navnene p\u00e5 illustrat\u00f8rene er i den rekkef\u00f8lgen de kom til: Morten L\u00f8fberg \u2013 Jan Arnt \u2013 Julia B\u00f8ge og Laura Hamborg.<\/p>\n<p>En dag i 2016 da jeg var p\u00e5 Skype med Ole, nevnte han at han hadde h\u00f8rt om et dansk forlag kalt Books on Demand, <a href=\"http:\/\/bod.dk\/\">BoD.dk<\/a> som drev p\u00e5 en noe uvanlig m\u00e5te, i hvert fall s\u00e5 vidt jeg forstod. Forutsatt at de f\u00e5r manuskriptet ditt servert i henhold til sine spesifikasjoner, st\u00e5r de for trykking og distribusjon til kanaler i henhold til sitt oppsett. For meg er det viktigste at b\u00f8kene f\u00e5r et ISBN-nummer.<\/p>\n<p>Distribusjonen skjer over nettet og bortsett fra papirutgaven, er de fleste b\u00f8kene mine ogs\u00e5 utgitt som e-b\u00f8ker<\/p>\n<p>As of today, January 2026, twenty seven books have been published through <a href=\"http:\/\/bod.dk\/\">BoD.dk<\/a>BoD.dk, hvorav en serie p\u00e5 ti av dem: ORD MED P\u00c5 VEIEN, er p\u00e5 b\u00e5de engelsk og norsk. Bortsett fra boken 70 \u00e5r i kommunikasjon om Max Manus-bedriftene, som bare er p\u00e5 norsk, er alle p\u00e5 b\u00e5de norsk og engelsk bortsett fra Innovations and Creations som kun utgis p\u00e5 engelsk. Man kan sp\u00f8rre hvorfor, p\u00e5 denne hjemmesiden, mine skrifter er blandet med mine andre hobbyer. En grunn er at min fargerike bok INNOVATIONS and CREATIONS fra 2014 kan gi deg et interessant syn p\u00e5 hvordan en pensjonist kan bruke tusenvis av timer p\u00e5 \u00e5 fokusere p\u00e5 \u00e5 lage golfrelaterte produkter som han mente var innovative, uten \u00e5 ha noen seri\u00f8se planer om \u00e5 gj\u00f8re dem om til kommersielle produkter. Ikke fordi mange av dem ikke kunne det, men det ville av kapasitetsmessige \u00e5rsaker ha fjernet fokuset mitt fra selve utviklingen, da m\u00e5let mitt aldri har v\u00e6rt \u00e5 bygge opp en ny virksomhet, men \u00e5 se hva jeg kunne gj\u00f8re i kjelleren, for det meste ved hjelp av en l\u00f8vsag, noen filer og annet h\u00e5ndverkt\u00f8y fra en snekkers verkt\u00f8ykasse.<\/p>\n<p><em>Siden Om <a href=\"http:\/\/maxmanusinnovation.com\/about-max-manus-innovation\/\">About Max Manus Innovation<\/a> vil spesifikt gi deg noen flere detaljer om mine innovasjoner og kreasjoner.<\/em><\/p>\n<p>George Manus<\/p>\n\n\t\t<\/div>\n\t\t\t\t\t<\/div>\n\n\t\n\n<\/div>\n\n\t\t<\/div>\n\t\t\t\t\t<\/div>\n\n\t\n\n<\/div>","protected":false},"excerpt":{"rendered":"","protected":false},"author":1,"featured_media":0,"parent":0,"menu_order":0,"comment_status":"closed","ping_status":"closed","template":"","meta":{"footnotes":""},"class_list":["post-37","page","type-page","status-publish","hentry"],"_links":{"self":[{"href":"https:\/\/georgemanus-books.com\/nb\/wp-json\/wp\/v2\/pages\/37","targetHints":{"allow":["GET"]}}],"collection":[{"href":"https:\/\/georgemanus-books.com\/nb\/wp-json\/wp\/v2\/pages"}],"about":[{"href":"https:\/\/georgemanus-books.com\/nb\/wp-json\/wp\/v2\/types\/page"}],"author":[{"embeddable":true,"href":"https:\/\/georgemanus-books.com\/nb\/wp-json\/wp\/v2\/users\/1"}],"replies":[{"embeddable":true,"href":"https:\/\/georgemanus-books.com\/nb\/wp-json\/wp\/v2\/comments?post=37"}],"version-history":[{"count":10,"href":"https:\/\/georgemanus-books.com\/nb\/wp-json\/wp\/v2\/pages\/37\/revisions"}],"predecessor-version":[{"id":435,"href":"https:\/\/georgemanus-books.com\/nb\/wp-json\/wp\/v2\/pages\/37\/revisions\/435"}],"wp:attachment":[{"href":"https:\/\/georgemanus-books.com\/nb\/wp-json\/wp\/v2\/media?parent=37"}],"curies":[{"name":"wp","href":"https:\/\/api.w.org\/{rel}","templated":true}]}}