{"id":221,"date":"2024-01-03T13:03:04","date_gmt":"2024-01-03T12:03:04","guid":{"rendered":"https:\/\/georgemanus-books.com\/?page_id=221"},"modified":"2024-01-03T13:03:04","modified_gmt":"2024-01-03T12:03:04","slug":"personvernerklaering","status":"publish","type":"page","link":"https:\/\/georgemanus-books.com\/nb\/personvernerklaering\/","title":{"rendered":"Personvernerkl\u00e6ring"},"content":{"rendered":"<div id=\"gap-772892950\" class=\"gap-element clearfix\" style=\"display:block; height:auto;\">\n\t\t\n<style>\n#gap-772892950 {\n  padding-top: 30px;\n}\n<\/style>\n\t<\/div>\n\t\n\n<div class=\"row\"  id=\"row-19318290\">\n\n\n\t<div id=\"col-565354055\" class=\"col small-12 large-12\"  >\n\t\t\t\t<div class=\"col-inner\"  >\n\t\t\t\n\t\t\t\n\n<h2 class=\"wp-block-heading\" style=\"text-align: center;\">Personvernerkl\u00e6ring<\/h2>\n<p>Nettstedets adresse er: https:\/\/georgemanus-books.com\/<\/p>\n<h2 class=\"wp-block-heading\">Cookies<\/h2>\n<p>Hvis du legger igjen en kommentar p\u00e5 nettstedet v\u00e5rt, kan du velge \u00e5 lagre navnet ditt, e-postadressen og nettstedet ditt i informasjonskapsler. Disse er for enkelhets skyld, slik at du ikke trenger \u00e5 fylle ut opplysningene dine igjen n\u00e5r du legger igjen en kommentar. Disse informasjonskapslene vil vare i ett \u00e5r.<\/p>\n<p>Hvis du bes\u00f8ker v\u00e5r p\u00e5loggingsside, vil vi sette en midlertidig informasjonskapsel for \u00e5 avgj\u00f8re om nettleseren din godtar informasjonskapsler. Denne informasjonskapselen inneholder ingen personlige data og blir forkastet n\u00e5r du lukker nettleseren din.<\/p>\n<p>N\u00e5r du logger inn, vil vi ogs\u00e5 sette opp flere informasjonskapsler for \u00e5 lagre p\u00e5loggingsinformasjonen og skjermvisningsvalgene dine. Innloggingsinformasjonskapsler varer i to dager, og informasjonskapsler for skjermalternativer varer i ett \u00e5r. Hvis du velger \"Husk meg\", vil p\u00e5loggingen vedvare i to uker. Hvis du logger ut av kontoen din, vil p\u00e5loggingsinformasjonskapslene bli fjernet. Hvis du bes\u00f8ker p\u00e5loggingssiden v\u00e5r, vil vi sette en midlertidig informasjonskapsel for \u00e5 avgj\u00f8re om nettleseren din godtar informasjonskapsler. Denne informasjonskapselen inneholder ingen personlige data og blir forkastet n\u00e5r du lukker nettleseren din.<\/p>\n<p>Hvis du redigerer eller publiserer en artikkel, vil en ekstra informasjonskapsel bli lagret i nettleseren din. Denne informasjonskapselen inneholder ingen personlige data og indikerer bare post-ID-en til artikkelen du nettopp redigerte. Den utl\u00f8per etter 1 dag.<\/p>\n<h2 class=\"wp-block-heading\">Innebygd innhold fra andre nettsteder<\/h2>\n<p>Artikler p\u00e5 dette nettstedet kan inneholde innebygd innhold (f.eks. videoer, bilder, artikler osv.). Innebygd innhold fra andre nettsteder oppf\u00f8rer seg p\u00e5 n\u00f8yaktig samme m\u00e5te som om den bes\u00f8kende har bes\u00f8kt den andre nettsiden.<\/p>\n<p>Disse nettstedene kan samle inn data om deg, bruke informasjonskapsler, bygge inn ytterligere tredjepartssporing og overv\u00e5ke interaksjonen din med det innebygde innholdet, inkludert sporing av interaksjonen din med det innebygde innholdet hvis du har en konto og er logget inn p\u00e5 det nettstedet.<\/p>\n<h2 class=\"wp-block-heading\">Hvem vi deler dataene dine med<\/h2>\n<p>Hvis du ber om tilbakestilling av passord, vil IP-adressen din bli inkludert i tilbakestillings-e-posten.<\/p>\n<h2 class=\"wp-block-heading\">Hvor lenge vi beholder dataene dine<\/h2>\n<p>Hvis du legger igjen en kommentar, beholdes kommentaren og dens metadata p\u00e5 ubestemt tid. Dette er slik at vi kan gjenkjenne og godkjenne eventuelle oppf\u00f8lgingskommentarer automatisk i stedet for \u00e5 holde dem i en modereringsk\u00f8.<\/p>\n<p>For brukere som registrerer seg p\u00e5 nettstedet v\u00e5rt (hvis noen), lagrer vi ogs\u00e5 personopplysningene de oppgir i brukerprofilen deres. Alle brukere kan se, redigere eller slette sin personlige informasjon n\u00e5r som helst (bortsett fra at de ikke kan endre brukernavnet sitt). Nettstedsadministratorer kan ogs\u00e5 se og redigere denne informasjonen.<\/p>\n<h2 class=\"wp-block-heading\">Hvilke rettigheter du har over dataene dine<\/h2>\n<p>Hvis du har en konto p\u00e5 dette nettstedet, eller har lagt igjen kommentarer, kan du be om \u00e5 motta en eksportert fil med personopplysningene vi har om deg, inkludert data du har gitt oss. Du kan ogs\u00e5 be om at vi sletter alle personopplysninger vi har om deg. Dette inkluderer ikke data vi er forpliktet til \u00e5 beholde for administrative, juridiske eller sikkerhetsmessige form\u00e5l.<\/p>\n<h2 class=\"wp-block-heading\">Hvor dataene dine sendes<\/h2>\n<p>Bes\u00f8kendes kommentarer kan sjekkes gjennom en automatisert spam-deteksjonstjeneste.<\/p>\n\n\t\t<\/div>\n\t\t\t\t\t<\/div>\n\n\t\n\n<\/div>","protected":false},"excerpt":{"rendered":"","protected":false},"author":1,"featured_media":0,"parent":0,"menu_order":0,"comment_status":"closed","ping_status":"closed","template":"","meta":{"footnotes":""},"class_list":["post-221","page","type-page","status-publish","hentry"],"_links":{"self":[{"href":"https:\/\/georgemanus-books.com\/nb\/wp-json\/wp\/v2\/pages\/221","targetHints":{"allow":["GET"]}}],"collection":[{"href":"https:\/\/georgemanus-books.com\/nb\/wp-json\/wp\/v2\/pages"}],"about":[{"href":"https:\/\/georgemanus-books.com\/nb\/wp-json\/wp\/v2\/types\/page"}],"author":[{"embeddable":true,"href":"https:\/\/georgemanus-books.com\/nb\/wp-json\/wp\/v2\/users\/1"}],"replies":[{"embeddable":true,"href":"https:\/\/georgemanus-books.com\/nb\/wp-json\/wp\/v2\/comments?post=221"}],"version-history":[{"count":2,"href":"https:\/\/georgemanus-books.com\/nb\/wp-json\/wp\/v2\/pages\/221\/revisions"}],"predecessor-version":[{"id":223,"href":"https:\/\/georgemanus-books.com\/nb\/wp-json\/wp\/v2\/pages\/221\/revisions\/223"}],"wp:attachment":[{"href":"https:\/\/georgemanus-books.com\/nb\/wp-json\/wp\/v2\/media?parent=221"}],"curies":[{"name":"wp","href":"https:\/\/api.w.org\/{rel}","templated":true}]}}