{"id":213,"date":"2024-01-03T12:59:46","date_gmt":"2024-01-03T11:59:46","guid":{"rendered":"https:\/\/georgemanus-books.com\/?page_id=213"},"modified":"2024-01-03T12:59:46","modified_gmt":"2024-01-03T11:59:46","slug":"et-notat-fra-forfatteren","status":"publish","type":"page","link":"https:\/\/georgemanus-books.com\/nb\/et-notat-fra-forfatteren\/","title":{"rendered":"Et notat fra forfatteren"},"content":{"rendered":"<div class=\"row\"  id=\"row-116117857\">\n\n\n\t<div id=\"col-903826899\" class=\"col small-12 large-12\"  >\n\t\t\t\t<div class=\"col-inner\"  >\n\t\t\t\n\t\t\t\n\n\t<div id=\"gap-1419813565\" class=\"gap-element clearfix\" style=\"display:block; height:auto;\">\n\t\t\n<style>\n#gap-1419813565 {\n  padding-top: 66px;\n}\n<\/style>\n\t<\/div>\n\t\n\n<div class=\"row\"  id=\"row-1202193145\">\n\n\n\t<div id=\"col-37508059\" class=\"col small-12 large-12\"  >\n\t\t\t\t<div class=\"col-inner\"  >\n\t\t\t\n\t\t\t\n\n<h4 style=\"text-align: center;\"><strong>&#8216;Et notat fra forfatteren&#8217;<\/strong><\/h4>\n<p>\u00a0<\/p>\n<p>F\u00f8rste gang jeg samlet noen av mine refleksjoner og fortellinger, resulterte det i boken Reflections, som ble trykket i en liten venneutgave i 2013. Den tar for seg refleksjoner jeg skrev i perioden 1987 til 1997. S\u00e5 fulgte i rask rekkef\u00f8lge Tanker og Arrangement \u2013 De f\u00f8rste 51 dagene i 2001 \u2013 En kvinnes mange migrasjoner og refleksjon og historier. Alle f\u00f8rst trykt p\u00e5 norsk og deretter oversatt til engelsk.<\/p>\n<p>Det var aldri i tankene mine \u00e5 pr\u00f8ve \u00e5 publisere gjennom forlag, da jeg gjennom andre i familien min hadde forst\u00e5tt at det var en lang og kronglete vei \u00e5 g\u00e5 og en som sv\u00e6rt sjelden resulterte i utgivelser.<\/p>\n<p>For meg, etter \u00e5 ha passert syttifem p\u00e5 den tiden, var det aldri et sp\u00f8rsm\u00e5l om \u00e5 bli forfatter, men \u00e5 f\u00e5 registrert noe om meg selv og livet mitt p\u00e5 en eller annen m\u00e5te for de av mine f\u00f8lgere som en dag kan v\u00e6re interessert i hvem denne personen egentlig var. Spesielt av grunner, ikke av vilje, har de i familien min jeg i dag aldri m\u00f8tt.<\/p>\n<p>Jeg har n\u00e5 p\u00e5 papiret v\u00e6rt pensjonist siden 2006, og har bodd i Spania mer eller mindre permanent siden den gang. Som en hobby ved siden av \u00e5 skrive, har jeg holdt p\u00e5 med praktiske kreasjoner og innovasjoner knyttet til golf, s\u00e5 dagene har v\u00e6rt mer enn fylt med aktiviteter som golf med min kone Marianne fra Sveits som jeg giftet meg med i 1989 og ellers mange daglige aktiviteter.<\/p>\n<p>Min kontakt med en tidligere salgssjef og venn, Ole Praud, i Max Manus Danmark, et datterselskap av v\u00e5rt norske selskap med samme navn, har gjort det mulig for meg \u00e5 legge manuskriptene mine p\u00e5 papir og f\u00e5 dem skrevet ut. Jeg har holdt kontakten med Ole siden han sluttet i selskapet i 1996 etter mange \u00e5rs virksomhet, han hadde, og har etter min mening rett holdning og kunnskap, ikke minst innen moderne datateknologi, til \u00e5 hjelpe meg gjennom alt praktisk hindringer som gj\u00f8r manuskripter til b\u00f8ker.<\/p>\n<p>De nevnte b\u00f8kene som ble trykket i et lite venneopplag i 2013 -15 ble, som du forst\u00e5r, ikke gjort gjennom et forlag, men direkte gjennom en trykkeri.<\/p>\n<p>Bor i Danmark og er den han er, Ole, tok kontakt med folket og organiserte hundrevis av illustrasjoner, b\u00e5de i sort\/hvitt og farger, som if\u00f8lge meg gir en ekstra smak til b\u00f8kene. Navnene p\u00e5 illustrat\u00f8rene er i den rekkef\u00f8lgen de skrev inn: Morten L\u00f8fberg \u2013 Jan Arnt \u2013 Julia B\u00f8ge og Laura Hamborg.<\/p>\n<p>En dag i 2016 da jeg var p\u00e5 Skype med Ole, nevnte han at han hadde h\u00f8rt om et dansk forlag kalt Books on Demand, BoD.dk, som drev p\u00e5 en noe ny m\u00e5te, i hvert fall s\u00e5 vidt jeg vet. Forutsatt at de f\u00e5r manuskriptet ditt servert i henhold til spesifikasjonene deres, vil de skrive det ut i hvilket som helst volum og f\u00e5 det distribuert til kanaler i henhold til oppsettet deres. For meg er det viktigste at de f\u00e5r et ISBN-nummer.<\/p>\n<p>Distribusjonen skjer over nettet og bortsett fra papirutgaver, er de fleste b\u00f8kene mine ogs\u00e5 utgitt som e-b\u00f8ker.<\/p>\n<p>Per i dag, januar 2021, er tjue b\u00f8ker publisert gjennom BoD.dk, hvorav en serie p\u00e5 ti ORD FOR VEIEN, hver bok p\u00e5 b\u00e5de engelsk og norsk. Resten, bortsett fra boken om Max Manus-selskapene, som forh\u00e5pentligvis ogs\u00e5 skal trykkes p\u00e5 engelsk, er alle p\u00e5 b\u00e5de norsk og engelsk bortsett fra Innovations and Creations som kun utgis p\u00e5 engelsk.<\/p>\n<p>Man kan sp\u00f8rre hvorfor, p\u00e5 denne hjemmesiden, mine skrifter er blandet med mine andre hobbyer.<\/p>\n<p>En grunn er at min fargerike bok INNOVATIONS and CREATIONS fra 2014 kan gi deg et interessant syn p\u00e5 hvordan en pensjonist kan bruke tusenvis av timer p\u00e5 \u00e5 fokusere p\u00e5 \u00e5 lage golfrelaterte produkter som han mente var innovative, uten \u00e5 ha noen seri\u00f8se planer om \u00e5 gj\u00f8re dem om til kommersielle. Produkter. Ikke fordi mange av dem ikke kunne det, men det ville av kapasitetsmessige \u00e5rsaker ha fjernet fokuset mitt fra etableringen, da m\u00e5let mitt ikke var \u00e5 bygge opp en ny virksomhet, men \u00e5 se hva jeg kunne gj\u00f8re i kjelleren, for det meste ved hjelp av en stikksag, noen filer og annet h\u00e5ndverkt\u00f8y fra en snekkers verkt\u00f8ykasse.<\/p>\n<p>Siden Om <a href=\"https:\/\/maxmanusinnovation.com\/about-max-manus-innovation\/\">Max Manus Innovation<\/a> vil spesifikt gi deg noen flere detaljer om mine innovasjoner og kreasjoner.<\/p>\n<p>George Manus<\/p>\n<p>desember 2020<\/p>\n\n\t\t<\/div>\n\t\t\t\t\t<\/div>\n\n\t\n\n<\/div>\n\n\t\t<\/div>\n\t\t\t\t\t<\/div>\n\n\t\n\n<\/div>","protected":false},"excerpt":{"rendered":"","protected":false},"author":1,"featured_media":0,"parent":0,"menu_order":0,"comment_status":"closed","ping_status":"closed","template":"","meta":{"footnotes":""},"class_list":["post-213","page","type-page","status-publish","hentry"],"_links":{"self":[{"href":"https:\/\/georgemanus-books.com\/nb\/wp-json\/wp\/v2\/pages\/213","targetHints":{"allow":["GET"]}}],"collection":[{"href":"https:\/\/georgemanus-books.com\/nb\/wp-json\/wp\/v2\/pages"}],"about":[{"href":"https:\/\/georgemanus-books.com\/nb\/wp-json\/wp\/v2\/types\/page"}],"author":[{"embeddable":true,"href":"https:\/\/georgemanus-books.com\/nb\/wp-json\/wp\/v2\/users\/1"}],"replies":[{"embeddable":true,"href":"https:\/\/georgemanus-books.com\/nb\/wp-json\/wp\/v2\/comments?post=213"}],"version-history":[{"count":2,"href":"https:\/\/georgemanus-books.com\/nb\/wp-json\/wp\/v2\/pages\/213\/revisions"}],"predecessor-version":[{"id":215,"href":"https:\/\/georgemanus-books.com\/nb\/wp-json\/wp\/v2\/pages\/213\/revisions\/215"}],"wp:attachment":[{"href":"https:\/\/georgemanus-books.com\/nb\/wp-json\/wp\/v2\/media?parent=213"}],"curies":[{"name":"wp","href":"https:\/\/api.w.org\/{rel}","templated":true}]}}