{"id":210,"date":"2024-01-03T12:55:37","date_gmt":"2024-01-03T11:55:37","guid":{"rendered":"https:\/\/georgemanus-books.com\/?page_id=210"},"modified":"2024-01-03T12:57:20","modified_gmt":"2024-01-03T11:57:20","slug":"om-george-manus","status":"publish","type":"page","link":"https:\/\/georgemanus-books.com\/nb\/om-george-manus\/","title":{"rendered":"Om George Manus"},"content":{"rendered":"<div class=\"row\"  id=\"row-1970556015\">\n\n\n\t<div id=\"col-1730603385\" class=\"col small-12 large-12\"  >\n\t\t\t\t<div class=\"col-inner\"  >\n\t\t\t\n\t\t\t\n\n<div class=\"row\"  id=\"row-484159525\">\n\n\n\t<div id=\"col-1759778816\" class=\"col small-12 large-12\"  >\n\t\t\t\t<div class=\"col-inner\"  >\n\t\t\t\n\t\t\t\n\n\t<div id=\"gap-1558610382\" class=\"gap-element clearfix\" style=\"display:block; height:auto;\">\n\t\t\n<style>\n#gap-1558610382 {\n  padding-top: 69px;\n}\n<\/style>\n\t<\/div>\n\t\n\n<h4 style=\"text-align: center;\"><strong>Om George Manus<\/strong><\/h4>\n<p>\u00a0<\/p>\n<p><img loading=\"lazy\" decoding=\"async\" class=\"wp-image-142 alignleft\" src=\"http:\/\/maxmanusinnovation.com\/wp-content\/uploads\/2019\/11\/MMI-George-Manus-300x300.jpg\" sizes=\"auto, (max-width: 142px) 100vw, 142px\" srcset=\"https:\/\/maxmanusinnovation.com\/wp-content\/uploads\/2019\/11\/MMI-George-Manus-300x300.jpg 300w, https:\/\/maxmanusinnovation.com\/wp-content\/uploads\/2019\/11\/MMI-George-Manus-100x100.jpg 100w, https:\/\/maxmanusinnovation.com\/wp-content\/uploads\/2019\/11\/MMI-George-Manus-150x150.jpg 150w, https:\/\/maxmanusinnovation.com\/wp-content\/uploads\/2019\/11\/MMI-George-Manus.jpg 382w\" alt=\"\" width=\"142\" height=\"142\" \/><\/p>\n<p><strong>George Manus<\/strong> ble f\u00f8dt i England 14. mai 1939. Hans mor var Ida Nikoline Lindebr\u00e6kke fra Norge og hans engelske far George Bernardes. Foreldrene ble skilt og George vokste opp etter andre verdenskrig som stes\u00f8nn til krigshelten <strong>Max Manus<\/strong> i Norge. Han fikk navnet Manus, men ble aldri adoptert. Hele sitt profesjonelle liv var han engasjert i Max Manus Companies og leder for samme i <strong>40 \u00e5r<\/strong>. Gjennom hele sitt voksne liv har han tenkt p\u00e5 MYE og har gjort mange notater underveis, som en studie for b\u00f8kene han visste han ville skrive n\u00e5r han ble pensjonist. George Manus har oppfylt dr\u00f8mmene sine og har per i dag skrevet <strong>20 b\u00f8ker<\/strong>. I forfatterskapet hans kan man ane det kosmopolitiske, som ikke er tilfeldig. Han har bodd i utlandet og de siste tjue \u00e5rene i S\u00f8r-Spania.<\/p>\n\n\t\t<\/div>\n\t\t\t\t\t<\/div>\n\n\t\n\n<\/div>\n\n\t\t<\/div>\n\t\t\t\t\t<\/div>\n\n\t\n\n<\/div>","protected":false},"excerpt":{"rendered":"","protected":false},"author":1,"featured_media":0,"parent":0,"menu_order":0,"comment_status":"closed","ping_status":"closed","template":"","meta":{"footnotes":""},"class_list":["post-210","page","type-page","status-publish","hentry"],"_links":{"self":[{"href":"https:\/\/georgemanus-books.com\/nb\/wp-json\/wp\/v2\/pages\/210","targetHints":{"allow":["GET"]}}],"collection":[{"href":"https:\/\/georgemanus-books.com\/nb\/wp-json\/wp\/v2\/pages"}],"about":[{"href":"https:\/\/georgemanus-books.com\/nb\/wp-json\/wp\/v2\/types\/page"}],"author":[{"embeddable":true,"href":"https:\/\/georgemanus-books.com\/nb\/wp-json\/wp\/v2\/users\/1"}],"replies":[{"embeddable":true,"href":"https:\/\/georgemanus-books.com\/nb\/wp-json\/wp\/v2\/comments?post=210"}],"version-history":[{"count":2,"href":"https:\/\/georgemanus-books.com\/nb\/wp-json\/wp\/v2\/pages\/210\/revisions"}],"predecessor-version":[{"id":212,"href":"https:\/\/georgemanus-books.com\/nb\/wp-json\/wp\/v2\/pages\/210\/revisions\/212"}],"wp:attachment":[{"href":"https:\/\/georgemanus-books.com\/nb\/wp-json\/wp\/v2\/media?parent=210"}],"curies":[{"name":"wp","href":"https:\/\/api.w.org\/{rel}","templated":true}]}}